{"id":1130,"date":"2015-10-01T12:30:46","date_gmt":"2015-10-01T19:30:46","guid":{"rendered":"http:\/\/sintelsystemspos.com\/?page_id=1130"},"modified":"2015-10-01T13:19:58","modified_gmt":"2015-10-01T20:19:58","slug":"currency-converter","status":"publish","type":"page","link":"https:\/\/sintelsystemspos.com\/de\/currency-converter\/","title":{"rendered":"Currency Converter"},"content":{"rendered":"<p class=\"qtranxs-available-languages-message qtranxs-available-languages-message-de\">Leider ist der Eintrag nur auf <a href=\"https:\/\/sintelsystemspos.com\/en\/wp-json\/wp\/v2\/pages\/1130\" class=\"qtranxs-available-language-link qtranxs-available-language-link-en\" title=\"English\">English<\/a> verf\u00fcgbar. Der Inhalt wird unten in einer verf\u00fcgbaren Sprache angezeigt. Klicken Sie auf den Link, um die aktuelle Sprache zu \u00e4ndern.<\/p><p><!-- Currency Converter Script - EXCHANGERATEWIDGET.COM --><\/p>\n<div style=\"width: 198px; border: 1px solid #1094A5;\">\n<div style=\"text-align: center; background-color: #1094a5; width: 100%; font-size: 13px; font-weight: bold; height: 20px; padding-top: 2px;\"><a style=\"color: #ffffff; text-decoration: none;\" href=\"https:\/\/www.exchangeratewidget.com\/\">Currency Converter<\/a><\/div>\n<p><script src=\"\/\/www.exchangeratewidget.com\/converter.php?l=en&amp;f=USD&amp;t=EUR&amp;a=1&amp;d=CEDFDE&amp;n=FFFFFF&amp;o=000000&amp;v=1\" type=\"text\/javascript\"><\/script><\/p>\n<\/div>\n<p><!-- End of Currency Converter Script --><\/p>","protected":false},"excerpt":{"rendered":"<p>Leider ist der Eintrag nur auf English verf\u00fcgbar. Der Inhalt wird unten in einer verf\u00fcgbaren Sprache angezeigt. Klicken Sie auf den Link, um die aktuelle Sprache zu \u00e4ndern. Currency Converter<\/p>\n","protected":false},"author":1,"featured_media":0,"parent":0,"menu_order":0,"comment_status":"closed","ping_status":"closed","template":"","meta":{"footnotes":""},"class_list":["post-1130","page","type-page","status-publish","czr-hentry"],"_links":{"self":[{"href":"https:\/\/sintelsystemspos.com\/de\/wp-json\/wp\/v2\/pages\/1130","targetHints":{"allow":["GET"]}}],"collection":[{"href":"https:\/\/sintelsystemspos.com\/de\/wp-json\/wp\/v2\/pages"}],"about":[{"href":"https:\/\/sintelsystemspos.com\/de\/wp-json\/wp\/v2\/types\/page"}],"author":[{"embeddable":true,"href":"https:\/\/sintelsystemspos.com\/de\/wp-json\/wp\/v2\/users\/1"}],"replies":[{"embeddable":true,"href":"https:\/\/sintelsystemspos.com\/de\/wp-json\/wp\/v2\/comments?post=1130"}],"version-history":[{"count":4,"href":"https:\/\/sintelsystemspos.com\/de\/wp-json\/wp\/v2\/pages\/1130\/revisions"}],"predecessor-version":[{"id":1134,"href":"https:\/\/sintelsystemspos.com\/de\/wp-json\/wp\/v2\/pages\/1130\/revisions\/1134"}],"wp:attachment":[{"href":"https:\/\/sintelsystemspos.com\/de\/wp-json\/wp\/v2\/media?parent=1130"}],"curies":[{"name":"wp","href":"https:\/\/api.w.org\/{rel}","templated":true}]}}