{"id":1163,"date":"2015-10-05T14:37:37","date_gmt":"2015-10-05T21:37:37","guid":{"rendered":"http:\/\/sintelsystemspos.com\/?page_id=1163"},"modified":"2015-10-05T14:37:37","modified_gmt":"2015-10-05T21:37:37","slug":"helpdesk","status":"publish","type":"page","link":"https:\/\/sintelsystemspos.com\/de\/helpdesk\/","title":{"rendered":"Helpdesk"},"content":{"rendered":"<p class=\"qtranxs-available-languages-message qtranxs-available-languages-message-de\">Leider ist der Eintrag nur auf <a href=\"https:\/\/sintelsystemspos.com\/en\/wp-json\/wp\/v2\/pages\/1163\" class=\"qtranxs-available-language-link qtranxs-available-language-link-en\" title=\"English\">English<\/a> verf\u00fcgbar. Der Inhalt wird unten in einer verf\u00fcgbaren Sprache angezeigt. Klicken Sie auf den Link, um die aktuelle Sprache zu \u00e4ndern.<\/p><p><\/p>\n<table class=\"helpdeskmain\" border=\"0\">\n<tbody>\n<tr>\n<td colspan=\"3\"><span style=\"text-decoration: underline;\"><span style=\"font-size: small;\"><strong>Here are some ways you can get support<\/strong><\/span><\/span><\/td>\n<\/tr>\n<tr>\n<td><span style=\"font-size: small;\"> <img decoding=\"async\" style=\"margin-right: 10px;\" title=\"You may find your answer here!\" src=\"https:\/\/sintelsystemspos.com\/wp-content\/uploads\/2015\/10\/sintel_s_button_support_kbase.jpg\" alt=\"You may find your answer here!\" width=\"160\" height=\"80\" \/><\/span><\/td>\n<td><\/td>\n<td><strong>24 Hour Access to our Knowledge Base<\/strong><br \/>\nSearch the knowledge base and you may just find a quick answer to your question. If you are\u00a0 unable to find your solution you can also submit your question and we will respond with an answer.<\/td>\n<\/tr>\n<tr>\n<td colspan=\"3\">\n<hr \/>\n<\/td>\n<\/tr>\n<tr>\n<td><span style=\"font-size: small;\"><img decoding=\"async\" style=\"margin-right: 10px;\" title=\"Submit a Ticket Online\" src=\"https:\/\/sintelsystemspos.com\/wp-content\/uploads\/2015\/10\/sintel_s_button_support_ticket.jpg\" alt=\"Submit a Ticket Online\" width=\"160\" height=\"80\" \/><\/span><\/td>\n<td><\/td>\n<td><strong>24 Hour Access to our Online Support Team<\/strong><br \/>\nSubmit a ticket online below. Slect the department and get assistance or answers to questions. All you need is your name and email to get started.<\/td>\n<\/tr>\n<tr>\n<td colspan=\"3\">\n<hr \/>\n<\/td>\n<\/tr>\n<tr>\n<td><span style=\"font-size: small;\"><img decoding=\"async\" style=\"margin-right: 10px;\" title=\"Click on the Green &quot;Have Any Questions?&quot; Button of this Page\" src=\"https:\/\/sintelsystemspos.com\/wp-content\/uploads\/2015\/10\/sintel_s_button_support_chat.jpg\" alt=\"Click on the Green &quot;Have Any Questions?&quot; Button of this Page\" width=\"160\" height=\"80\" \/><\/span><\/td>\n<td><\/td>\n<td><strong>24 Hour Access to our Online Support Team<\/strong><br \/>\nThere is always a chat box on almost every page of this website.\u00a0 Click on the chat box to initiate a chat.\u00a0 If a technician is not available at the moment you may leave a message and someone will respond to you once back.<\/td>\n<\/tr>\n<tr>\n<td colspan=\"3\">\n<hr \/>\n<\/td>\n<\/tr>\n<tr>\n<td><span style=\"font-size: small;\"> <img loading=\"lazy\" decoding=\"async\" title=\"Call Technical Support at (972)767-8324\" src=\"https:\/\/sintelsystemspos.com\/wp-content\/uploads\/2015\/10\/sintel_s_button_support_call.jpg\" alt=\"Call Technical Support at (972)767-8324\" width=\"160\" height=\"80\" \/><\/span><\/td>\n<td><\/td>\n<td><strong>7am to 7pm Pacific Time Access to our USA Based Support Team<\/strong><br \/>\nCall our technical support line to reach a technician. For non emergency issues please submit a ticket instead and your will get a quick response.<\/td>\n<\/tr>\n<\/tbody>\n<\/table>\n<p><\/p>","protected":false},"excerpt":{"rendered":"<p>Leider ist der Eintrag nur auf English verf\u00fcgbar. Der Inhalt wird unten in einer verf\u00fcgbaren Sprache angezeigt. Klicken Sie auf den Link, um die aktuelle Sprache zu \u00e4ndern. Here are some ways you can get support 24 Hour Access to our Knowledge Base Search the knowledge base and you may just find a quick answer [&hellip;]<\/p>\n","protected":false},"author":1,"featured_media":0,"parent":0,"menu_order":0,"comment_status":"closed","ping_status":"closed","template":"","meta":{"footnotes":""},"class_list":["post-1163","page","type-page","status-publish","czr-hentry"],"_links":{"self":[{"href":"https:\/\/sintelsystemspos.com\/de\/wp-json\/wp\/v2\/pages\/1163","targetHints":{"allow":["GET"]}}],"collection":[{"href":"https:\/\/sintelsystemspos.com\/de\/wp-json\/wp\/v2\/pages"}],"about":[{"href":"https:\/\/sintelsystemspos.com\/de\/wp-json\/wp\/v2\/types\/page"}],"author":[{"embeddable":true,"href":"https:\/\/sintelsystemspos.com\/de\/wp-json\/wp\/v2\/users\/1"}],"replies":[{"embeddable":true,"href":"https:\/\/sintelsystemspos.com\/de\/wp-json\/wp\/v2\/comments?post=1163"}],"version-history":[{"count":1,"href":"https:\/\/sintelsystemspos.com\/de\/wp-json\/wp\/v2\/pages\/1163\/revisions"}],"predecessor-version":[{"id":1168,"href":"https:\/\/sintelsystemspos.com\/de\/wp-json\/wp\/v2\/pages\/1163\/revisions\/1168"}],"wp:attachment":[{"href":"https:\/\/sintelsystemspos.com\/de\/wp-json\/wp\/v2\/media?parent=1163"}],"curies":[{"name":"wp","href":"https:\/\/api.w.org\/{rel}","templated":true}]}}