{"id":1313,"date":"2015-10-09T11:18:42","date_gmt":"2015-10-09T18:18:42","guid":{"rendered":"http:\/\/sintelsystemspos.com\/?page_id=1313"},"modified":"2015-12-10T13:16:26","modified_gmt":"2015-12-10T21:16:26","slug":"antique-store-pos","status":"publish","type":"page","link":"https:\/\/sintelsystemspos.com\/de\/point-of-sale\/retail-pos\/antique-store-pos\/","title":{"rendered":"Antique Store POS"},"content":{"rendered":"<p class=\"qtranxs-available-languages-message qtranxs-available-languages-message-de\">Leider ist der Eintrag nur auf <a href=\"https:\/\/sintelsystemspos.com\/en\/wp-json\/wp\/v2\/pages\/1313\" class=\"qtranxs-available-language-link qtranxs-available-language-link-en\" title=\"English\">English<\/a> verf\u00fcgbar. Der Inhalt wird unten in einer verf\u00fcgbaren Sprache angezeigt. Klicken Sie auf den Link, um die aktuelle Sprache zu \u00e4ndern.<\/p><p><img fetchpriority=\"high\" decoding=\"async\" class=\"aligncenter size-full wp-image-1476\" src=\"https:\/\/sintelsystemspos.com\/wp-content\/uploads\/2015\/10\/Antique-header-550.jpg\" alt=\"Antique-header-550\" width=\"550\" height=\"169\" srcset=\"https:\/\/sintelsystemspos.com\/wp-content\/uploads\/2015\/10\/Antique-header-550.jpg 550w, https:\/\/sintelsystemspos.com\/wp-content\/uploads\/2015\/10\/Antique-header-550-300x92.jpg 300w\" sizes=\"(max-width: 550px) 100vw, 550px\" \/><\/p>\n<p style=\"text-align: center;\"><span style=\"font-size: 18pt; background-color: #33cccc; color: #ffffff;\"><a style=\"background-color: #33cccc; color: #ffffff;\" href=\"https:\/\/www.sintelsystems.com\/point-of-sale\/retail\/antique-store\/shopby\/5_series\">Buy Now!<\/a><\/span><\/p>\n<p>&nbsp;<\/p>\n<p>Antique Stores are well known to have unique art, furniture, jewelry, decorative objects, and other items created in much earlier period.\u00a0 These articles are collected and valued for their beauty, workmanship, aesthetic, and history. \u00a0The work done by the curator varies widely on the object; it may be from a simple fix to a complete restoration. Depending on how rare and unique the item is, the price might range from inexpensive to very expensive.<br \/>\nIf your store provides customers with the many different types of antiques, Sintel Systems has the best business solutions for you.<br \/>\nPoint of Sale for Antique Retail Store is complete with everything you need to get going. To customize your order, click on the package that best suits your business needs.<\/p>\n<h3>&#8222;Managing your Antique Store has never been EASIER&#8220;<\/h3>\n<p>With our POS software, transactions are processed quickly and accurately. This top-of-the-line software combines simple user interfaces with powerful management tools. Featuring a simple, intuitive back office which does not require hours of labor intensive data entry, entering your menu items can be done in minutes. This in turn makes employee training fast and easy.<\/p>\n<h3>How to select the BEST Antique Store POS System?<\/h3>\n<p>Sintel Systems provides three different complete Antique Store POS systems (see below). These systems include everything you need: Pre-configured Hardware, Pre-installed Software, &amp; Services. Packages are designed based on Ease of Use, Efficiency, Long Term Dependability and Appearance.<\/p>","protected":false},"excerpt":{"rendered":"<p>Leider ist der Eintrag nur auf English verf\u00fcgbar. Der Inhalt wird unten in einer verf\u00fcgbaren Sprache angezeigt. Klicken Sie auf den Link, um die aktuelle Sprache zu \u00e4ndern. Buy Now! &nbsp; Antique Stores are well known to have unique art, furniture, jewelry, decorative objects, and other items created in much earlier period.\u00a0 These articles are [&hellip;]<\/p>\n","protected":false},"author":1,"featured_media":0,"parent":1261,"menu_order":1,"comment_status":"closed","ping_status":"closed","template":"","meta":{"footnotes":""},"class_list":["post-1313","page","type-page","status-publish","czr-hentry"],"_links":{"self":[{"href":"https:\/\/sintelsystemspos.com\/de\/wp-json\/wp\/v2\/pages\/1313","targetHints":{"allow":["GET"]}}],"collection":[{"href":"https:\/\/sintelsystemspos.com\/de\/wp-json\/wp\/v2\/pages"}],"about":[{"href":"https:\/\/sintelsystemspos.com\/de\/wp-json\/wp\/v2\/types\/page"}],"author":[{"embeddable":true,"href":"https:\/\/sintelsystemspos.com\/de\/wp-json\/wp\/v2\/users\/1"}],"replies":[{"embeddable":true,"href":"https:\/\/sintelsystemspos.com\/de\/wp-json\/wp\/v2\/comments?post=1313"}],"version-history":[{"count":6,"href":"https:\/\/sintelsystemspos.com\/de\/wp-json\/wp\/v2\/pages\/1313\/revisions"}],"predecessor-version":[{"id":2847,"href":"https:\/\/sintelsystemspos.com\/de\/wp-json\/wp\/v2\/pages\/1313\/revisions\/2847"}],"up":[{"embeddable":true,"href":"https:\/\/sintelsystemspos.com\/de\/wp-json\/wp\/v2\/pages\/1261"}],"wp:attachment":[{"href":"https:\/\/sintelsystemspos.com\/de\/wp-json\/wp\/v2\/media?parent=1313"}],"curies":[{"name":"wp","href":"https:\/\/api.w.org\/{rel}","templated":true}]}}