{"id":1573,"date":"2015-10-13T12:15:03","date_gmt":"2015-10-13T19:15:03","guid":{"rendered":"http:\/\/sintelsystemspos.com\/?page_id=1573"},"modified":"2016-01-13T17:13:01","modified_gmt":"2016-01-14T01:13:01","slug":"san-francisco-point-of-sale-systems","status":"publish","type":"page","link":"https:\/\/sintelsystemspos.com\/de\/san-francisco-point-of-sale-systems\/","title":{"rendered":"San Francisco Point of Sale Systems"},"content":{"rendered":"<p class=\"qtranxs-available-languages-message qtranxs-available-languages-message-de\">Leider ist der Eintrag nur auf <a href=\"https:\/\/sintelsystemspos.com\/en\/wp-json\/wp\/v2\/pages\/1573\" class=\"qtranxs-available-language-link qtranxs-available-language-link-en\" title=\"English\">English<\/a> verf\u00fcgbar. Der Inhalt wird unten in einer verf\u00fcgbaren Sprache angezeigt. Klicken Sie auf den Link, um die aktuelle Sprache zu \u00e4ndern.<\/p><p><\/p>\n<table style=\"width: 1026px; height: 3104px;\" border=\"0\">\n<tbody>\n<tr>\n<td colspan=\"4\"><img fetchpriority=\"high\" decoding=\"async\" style=\"margin-top: 5px; margin-bottom: 5px;\" title=\"San Francisco Point of sale Systems Hardware Software\" src=\"https:\/\/www.sintelsystems.com\/images\/sanfrancisco4_1.jpg\" alt=\"San Francisco Point of sale Systems Hardware Software\" width=\"981\" height=\"276\" \/><\/td>\n<\/tr>\n<tr>\n<td style=\"width: 100px;\" colspan=\"2\">\n<h3><span style=\"font-size: medium;\">What is the best POS System for my business in San Francisco and the Bay Area?<\/span><\/h3>\n<p style=\"text-align: left;\"><span style=\"font-size: small;\"><strong>\u00a0<\/strong><strong>Sintel Systems!<\/strong> Because we understand San Francisco like no one else. Few others can claim that they have walked most of San Francisco observing and listening to the needs of business owners. San Francisco comes to Sintel Systems because we are your one-stop solutions provider and will be with you all the way. We also see Gelato as art, making Pizza as a trait and Caf\u00e9 as Caffe. We love that in San Francisco lunch is still a past time. Sintel Systems brings that same attitude with great service and POS systems that include the following features to the entire SF Bay Area:<\/span><\/p>\n<\/td>\n<td style=\"width: 10px;\" rowspan=\"5\"><img decoding=\"async\" src=\"https:\/\/www.sintelsystems.com\/images\/Vertical_line.jpg\" alt=\"v-line\" width=\"11\" height=\"1956\" \/><\/td>\n<td style=\"width: 185px;\" rowspan=\"4\"><a title=\"Restaurant POS Packages\" href=\"https:\/\/www.sintelsystems.com\/point-of-sale\/food-service-hospitality\" target=\"_blank\"><img decoding=\"async\" title=\"POS Financing\" src=\"https:\/\/www.sintelsystems.com\/images\/pos\/restaurant\/AsLowAs2.jpg\" alt=\"POS Financing\" width=\"113\" height=\"105\" \/><img loading=\"lazy\" decoding=\"async\" title=\"San Francisco Restaurant POS system\" src=\"https:\/\/www.sintelsystems.com\/images\/pos\/Restaurant_banner.jpg\" alt=\"San Francisco Restaurant POS system\" width=\"185\" height=\"93\" \/><\/a><br \/>\n<a title=\"Retail POS systems\" href=\"https:\/\/www.sintelsystems.com\/point-of-sale\/retail\" target=\"_blank\"><img loading=\"lazy\" decoding=\"async\" title=\"San Francisco Retail POS Point of sale system\" src=\"https:\/\/www.sintelsystems.com\/images\/pos\/Retail_banner.jpg\" alt=\"San Francisco Retail POS Point of sale system\" width=\"184\" height=\"92\" \/><\/a><br \/>\n<a title=\"Gelato and Ice Cream POS System\" href=\"https:\/\/www.sintelsystems.com\/point-of-sale\/food-service\/gelato-ice-cream\" target=\"_blank\"><img loading=\"lazy\" decoding=\"async\" title=\"San Francisco Gelato &amp; ICE Cream Point of sale POS system\" src=\"https:\/\/www.sintelsystems.com\/images\/pos\/Gelato_banner.jpg\" alt=\"San Francisco Gelato &amp; ICE Cream Point of sale POS system\" width=\"185\" height=\"92\" \/><\/a><br \/>\n<a title=\"Coffee Shop POS System\" href=\"https:\/\/www.sintelsystems.com\/point-of-sale\/food-service\/coffee\" target=\"_blank\"><img loading=\"lazy\" decoding=\"async\" title=\"San Francisco Coffee Shop Point of sale POS system\" src=\"https:\/\/www.sintelsystems.com\/images\/pos\/Coffeeshop_banner.jpg\" alt=\"San Francisco Coffee Shop Point of sale POS system\" width=\"185\" height=\"93\" \/><\/a><br \/>\n<a title=\"Frozen Yogurt POS System\" href=\"https:\/\/www.sintelsystems.com\/point-of-sale\/food-service-hospitality\/frozen-yogurt-1\" target=\"_blank\"><img loading=\"lazy\" decoding=\"async\" src=\"https:\/\/www.sintelsystems.com\/images\/pos\/FY_banner.jpg\" alt=\"\" width=\"185\" height=\"93\" \/><\/a><a title=\"Frozen Yogurt Software POS\" href=\"https:\/\/www.sintelsystems.com\/our-software\/frozen-yogurt\/frozen-yogurt-software-pos\" target=\"_blank\"><img loading=\"lazy\" decoding=\"async\" src=\"https:\/\/www.sintelsystems.com\/media\/catalog\/product\/cache\/1\/image\/9df78eab33525d08d6e5fb8d27136e95\/f\/r\/frozen_yogurt.png\" alt=\"Frozen Yogurt Software POS\" width=\"185\" height=\"205\" \/><\/a><a href=\"https:\/\/www.sintelsystems.com\/our-software\/restaurant-software-pos\" target=\"_blank\"><img loading=\"lazy\" decoding=\"async\" title=\"Restaurant POS Software\" src=\"https:\/\/www.sintelsystems.com\/media\/catalog\/product\/cache\/1\/image\/9df78eab33525d08d6e5fb8d27136e95\/r\/e\/restaurant_box.jpg\" alt=\"Restaurant POS Software\" width=\"185\" height=\"205\" \/><\/a><a title=\"Retail POS Software\" href=\"https:\/\/www.sintelsystems.com\/our-software\/retail-software-pos\" target=\"_blank\"><img loading=\"lazy\" decoding=\"async\" title=\"Retail POS Software\" src=\"https:\/\/www.sintelsystems.com\/media\/catalog\/product\/cache\/1\/image\/9df78eab33525d08d6e5fb8d27136e95\/r\/e\/retail.png\" alt=\"Retail POS Software\" width=\"185\" height=\"205\" \/><\/a><a title=\"Request For POS Package Quote\" href=\"https:\/\/www.sintelsystems.com\/contacts\" target=\"_blank\"><img loading=\"lazy\" decoding=\"async\" src=\"https:\/\/www.sintelsystems.com\/images\/QUOTE.jpg\" alt=\"\" width=\"117\" height=\"98\" \/><\/a><a href=\"https:\/\/www.sintelsystems.com\/contacts\" target=\"_blank\"><img loading=\"lazy\" decoding=\"async\" style=\"margin-top: 5px; margin-bottom: 5px;\" title=\"Call Us\" src=\"https:\/\/www.sintelsystems.com\/images\/icon\/call-pos.jpg\" alt=\"Call Us\" width=\"188\" height=\"132\" \/><\/a><\/td>\n<\/tr>\n<tr>\n<td style=\"width: 380px; height: 210px;\">\n<ul class=\"disc\" style=\"margin-bottom: 15px;\">\n<li><span style=\"font-size: small;\"><strong>Easy-to-use &amp; Easy to Customize<\/strong><\/span><\/li>\n<li><span style=\"font-size: small;\"> <strong>Loyalty Point System <\/strong><\/span><\/li>\n<li><span style=\"font-size: small;\"> <strong> Free In-House Gift Card Processing<\/strong><\/span><\/li>\n<li><span style=\"font-size: small;\"> <strong>Integrated Payment Processing<\/strong><\/span><\/li>\n<li><span style=\"font-size: small;\"> <strong>Training mode\/Help desk<\/strong><\/span><\/li>\n<li><span style=\"font-size: small;\"> <strong>Employee time clock &amp; Labor scheduling<\/strong><\/span><\/li>\n<li><span style=\"font-size: small;\"> <strong>Detailed Business Reporting<\/strong><\/span><\/li>\n<li><span style=\"font-size: small;\"><strong>Best Technical Support Service\u00a0<\/strong><\/span><\/li>\n<li><span style=\"font-size: small;\"> <strong>And many <a title=\"POS Full Features\" href=\"https:\/\/www.sintelsystemspos.com\/en\/restaurant-pos-software-features\"><span style=\"text-decoration: underline;\"><em>more&#8230;<\/em><\/span><\/a> features<\/strong><\/span><\/li>\n<\/ul>\n<\/td>\n<td style=\"width: 270px;\"><a title=\"Restaurant POS System - Model E-RS\" href=\"https:\/\/www.sintelsystems.com\/point-of-sale\/food-service-hospitality\/restaurant-pos-point-of-sale\" target=\"_blank\"><img loading=\"lazy\" decoding=\"async\" title=\"POS 5i Best Seller\" src=\"https:\/\/sintelsystemspos.com\/wp-content\/uploads\/2015\/10\/New-5i-bestseller.jpg\" alt=\"POS 5i Best Seller\" width=\"223\" height=\"230\" \/><\/a><\/td>\n<\/tr>\n<tr>\n<td colspan=\"2\">\n<h3>&gt;&gt;&gt; Be the best in San Francisco.<\/h3>\n<p style=\"text-align: left;\"><span style=\"font-size: small;\">Why else Sintel Systems? Because we know San Francisco and its great way of living. All of our staff have traveled to San Francisco and enjoy what it has to offer. If you own a store in San Francisco, chances are you have ran into one of our staff members or already heard of Sintel Systems. Instead of trying to sell, we observe and study every business and understanding the needs. Bet you find no other POS provider knows about <a title=\"Gelato and Ice Cream POS System\" href=\"https:\/\/www.sintelsystems.com\/point-of-sale\/food-service-hospitality\/gelatopos\" target=\"_blank\">Gelato<\/a> and appropriate POS systems as much as we do!<\/span><\/p>\n<\/td>\n<\/tr>\n<tr>\n<td colspan=\"2\" rowspan=\"2\"><strong><span style=\"font-size: small;\">For complete comparison between all POS Systems <span style=\"text-decoration: underline;\"><a title=\"POS Systems comparison\" href=\"https:\/\/www.sintelsystems.com\/Restaurant_POS_Packages_Comparison\" target=\"_blank\">click here<\/a><\/span>. <\/span><\/strong><\/p>\n<p><strong><span style=\"font-size: small;\">What is your specialty in the Bay Area?<\/span><\/strong><\/p>\n<ul class=\"disc\" style=\"margin-bottom: 15px;\">\n<li><span style=\"font-size: small;\">\u00a0 Own a local pub, restaurant, or bar? We recommend the <span style=\"text-decoration: underline;\"><a href=\"https:\/\/www.sintelsystems.com\/point-of-sale\/food-service-hospitality\/restaurant-pos-point-of-sale\" target=\"_blank\">Restaurant E-RS<\/a><\/span><\/span><span style=\"text-decoration: underline;\"><a href=\"https:\/\/www.sintelsystems.com\/point-of-sale\/food-service-hospitality\/restaurant-pos-point-of-sale\" target=\"_blank\"><span style=\"font-size: small;\">\u00a0<\/span><\/a><\/span><span style=\"font-size: small;\"> or see <a href=\"https:\/\/www.sintelsystems.com\/point-of-sale\/food-service-hospitality\" target=\"_blank\"><span style=\"text-decoration: underline;\">All Models<\/span><br \/>\n<\/a><\/span><\/li>\n<li><span style=\"font-size: small;\">\u00a0 Neighborhood market or convenience store? <\/span><span style=\"font-size: small;\">We recommend the<\/span><span style=\"text-decoration: underline;\"><span style=\"font-size: small;\"><a href=\"https:\/\/www.sintelsystems.com\/point-of-sale\/retail\/convenience\" target=\"_blank\">Convenience POS<\/a><\/span><\/span><span style=\"font-size: small;\"> or see <\/span><span style=\"font-size: small;\"><a href=\"https:\/\/www.sintelsystems.com\/point-of-sale\/retail\/pos-conv\" target=\"_blank\"><span style=\"text-decoration: underline;\">All Models<\/span><br \/>\n<\/a><\/span><\/li>\n<li><span style=\"font-size: small;\">\u00a0 One of the City Great Gelato Shops or Gelaterias. We recommend the <span style=\"text-decoration: underline;\"><a href=\"https:\/\/www.sintelsystems.com\/catalog\/product\/view\/id\/79\/category\/170s\" target=\"_blank\">Gelato E-RS<\/a><\/span> or see <span style=\"text-decoration: underline;\"><a href=\"https:\/\/www.sintelsystems.com\/point-of-sale\/food-service-hospitality\/gelatopos\" target=\"_blank\">All Models<\/a><\/span><\/span><\/li>\n<li><span style=\"font-size: small;\">\u00a0 How about a sidewalk Cafe? We recommend the <span style=\"text-decoration: underline;\"><a href=\"https:\/\/www.sintelsystems.com\/catalog\/product\/view\/id\/96\/category\/173\" target=\"_blank\">Coffee Shop E-RS<\/a><\/span> or see <span style=\"text-decoration: underline;\"><a href=\"https:\/\/www.sintelsystems.com\/point-of-sale\/food-service-hospitality\/pos-coffeeshop\" target=\"_blank\">All Models<\/a><\/span><\/span><\/li>\n<li><span style=\"font-size: small;\">\u00a0 For all other Specialties please visit our <span style=\"text-decoration: underline;\"><a href=\"https:\/\/www.sintelsystems.com\/point-of-sale\" target=\"_blank\">Point of Sale Page<\/a><\/span><br \/>\n<\/span><\/li>\n<\/ul>\n<p><span style=\"font-size: small;\">We share San Francisco\u2019s spirit and are fast becoming the first name and last name to call when you want San Francisco style personalized and friendly service.<\/span><\/p>\n<p><span style=\"font-size: small;\"><a href=\"https:\/\/www.sintelsystems.com\/contacts\/\">Contact us<\/a> at <strong>(855)POS-SALES <\/strong>or <strong>(855)767-7253<\/strong> and let one of our technical staff assist you.<\/span><\/p>\n<p><span style=\"color: black;\">About San Francisco: The City of San Francisco dates back to 1776 with the establishment <a title=\"Francis of Assisi\" href=\"https:\/\/en.wikipedia.org\/wiki\/Francis_of_Assisi\" target=\"_blank\"><span style=\"color: black;\">Francis of Assisi<\/span><\/a> mission and of <\/span><span style=\"color: black;\">a fort at the <a title=\"Golden Gate\" href=\"https:\/\/en.wikipedia.org\/wiki\/Golden_Gate\" target=\"_blank\"><span style=\"color: black;\">Golden Gate<\/span><\/a>. The 1849 California Gold rush rapidity increased the size of the City. The earthquake and ensuing <\/span><span style=\"color: black;\"><img loading=\"lazy\" decoding=\"async\" style=\"float: left;\" title=\"San Francisco Flag\" src=\"https:\/\/www.sintelsystems.com\/images\/San_Francisco.png\" alt=\"San Francisco Flag\" width=\"147\" height=\"98\" \/><\/span><span style=\"color: black;\">fire of 1906 damages most of the City and is considered one the Nation\u2019s worst natural disasters. The City quickly rebuilt and <\/span><span style=\"color: black;\">today host millions of residents. They City has a very unique and friendly business environment. Most the City\u2019s businesses are neighborhood operations and are family owned. \u00a0San Francisco businesses can be described as free spirited, but extremely professional and friendly. \u00a0Sintel <\/span><span style=\"color: black;\">Systems shares in and is proud to be part of the City\u2019s tradition. Read more about San Francisco <a title=\"San Francisco\" href=\"https:\/\/en.wikipedia.org\/wiki\/San_Francisco,_California\" target=\"_blank\">here&#8230;<\/a><\/span><\/td>\n<\/tr>\n<tr>\n<td><a title=\"Sintel Systems Facebook page\" href=\"https:\/\/www.facebook.com\/SintelSystemsSanFrancisco\" target=\"_blank\"><strong><img loading=\"lazy\" decoding=\"async\" style=\"vertical-align: middle;\" title=\"Sintel POS Facebook link\" src=\"https:\/\/www.sintelsystems.com\/images\/icon\/facebook.png\" alt=\"Sintel POS Facebook link\" width=\"52\" height=\"52\" \/>Visit Us On Facebook<\/strong><\/a><\/td>\n<\/tr>\n<tr>\n<td style=\"text-align: left;\" colspan=\"4\">\n<hr style=\"height: 3px; width: 875px;\" \/>\n<p>From our<span style=\"text-decoration: underline;\"><a href=\"https:\/\/sintelsystems.com\/wordpress\/\" target=\"_blank\"> Blog<\/a><\/span> :<\/p>\n<h3>What is the best POS System for my business in San Francisco and the Bay Area?<\/h3>\n<p>Sintel Systems! We are not just a point-of-sale POS company, but also a one-stop solutions provider. Why are we the best to deliver high quality products and attentive services to you?\u00a0 Because our Systems include:<\/p>\n<ol style=\"margin-left: 20px; margin-bottom: 10px; list-style-type: decimal;\">\n<li>STAFF Support: The greatest and most dedicated staff anywhere. We don\u2019t have a sales force, we all techies! You\u2019ll love our staff because we are helpful, friendly, and honest. We believe that a living is earned best honestly. We won\u2019t flood you with fine print and we still do a lot of business just on a handshake!<\/li>\n<li>Monitor and control the inventory control, increased and secured processing speed!<\/li>\n<li>Connect with your website.<\/li>\n<li>Gift cards and loyalty programs to attract and keep more of your customers.<\/li>\n<li>Easy customization.<\/li>\n<li>Each POS system has endless features to help you.<\/li>\n<\/ol>\n<p>Increase your efficiency and profits! Be the best in San Francisco.Why else Sintel Systems? Because we know San Francisco and its great way of living. All of our staff have traveled to San Francisco and enjoy what it has to offer. If you own a store in San Francisco, chances are you have ran into one of our staff members or already heard of Sintel Systems. Instead of trying to sell, we observe and study every business and understanding the needs. Bet you find no other POS provider knows about <a title=\"Gelato and Ice Cream POS System\" href=\"https:\/\/www.sintelsystems.com\/point-of-sale\/food-service-hospitality\/gelatopos\" target=\"_blank\">Gelato<\/a> and appropriate POS systems as much as we do!We share San Francisco\u2019s spirit and are fast becoming the first name and last name to call when you want San Francisco style personalized and friendly service.<br \/>\n<a href=\"https:\/\/www.sintelsystems.com\/contacts\/\">Contact us<\/a> at (855)POS-SALES or (855)767-7253 and let one of our technical staff assist you.<\/p>\n<h3>Why is Sintel Systems the best POS in the San Francisco Bay Area?<\/h3>\n<p>Had a call earlier form a customer in the San Francisco Bay Area and first thing he asked was \u201cWhy do you claim to be the best point of sale company in San Francisco?\u201d For those who have experienced us, you know.\u00a0 Not only do we appreciate the trust you put in us, but also the kind manner in which you refer other customers to us. When you refer a business you like to others, you decrease the cost and increase the service for everyone involved. Your referrals allow us to concentrate our resources on our customers instead of advertisements. Remember that we are happy to share in our success with our Referral Program.<\/p>\n<p>So why is<a href=\"https:\/\/www.sintelsystems.com\/\"> Sintel Systems <\/a>for the bay area? Because we understand San Francisco like no one else. Few others can claim that they have walked most of San Francisco and instead of trying to sell to you, we have listened to your specific needs. We take our family vacations in the City and visit. We sit at restaurants along Columbus in North Beach, enjoy the Caf\u00e9s (yes they typically spell it like the Italians) in Cow Hollow, hang out Haight, and get produce at Castro\u2019s Farmer\u2019s Market. San Francisco does it differently and we support it. Its the nations second densest City in the Union, but the big names and corporates have not been able to invade. Most businesses are family run and so are we. We understand that some owners dream of expansion while others just want more time with their families.<\/p>\n<p>So, put your trust in Sintel Systems to help your business grow or make more time to enjoy with the family and understand why Sintel Systems is the best of San Francisco.<\/p>\n<h3>How important is support for my Point of Sale (POS) and credit card processing?<\/h3>\n<p>With the special relationship Sintel System&#8217;s shares with San Francisco, we are in the City very frequently including just this past week. We like to go to San Francisco and the Bay area to visit our customers and make sure they are doing well. Well, that&#8217;s in addition to all the <a title=\"Pizza Point of Sale\" href=\"https:\/\/www.BestPizzaPOS.com\" target=\"_blank\">pizzas<\/a> and <a title=\"Gelato Point of Sale POS\" href=\"https:\/\/www.gelatoPOS.com\" target=\"_blank\">gelatos<\/a> our Point of Sale (POS) customers have to offer. On our way back we typically fly from San Francisco International Airport commonly known as SFO. Interestingly, they have a few good bars and restaurants inside the airport in the terminals. You can always catch something to eat or drink as you wait for your flight.<\/p>\n<p>This time I stopped at one of the great spots to have a quick bite to eat and the first thing I noticed that the staff was using manual credit card slips to charge the guys next to me. I looked over the counter and saw that they had a POS system with credit card processing. Then when it was my turn to order, I got the disclaimer &#8222;Our credit card machine is down and we can only take cash now.&#8220; I had cash on me so, it was no problem. As I sat there over the next 30 minutes, seven of the nine walk in customers did not order as soon as they were told &#8222;cash only.&#8220; With the average ticket of about $20 (airport restaurants are a bit more expensive) that is $140 that walked away in just 30 minutes.<\/p>\n<p>First, I found out that the restaurant had run out of manual credit card slips, so they could not get the information in the right format to charge customers later. Then I found out that they had been trying to reach Aloha for over 3 hours in the middle of the day on Wednesday and were not able to get the support and service they needed as they kept on turning customers away.<\/p>\n<p>So, how important is support for my Point of Sale (POS) and credit card processing? Very!<\/td>\n<\/tr>\n<\/tbody>\n<\/table>\n<p><\/p>","protected":false},"excerpt":{"rendered":"<p>Leider ist der Eintrag nur auf English verf\u00fcgbar. Der Inhalt wird unten in einer verf\u00fcgbaren Sprache angezeigt. Klicken Sie auf den Link, um die aktuelle Sprache zu \u00e4ndern. What is the best POS System for my business in San Francisco and the Bay Area? \u00a0Sintel Systems! Because we understand San Francisco like no one else. [&hellip;]<\/p>\n","protected":false},"author":1,"featured_media":0,"parent":0,"menu_order":0,"comment_status":"closed","ping_status":"closed","template":"","meta":{"footnotes":""},"class_list":["post-1573","page","type-page","status-publish","czr-hentry"],"_links":{"self":[{"href":"https:\/\/sintelsystemspos.com\/de\/wp-json\/wp\/v2\/pages\/1573","targetHints":{"allow":["GET"]}}],"collection":[{"href":"https:\/\/sintelsystemspos.com\/de\/wp-json\/wp\/v2\/pages"}],"about":[{"href":"https:\/\/sintelsystemspos.com\/de\/wp-json\/wp\/v2\/types\/page"}],"author":[{"embeddable":true,"href":"https:\/\/sintelsystemspos.com\/de\/wp-json\/wp\/v2\/users\/1"}],"replies":[{"embeddable":true,"href":"https:\/\/sintelsystemspos.com\/de\/wp-json\/wp\/v2\/comments?post=1573"}],"version-history":[{"count":11,"href":"https:\/\/sintelsystemspos.com\/de\/wp-json\/wp\/v2\/pages\/1573\/revisions"}],"predecessor-version":[{"id":3037,"href":"https:\/\/sintelsystemspos.com\/de\/wp-json\/wp\/v2\/pages\/1573\/revisions\/3037"}],"wp:attachment":[{"href":"https:\/\/sintelsystemspos.com\/de\/wp-json\/wp\/v2\/media?parent=1573"}],"curies":[{"name":"wp","href":"https:\/\/api.w.org\/{rel}","templated":true}]}}