{"id":1616,"date":"2015-10-21T10:17:53","date_gmt":"2015-10-21T17:17:53","guid":{"rendered":"http:\/\/sintelsystemspos.com\/?page_id=1616"},"modified":"2015-12-14T10:22:54","modified_gmt":"2015-12-14T18:22:54","slug":"gift-loyalty-card-mobile-app","status":"publish","type":"page","link":"https:\/\/sintelsystemspos.com\/de\/gift-loyalty-card-mobile-app\/","title":{"rendered":"Gift\/Loyalty Card Mobile App"},"content":{"rendered":"<p class=\"qtranxs-available-languages-message qtranxs-available-languages-message-de\">Leider ist der Eintrag nur auf <a href=\"https:\/\/sintelsystemspos.com\/en\/wp-json\/wp\/v2\/pages\/1616\" class=\"qtranxs-available-language-link qtranxs-available-language-link-en\" title=\"English\">English<\/a> verf\u00fcgbar. Der Inhalt wird unten in einer verf\u00fcgbaren Sprache angezeigt. Klicken Sie auf den Link, um die aktuelle Sprache zu \u00e4ndern.<\/p><p><\/p>\n<table>\n<tbody>\n<tr>\n<td><span style=\"font-size: 16pt;\">Turn your Gift and\/or Loyalty Cards into a virtual Card and get the following benefits:<\/span><\/p>\n<p style=\"padding-left: 30px;\"><span style=\"font-size: 14pt;\">\u2714 Barcode or QR code for payment<\/span><\/p>\n<p style=\"padding-left: 30px;\"><span style=\"font-size: 14pt;\">\u2714 Register multiple cards<\/span><\/p>\n<p style=\"padding-left: 30px;\"><span style=\"font-size: 14pt;\">\u2714 Check Balance<\/span><\/p>\n<p style=\"padding-left: 30px;\"><span style=\"font-size: 14pt;\">\u2714 Transfer balances between cards<\/span><\/p>\n<p style=\"padding-left: 30px;\"><span style=\"font-size: 14pt;\">\u2714Check your transaction history<\/span><\/p>\n<p style=\"padding-left: 30px;\"><span style=\"font-size: 14pt;\">\u2714 Report lost or stolen card<\/span><\/p>\n<p style=\"padding-left: 30px;\"><span style=\"font-size: 14pt;\">\u2714 Reload<\/span><\/p>\n<p style=\"padding-left: 30px;\"><span style=\"font-size: 14pt;\">\u2714 eGift<\/span><\/p>\n<\/td>\n<td><img fetchpriority=\"high\" decoding=\"async\" class=\"aligncenter size-full wp-image-1668\" src=\"https:\/\/sintelsystemspos.com\/wp-content\/uploads\/2015\/10\/Mobile-App-copy.png\" alt=\"Mobile App copy\" width=\"504\" height=\"576\" srcset=\"https:\/\/sintelsystemspos.com\/wp-content\/uploads\/2015\/10\/Mobile-App-copy.png 504w, https:\/\/sintelsystemspos.com\/wp-content\/uploads\/2015\/10\/Mobile-App-copy-263x300.png 263w\" sizes=\"(max-width: 504px) 100vw, 504px\" \/><\/td>\n<\/tr>\n<\/tbody>\n<\/table>\n\n\t\t<style type=\"text\/css\">\n\t\t\t#gallery-1 {\n\t\t\t\tmargin: auto;\n\t\t\t}\n\t\t\t#gallery-1 .gallery-item {\n\t\t\t\tfloat: left;\n\t\t\t\tmargin-top: 10px;\n\t\t\t\ttext-align: center;\n\t\t\t\twidth: 25%;\n\t\t\t}\n\t\t\t#gallery-1 img {\n\t\t\t\tborder: 2px solid #cfcfcf;\n\t\t\t}\n\t\t\t#gallery-1 .gallery-caption {\n\t\t\t\tmargin-left: 0;\n\t\t\t}\n\t\t\t\/* see gallery_shortcode() in wp-includes\/media.php *\/\n\t\t<\/style>\n\t\t<div id='gallery-1' class='gallery galleryid-1616 gallery-columns-4 gallery-size-medium'><dl class='gallery-item'>\n\t\t\t<dt class='gallery-icon portrait'>\n\t\t\t\t<a class=\"grouped_elements\" rel=\"tc-fancybox-group\" href=\"https:\/\/sintelsystemspos.com\/wp-content\/uploads\/2015\/10\/FlexGift11.jpeg\" title=\"FlexGift1\"><img decoding=\"async\" width=\"175\" height=\"300\" src=\"https:\/\/sintelsystemspos.com\/wp-content\/uploads\/2015\/10\/FlexGift11-175x300.jpeg\" class=\"attachment-medium size-medium\" alt=\"\" srcset=\"https:\/\/sintelsystemspos.com\/wp-content\/uploads\/2015\/10\/FlexGift11-175x300.jpeg 175w, https:\/\/sintelsystemspos.com\/wp-content\/uploads\/2015\/10\/FlexGift11.jpeg 322w\" sizes=\"(max-width: 175px) 100vw, 175px\" \/><\/a>\n\t\t\t<\/dt>\n\t\t\t\t<dd class='wp-caption-text gallery-caption' id='gallery-1-1635'>\n\t\t\t\tSign In\n\t\t\t\t<\/dd><\/dl><dl class='gallery-item'>\n\t\t\t<dt class='gallery-icon portrait'>\n\t\t\t\t<a class=\"grouped_elements\" rel=\"tc-fancybox-group\" href=\"https:\/\/sintelsystemspos.com\/wp-content\/uploads\/2015\/10\/FlexGift51.png\" title=\"FlexGift5\"><img decoding=\"async\" width=\"169\" height=\"300\" src=\"https:\/\/sintelsystemspos.com\/wp-content\/uploads\/2015\/10\/FlexGift51-169x300.png\" class=\"attachment-medium size-medium\" alt=\"\" srcset=\"https:\/\/sintelsystemspos.com\/wp-content\/uploads\/2015\/10\/FlexGift51-169x300.png 169w, https:\/\/sintelsystemspos.com\/wp-content\/uploads\/2015\/10\/FlexGift51.png 360w\" sizes=\"(max-width: 169px) 100vw, 169px\" \/><\/a>\n\t\t\t<\/dt>\n\t\t\t\t<dd class='wp-caption-text gallery-caption' id='gallery-1-1638'>\n\t\t\t\tScan Barcode off your Phone\n\t\t\t\t<\/dd><\/dl><dl class='gallery-item'>\n\t\t\t<dt class='gallery-icon portrait'>\n\t\t\t\t<a class=\"grouped_elements\" rel=\"tc-fancybox-group\" href=\"https:\/\/sintelsystemspos.com\/wp-content\/uploads\/2015\/10\/FlexGift21.jpeg\" title=\"FlexGift2\"><img loading=\"lazy\" decoding=\"async\" width=\"175\" height=\"300\" src=\"https:\/\/sintelsystemspos.com\/wp-content\/uploads\/2015\/10\/FlexGift21-175x300.jpeg\" class=\"attachment-medium size-medium\" alt=\"\" srcset=\"https:\/\/sintelsystemspos.com\/wp-content\/uploads\/2015\/10\/FlexGift21-175x300.jpeg 175w, https:\/\/sintelsystemspos.com\/wp-content\/uploads\/2015\/10\/FlexGift21.jpeg 322w\" sizes=\"(max-width: 175px) 100vw, 175px\" \/><\/a>\n\t\t\t<\/dt>\n\t\t\t\t<dd class='wp-caption-text gallery-caption' id='gallery-1-1636'>\n\t\t\t\tTransfer Balance\n\t\t\t\t<\/dd><\/dl><dl class='gallery-item'>\n\t\t\t<dt class='gallery-icon portrait'>\n\t\t\t\t<a class=\"grouped_elements\" rel=\"tc-fancybox-group\" href=\"https:\/\/sintelsystemspos.com\/wp-content\/uploads\/2015\/10\/FlexGift41.png\" title=\"FlexGift4\"><img loading=\"lazy\" decoding=\"async\" width=\"169\" height=\"300\" src=\"https:\/\/sintelsystemspos.com\/wp-content\/uploads\/2015\/10\/FlexGift41-169x300.png\" class=\"attachment-medium size-medium\" alt=\"\" srcset=\"https:\/\/sintelsystemspos.com\/wp-content\/uploads\/2015\/10\/FlexGift41-169x300.png 169w, https:\/\/sintelsystemspos.com\/wp-content\/uploads\/2015\/10\/FlexGift41.png 360w\" sizes=\"(max-width: 169px) 100vw, 169px\" \/><\/a>\n\t\t\t<\/dt>\n\t\t\t\t<dd class='wp-caption-text gallery-caption' id='gallery-1-1637'>\n\t\t\t\tRegister your Card\n\t\t\t\t<\/dd><\/dl><br style=\"clear: both\" \/>\n\t\t<\/div>\n\n<p>&nbsp;<\/p>\n<p><span style=\"font-size: 14pt;\">Sintel Systems mobile app is completely\u00a0user-friendly. Patrons can now ditch the physical card and redeem gifts or loyalty points via the app, which is available for both Android and Apple devices.\u00a0Gift\/loyalty cards are conveniently transferred onto the mobile app by imputing the card number, thus making the card accessible with just the touch of a finger.<\/span><\/p>\n<p>&nbsp;<\/p>\n<p>&nbsp;<\/p>\n<p style=\"text-align: center;\"><span style=\"font-size: 20pt;\"><span style=\"color: #800000;\">Download Here:<\/span><\/span><\/p>\n<p style=\"text-align: center;\"><a href=\"https:\/\/itunes.apple.com\/us\/app\/flexgift\/id980911246?mt=8\" target=\"_blank\"><img loading=\"lazy\" decoding=\"async\" src=\"https:\/\/sintelsystemspos.com\/wp-content\/uploads\/2015\/10\/apple-store-logo.png\" alt=\"FlexGift Apple Store\" width=\"230\" height=\"76\" \/><\/a>\u00a0\u00a0\u00a0 <a href=\"https:\/\/play.google.com\/store\/apps\/details?id=com.ums.flexgift&amp;hl=en\" target=\"_blank\"><img loading=\"lazy\" decoding=\"async\" src=\"https:\/\/sintelsystemspos.com\/wp-content\/uploads\/2015\/10\/Android_App_Store_Logo.jpg\" alt=\"FlexGift Android\" width=\"230\" height=\"75\" \/><\/a><\/p>\n<p><\/p>","protected":false},"excerpt":{"rendered":"<p>Leider ist der Eintrag nur auf English verf\u00fcgbar. Der Inhalt wird unten in einer verf\u00fcgbaren Sprache angezeigt. Klicken Sie auf den Link, um die aktuelle Sprache zu \u00e4ndern. Turn your Gift and\/or Loyalty Cards into a virtual Card and get the following benefits: \u2714 Barcode or QR code for payment \u2714 Register multiple cards \u2714 [&hellip;]<\/p>\n","protected":false},"author":1,"featured_media":0,"parent":0,"menu_order":0,"comment_status":"closed","ping_status":"closed","template":"","meta":{"footnotes":""},"class_list":["post-1616","page","type-page","status-publish","czr-hentry"],"_links":{"self":[{"href":"https:\/\/sintelsystemspos.com\/de\/wp-json\/wp\/v2\/pages\/1616","targetHints":{"allow":["GET"]}}],"collection":[{"href":"https:\/\/sintelsystemspos.com\/de\/wp-json\/wp\/v2\/pages"}],"about":[{"href":"https:\/\/sintelsystemspos.com\/de\/wp-json\/wp\/v2\/types\/page"}],"author":[{"embeddable":true,"href":"https:\/\/sintelsystemspos.com\/de\/wp-json\/wp\/v2\/users\/1"}],"replies":[{"embeddable":true,"href":"https:\/\/sintelsystemspos.com\/de\/wp-json\/wp\/v2\/comments?post=1616"}],"version-history":[{"count":23,"href":"https:\/\/sintelsystemspos.com\/de\/wp-json\/wp\/v2\/pages\/1616\/revisions"}],"predecessor-version":[{"id":2875,"href":"https:\/\/sintelsystemspos.com\/de\/wp-json\/wp\/v2\/pages\/1616\/revisions\/2875"}],"wp:attachment":[{"href":"https:\/\/sintelsystemspos.com\/de\/wp-json\/wp\/v2\/media?parent=1616"}],"curies":[{"name":"wp","href":"https:\/\/api.w.org\/{rel}","templated":true}]}}