{"id":1678,"date":"2015-10-24T13:20:24","date_gmt":"2015-10-24T20:20:24","guid":{"rendered":"http:\/\/sintelsystemspos.com\/?page_id=1678"},"modified":"2015-11-18T12:22:11","modified_gmt":"2015-11-18T20:22:11","slug":"must-read-pos-articles","status":"publish","type":"page","link":"https:\/\/sintelsystemspos.com\/de\/must-read-pos-articles\/","title":{"rendered":"Must Read POS Articles"},"content":{"rendered":"<p class=\"qtranxs-available-languages-message qtranxs-available-languages-message-de\">Leider ist der Eintrag nur auf <a href=\"https:\/\/sintelsystemspos.com\/en\/wp-json\/wp\/v2\/pages\/1678\" class=\"qtranxs-available-language-link qtranxs-available-language-link-en\" title=\"English\">English<\/a> verf\u00fcgbar. Der Inhalt wird unten in einer verf\u00fcgbaren Sprache angezeigt. Klicken Sie auf den Link, um die aktuelle Sprache zu \u00e4ndern.<\/p><p><\/p>\n<h2>Frozen Yogurt<\/h2>\n<p><a href=\"https:\/\/sintelsystemspos.com\/frozen-yogurt-pos-how-many-pos-terminals-do-i-need-for-success-2\/\" target=\"_blank\">Frozen Yogurt POS: How Many POS Terminals Do I Need for Success?<\/a><\/p>\n<p>&nbsp;<\/p>\n<h2>Hardware<\/h2>\n<p><a href=\"https:\/\/sintelsystemspos.com\/cant-touch-this-durability-a-weak-link-in-mobile-point-of-sale-2\/\" target=\"_blank\">Can\u2019t Touch This: Durability A Weak Link in Mobile Point of Sal<\/a><\/p>\n<p><a href=\"https:\/\/www.sintelsystems.com\/blog\/2015\/06\/24\/855-pos-sale-how-soon-should-i-buy-a-pos-system-2\/\" target=\"_blank\">855-POS-Sale How Soon<\/a><a href=\"https:\/\/sintelsystemspos.com\/855-pos-sale-how-soon-should-i-buy-a-pos-system\/\" target=\"_blank\"> Should<\/a><a href=\"https:\/\/www.sintelsystems.com\/blog\/2015\/06\/24\/855-pos-sale-how-soon-should-i-buy-a-pos-system-2\/\" target=\"_blank\"> I Buy A POS System<\/a><\/p>\n<p><a href=\"https:\/\/sintelsystemspos.com\/sintel-systems-restaurant-point-of-sale-hardware\/\" target=\"_blank\">Sintel Systems Restaurant Point of Sale Hardware<\/a><\/p>\n<p><a href=\"https:\/\/sintelsystemspos.com\/tablet-point-of-sale-systems-by-sintel-systems\/\" target=\"_blank\">Tablet Point of Sale Systems by Sintel Systems<\/a><\/p>\n<p>&nbsp;<\/p>\n<h2>Gift\/Loyalty Cards<\/h2>\n<p><a href=\"https:\/\/sintelsystemspos.com\/gift-loyalty-card-benefits-versus-liabilities\/\" target=\"_blank\">Gift &amp; Loyalty Card: Benefits Vs Liabilities <\/a><\/p>\n<p><a href=\"https:\/\/sintelsystemspos.com\/benefits-of-registering-gift-cards-with-customer-information\/\" target=\"_blank\">Benefits of Registering Gift Cards with Customer Information! <\/a><\/p>\n<p><a href=\"https:\/\/sintelsystemspos.com\/sintel-systems-pos-mobile-app-coming-soon\/\" target=\"_blank\">Sintel Systems Mobile POS App Coming Soon<\/a><\/p>\n<p>&nbsp;<\/p>\n<h2>Technical Support<\/h2>\n<p><a href=\"https:\/\/sintelsystemspos.com\/biggest-attacks-include-pos-hacks\/\" target=\"_blank\">Biggest Attacks Include POS Hacks <\/a><\/p>\n<p><a href=\"https:\/\/sintelsystemspos.com\/what-does-sintel-systems-technical-support-cover\/\" target=\"_blank\">What does Sintel Systems Technical Support Cover?<\/a><\/p>\n<p><a href=\"https:\/\/sintelsystemspos.com\/why-is-pos-technical-support-needed\/\" target=\"_blank\">Why is Technical Support Needed?<\/a><\/p>\n<p><a href=\"https:\/\/sintelsystemspos.com\/best-practices-for-securing-the-point-of-sale\/\" target=\"_blank\">Best practices for securing the point of sale <\/a><\/p>\n<p><a href=\"https:\/\/sintelsystemspos.com\/sales-tax-time-calculated-tax-on-total-sales-dont-match-tax-collected\/\" target=\"_blank\">Sales Tax Time: Calculated Tax on Total Sales Don\u2019t Match Tax Collected <\/a><\/p>","protected":false},"excerpt":{"rendered":"<p>Leider ist der Eintrag nur auf English verf\u00fcgbar. Der Inhalt wird unten in einer verf\u00fcgbaren Sprache angezeigt. Klicken Sie auf den Link, um die aktuelle Sprache zu \u00e4ndern. Frozen Yogurt Frozen Yogurt POS: How Many POS Terminals Do I Need for Success? &nbsp; Hardware Can\u2019t Touch This: Durability A Weak Link in Mobile Point of [&hellip;]<\/p>\n","protected":false},"author":1,"featured_media":0,"parent":0,"menu_order":0,"comment_status":"closed","ping_status":"closed","template":"","meta":{"footnotes":""},"class_list":["post-1678","page","type-page","status-publish","czr-hentry"],"_links":{"self":[{"href":"https:\/\/sintelsystemspos.com\/de\/wp-json\/wp\/v2\/pages\/1678","targetHints":{"allow":["GET"]}}],"collection":[{"href":"https:\/\/sintelsystemspos.com\/de\/wp-json\/wp\/v2\/pages"}],"about":[{"href":"https:\/\/sintelsystemspos.com\/de\/wp-json\/wp\/v2\/types\/page"}],"author":[{"embeddable":true,"href":"https:\/\/sintelsystemspos.com\/de\/wp-json\/wp\/v2\/users\/1"}],"replies":[{"embeddable":true,"href":"https:\/\/sintelsystemspos.com\/de\/wp-json\/wp\/v2\/comments?post=1678"}],"version-history":[{"count":3,"href":"https:\/\/sintelsystemspos.com\/de\/wp-json\/wp\/v2\/pages\/1678\/revisions"}],"predecessor-version":[{"id":2051,"href":"https:\/\/sintelsystemspos.com\/de\/wp-json\/wp\/v2\/pages\/1678\/revisions\/2051"}],"wp:attachment":[{"href":"https:\/\/sintelsystemspos.com\/de\/wp-json\/wp\/v2\/media?parent=1678"}],"curies":[{"name":"wp","href":"https:\/\/api.w.org\/{rel}","templated":true}]}}