{"id":1777,"date":"2015-11-02T13:24:38","date_gmt":"2015-11-02T21:24:38","guid":{"rendered":"http:\/\/sintelsystemspos.com\/?page_id=1777"},"modified":"2015-11-02T13:43:48","modified_gmt":"2015-11-02T21:43:48","slug":"chineserestaurant1systemspecial","status":"publish","type":"page","link":"https:\/\/sintelsystemspos.com\/de\/chineserestaurant1systemspecial\/","title":{"rendered":""},"content":{"rendered":"<p class=\"qtranxs-available-languages-message qtranxs-available-languages-message-de\">Leider ist der Eintrag nur auf <a href=\"https:\/\/sintelsystemspos.com\/en\/wp-json\/wp\/v2\/pages\/1777\" class=\"qtranxs-available-language-link qtranxs-available-language-link-en\" title=\"English\">English<\/a> und <a href=\"https:\/\/sintelsystemspos.com\/es\/wp-json\/wp\/v2\/pages\/1777\" class=\"qtranxs-available-language-link qtranxs-available-language-link-es\" title=\"Espa\u00f1ol\">Espa\u00f1ol<\/a> verf\u00fcgbar. Der Inhalt wird in der Standard-Sprache dieser Website angezeigt. Sie k\u00f6nnen einen Link anklicken, um zu einer anderen verf\u00fcgbaren Sprache zu wechseln.<\/p><p><img fetchpriority=\"high\" decoding=\"async\" class=\" size-full wp-image-55 aligncenter\" src=\"http:\/\/chinesefoodpointofsale.com\/wp-content\/uploads\/2015\/01\/ChiseRestaurantHeaderWebSite.jpg.png\" alt=\"ChiseRestaurantHeaderWebSite.jpg\" width=\"700\" height=\"161\" \/><br \/>\n<img decoding=\"async\" class=\" size-large wp-image-40 aligncenter\" src=\"http:\/\/chinesefoodpointofsale.com\/wp-content\/uploads\/2015\/01\/RestPOSinChinese-1024x236.png\" alt=\"RestPOSinChinese\" width=\"700\" height=\"161\" \/><\/p>\n<p><img decoding=\"async\" class=\"aligncenter wp-image-98 size-full\" src=\"http:\/\/chinesefoodpointofsale.com\/wp-content\/uploads\/2015\/07\/ChineseFood1POS.jpg\" alt=\"\" width=\"700\" height=\"1100\" \/><\/p>\n<p style=\"text-align: center;\"><a href=\"https:\/\/sintelsystemspos.com\/en\/chineserestaurant2systemspecial\/\"><strong><span style=\"color: #ff0000;\">2 Terminal Package Deal Click Here<\/span><\/strong><\/a><\/p>\n<p><img loading=\"lazy\" decoding=\"async\" class=\" size-full wp-image-64 aligncenter\" src=\"http:\/\/chinesefoodpointofsale.com\/wp-content\/uploads\/2015\/01\/topcenter.jpg\" alt=\"topcenter\" width=\"570\" height=\"156\" \/><\/p>\n<p><a title=\"POS System Live Demo\" href=\"http:\/\/chinesefoodpointofsale.com\/go\/landingpage\/?lp-variation-id=4\" target=\"_blank\"><img loading=\"lazy\" decoding=\"async\" class=\" size-full wp-image-65 alignleft\" src=\"http:\/\/chinesefoodpointofsale.com\/wp-content\/uploads\/2015\/01\/LiveDemo.jpg\" alt=\"LiveDemo\" width=\"330\" height=\"156\" \/><\/a><a title=\"POS Demo\" href=\"https:\/\/www.sintelsystems.com\/blog\/2015\/01\/16\/restaurant-pos-point-sale-demo-video\/\" target=\"_blank\"><img loading=\"lazy\" decoding=\"async\" class=\"size-full wp-image-66 alignright\" src=\"http:\/\/chinesefoodpointofsale.com\/wp-content\/uploads\/2015\/01\/WatchDemo.jpg\" alt=\"WatchDemo\" width=\"330\" height=\"156\" \/><\/a><\/p>\n<p><a title=\"POS Request Call Back\" href=\"http:\/\/chinesefoodpointofsale.com\/go\/landingpage\/?lp-variation-id=2\" target=\"_blank\"><img loading=\"lazy\" decoding=\"async\" class=\" size-full wp-image-68 alignleft\" src=\"http:\/\/chinesefoodpointofsale.com\/wp-content\/uploads\/2015\/01\/CallBack.jpg\" alt=\"CallBack\" width=\"330\" height=\"156\" \/><\/a><a title=\"POS Software Feautures\" href=\"http:\/\/chinesefoodpointofsale.com\/go\/landingpage\/?lp-variation-id=3\" target=\"_blank\"><img loading=\"lazy\" decoding=\"async\" class=\"size-full wp-image-69 alignright\" src=\"http:\/\/chinesefoodpointofsale.com\/wp-content\/uploads\/2015\/01\/SoftwareFeatures.jpg\" alt=\"SoftwareFeatures\" width=\"330\" height=\"156\" \/><\/a><\/p>\n<p>&nbsp;<\/p>\n<p>&nbsp;<\/p>\n<p>&nbsp;<\/p>\n<p>&nbsp;<\/p>\n<p>&nbsp;<\/p>\n<p>&nbsp;<\/p>\n<p>&nbsp;<\/p>\n<p>&nbsp;<\/p>\n<p>&nbsp;<\/p>\n<p><img loading=\"lazy\" decoding=\"async\" class=\" size-full wp-image-70 aligncenter\" src=\"http:\/\/chinesefoodpointofsale.com\/wp-content\/uploads\/2015\/01\/BestSupport.jpg\" alt=\"BestSupport\" width=\"482\" height=\"156\" \/><\/p>\n<div class=\"questions\">\n<p>&nbsp;<\/p>\n<p>Chinese cuisine has become a favorite ethnic food appealing to millions of people across the world. Almost everyone enjoys Chinese food daily. It offers dishes that are known to be some of the tastiest, most affordable and distinctive in the world that brings a unique flavor to the table. From sweet and sour to spicy, from chicken to beef to pork, there is a huge variety of dishes served that please everyone\u2019s taste.<br \/>\nChinese food has long been available in a form that suits the American taste, as well as in varieties that more closely resemble the various cuisines actually served in China and in Chinese communities around the world. Restaurants in large cities like New York and San Francisco, may serve both American and Chinese food, so people can enjoy the best of both worlds at the same restaurant.<br \/>\nWhile Chinese Food restaurants rise to meet the demands of their customers, the Point of Sale industry increases development to meet the demands of the restaurants. In a business catering to millions of people, having up-to-date POS technology is vital.<\/p>\n<p><strong>&#8222;Managing your Chinese Food Restaurant has never been EASIER&#8220;<\/strong><\/p>\n<p>With our POS software, transactions are processed quickly and accurately. This top-of-the-line software combines simple user interfaces with powerful management tools. Featuring a simple, intuitive back office which does not require hours of labor intensive data entry, entering your menu items can be done in minutes. This in turn makes employee training fast and easy.<\/p>\n<p><strong>How to select the BEST Chinese Food POS System?<\/strong><\/p>\n<p>Sintel Systems provides three different complete Chinese Food POS Systems (see below). These systems include everything you need: Pre-configured Hardware, Pre-installed Software, &amp; Customer Service. Packages are designed based on Ease of Use, Efficiency, Long Term Dependability and Appearance.<\/p>\n<\/div>\n<p><iframe src=\"\/\/www.youtube.com\/embed\/R44KX5NG1Yg?rel=0;autoplay=1&amp;cc_load_policy=1\" width=\"710\" height=\"580\" frameborder=\"0\" allowfullscreen=\"allowfullscreen\"><\/iframe><\/p>\n<p><!--Start of Zopim Live Chat Script--><br \/>\n<script type=\"text\/javascript\">\/\/ <![CDATA[\nwindow.$zopim||(function(d,s){var z=$zopim=function(c){z._.push(c)},$=z.s= d.createElement(s),e=d.getElementsByTagName(s)[0];z.set=function(o){z.set. _.push(o)};z._=[];z.set._=[];$.async=!0;$.setAttribute(\"charset\",\"utf-8\"); $.src=\"\/\/v2.zopim.com\/?g7BitWzb0jeLkWYh5wyCCioJvXaUZOfG\";z.t=+new Date;$. type=\"text\/javascript\";e.parentNode.insertBefore($,e)})(document,\"script\");\n\/\/ ]]><\/script><br \/>\n<!--End of Zopim Live Chat Script--><\/p>","protected":false},"excerpt":{"rendered":"<p>Leider ist der Eintrag nur auf English und Espa\u00f1ol verf\u00fcgbar. Der Inhalt wird in der Standard-Sprache dieser Website angezeigt. Sie k\u00f6nnen einen Link anklicken, um zu einer anderen verf\u00fcgbaren Sprache zu wechseln. 2 Terminal Package Deal Click Here &nbsp; &nbsp; &nbsp; &nbsp; &nbsp; &nbsp; &nbsp; &nbsp; &nbsp; &nbsp; Chinese cuisine has become a favorite ethnic [&hellip;]<\/p>\n","protected":false},"author":1,"featured_media":0,"parent":0,"menu_order":0,"comment_status":"closed","ping_status":"closed","template":"","meta":{"footnotes":""},"class_list":["post-1777","page","type-page","status-publish","czr-hentry"],"_links":{"self":[{"href":"https:\/\/sintelsystemspos.com\/de\/wp-json\/wp\/v2\/pages\/1777","targetHints":{"allow":["GET"]}}],"collection":[{"href":"https:\/\/sintelsystemspos.com\/de\/wp-json\/wp\/v2\/pages"}],"about":[{"href":"https:\/\/sintelsystemspos.com\/de\/wp-json\/wp\/v2\/types\/page"}],"author":[{"embeddable":true,"href":"https:\/\/sintelsystemspos.com\/de\/wp-json\/wp\/v2\/users\/1"}],"replies":[{"embeddable":true,"href":"https:\/\/sintelsystemspos.com\/de\/wp-json\/wp\/v2\/comments?post=1777"}],"version-history":[{"count":9,"href":"https:\/\/sintelsystemspos.com\/de\/wp-json\/wp\/v2\/pages\/1777\/revisions"}],"predecessor-version":[{"id":1789,"href":"https:\/\/sintelsystemspos.com\/de\/wp-json\/wp\/v2\/pages\/1777\/revisions\/1789"}],"wp:attachment":[{"href":"https:\/\/sintelsystemspos.com\/de\/wp-json\/wp\/v2\/media?parent=1777"}],"curies":[{"name":"wp","href":"https:\/\/api.w.org\/{rel}","templated":true}]}}