{"id":2533,"date":"2015-12-03T11:48:30","date_gmt":"2015-12-03T19:48:30","guid":{"rendered":"http:\/\/sintelsystemspos.com\/?page_id=2533"},"modified":"2015-12-03T11:54:17","modified_gmt":"2015-12-03T19:54:17","slug":"restaurant-pos-software-features","status":"publish","type":"page","link":"https:\/\/sintelsystemspos.com\/de\/restaurant-pos-software-features\/","title":{"rendered":"Restaurant POS Software Features"},"content":{"rendered":"<p class=\"qtranxs-available-languages-message qtranxs-available-languages-message-de\">Leider ist der Eintrag nur auf <a href=\"https:\/\/sintelsystemspos.com\/en\/wp-json\/wp\/v2\/pages\/2533\" class=\"qtranxs-available-language-link qtranxs-available-language-link-en\" title=\"English\">English<\/a> verf\u00fcgbar. Der Inhalt wird unten in einer verf\u00fcgbaren Sprache angezeigt. Klicken Sie auf den Link, um die aktuelle Sprache zu \u00e4ndern.<\/p><p><\/p>\n<table>\n<tbody>\n<tr>\n<td><strong>Restaurant POS Software<\/strong><br \/>\nQuickserve Mode &#8211; To go OrdersDine in Mode &#8211; Eat in OrdersSend orders to a KDS or Kitchen PrinterPowerful Menu and Table Layout Tool<\/p>\n<p>Easy-to-set-up Menu Modifiers<\/p>\n<p>Customizable Quick Serve Mode<\/p>\n<p>Catering Options<\/p>\n<p>Integrated Gift \/ Loyalty Program<\/p>\n<p>Multiple Stations Share Data in Real Time<\/p>\n<p>Delivery Mode<\/p>\n<p>Bar Tab Mode<\/p>\n<p>Catering Mode &#8211; For future Events or Orders<\/p>\n<p>Caller ID &#8211; Perfect for Delivery Orders\/pre&gt;<\/p>\n<p>Powerful and Easy Back Office Tools<\/p>\n<p>Easy Customizable Menu and Table layout<\/p>\n<p>Ability to Integrate with any Merchant Payment Processor<\/p>\n<p>Daily Auto Database Backup<\/p>\n<p>NTEP Certified<\/p>\n<p>Auto\/Manual Database Backup<\/p>\n<p>Restore Function<\/p>\n<p>Manage Multi-Store \/ Multi Locations with Back Office Software<\/p>\n<p>&nbsp;<\/p>\n<p><strong>Customer Tracking<\/strong><\/p>\n<p>Customer Information<\/p>\n<p>Transaction History<\/p>\n<p>Real Time Customer Management<\/p>\n<p>&nbsp;<\/p>\n<p><strong>Inventory<\/strong><\/p>\n<p>Real-time Inventory Tracking<\/p>\n<p>&nbsp;<\/p>\n<p><strong>Employees\/Security<\/strong><\/p>\n<p>Password Protection<\/p>\n<p>Multiple Security Levels<\/p>\n<p>Clock In\/Clock Out<\/p>\n<p>&nbsp;<\/p>\n<p><strong>Reporting<\/strong><\/p>\n<p>Product Sales<\/p>\n<p>Physical Inventory<\/p>\n<p>Auto Feature to Send Reports to an E-mail<\/p>\n<p>&nbsp;<\/p>\n<p><strong>Report Customization<\/strong><\/p>\n<p>By Range of Dates<\/p>\n<p>Export to File (Excel)<\/p>\n<p>Output to Printer, File, Screen<\/p>\n<p>&nbsp;<\/p>\n<p><strong>Labels<\/strong><\/p>\n<p>Label for Delivery Orders<\/td>\n<td><a href=\"https:\/\/sintelsystemspos.com\/wp-content\/uploads\/2015\/05\/restaurant_box.jpg\"><img fetchpriority=\"high\" decoding=\"async\" class=\"alignleft size-large wp-image-830\" src=\"https:\/\/sintelsystemspos.com\/wp-content\/uploads\/2015\/05\/restaurant_box-923x1024.jpg\" alt=\"Restaurant-POS-Point-of-Sale-Software-Sintel-Systems-855-POS-SALE-www.SintelSystemsPOS.com\" width=\"600\" height=\"666\" srcset=\"https:\/\/sintelsystemspos.com\/wp-content\/uploads\/2015\/05\/restaurant_box-923x1024.jpg 923w, https:\/\/sintelsystemspos.com\/wp-content\/uploads\/2015\/05\/restaurant_box-600x665.jpg 600w, https:\/\/sintelsystemspos.com\/wp-content\/uploads\/2015\/05\/restaurant_box-271x300.jpg 271w, https:\/\/sintelsystemspos.com\/wp-content\/uploads\/2015\/05\/restaurant_box.jpg 1000w\" sizes=\"(max-width: 600px) 100vw, 600px\" \/><\/a><\/td>\n<\/tr>\n<\/tbody>\n<\/table>\n<p>&nbsp;<\/p>","protected":false},"excerpt":{"rendered":"<p>Leider ist der Eintrag nur auf English verf\u00fcgbar. Der Inhalt wird unten in einer verf\u00fcgbaren Sprache angezeigt. Klicken Sie auf den Link, um die aktuelle Sprache zu \u00e4ndern. Restaurant POS Software Quickserve Mode &#8211; To go OrdersDine in Mode &#8211; Eat in OrdersSend orders to a KDS or Kitchen PrinterPowerful Menu and Table Layout Tool [&hellip;]<\/p>\n","protected":false},"author":1,"featured_media":0,"parent":0,"menu_order":0,"comment_status":"closed","ping_status":"closed","template":"","meta":{"footnotes":""},"class_list":["post-2533","page","type-page","status-publish","czr-hentry"],"_links":{"self":[{"href":"https:\/\/sintelsystemspos.com\/de\/wp-json\/wp\/v2\/pages\/2533","targetHints":{"allow":["GET"]}}],"collection":[{"href":"https:\/\/sintelsystemspos.com\/de\/wp-json\/wp\/v2\/pages"}],"about":[{"href":"https:\/\/sintelsystemspos.com\/de\/wp-json\/wp\/v2\/types\/page"}],"author":[{"embeddable":true,"href":"https:\/\/sintelsystemspos.com\/de\/wp-json\/wp\/v2\/users\/1"}],"replies":[{"embeddable":true,"href":"https:\/\/sintelsystemspos.com\/de\/wp-json\/wp\/v2\/comments?post=2533"}],"version-history":[{"count":7,"href":"https:\/\/sintelsystemspos.com\/de\/wp-json\/wp\/v2\/pages\/2533\/revisions"}],"predecessor-version":[{"id":2546,"href":"https:\/\/sintelsystemspos.com\/de\/wp-json\/wp\/v2\/pages\/2533\/revisions\/2546"}],"wp:attachment":[{"href":"https:\/\/sintelsystemspos.com\/de\/wp-json\/wp\/v2\/media?parent=2533"}],"curies":[{"name":"wp","href":"https:\/\/api.w.org\/{rel}","templated":true}]}}