{"id":2558,"date":"2015-12-03T13:11:41","date_gmt":"2015-12-03T21:11:41","guid":{"rendered":"http:\/\/sintelsystemspos.com\/?page_id=2558"},"modified":"2015-12-03T13:11:41","modified_gmt":"2015-12-03T21:11:41","slug":"pizza-software-features","status":"publish","type":"page","link":"https:\/\/sintelsystemspos.com\/de\/pizza-software-features\/","title":{"rendered":"Pizza Software Features"},"content":{"rendered":"<p class=\"qtranxs-available-languages-message qtranxs-available-languages-message-de\">Leider ist der Eintrag nur auf <a href=\"https:\/\/sintelsystemspos.com\/en\/wp-json\/wp\/v2\/pages\/2558\" class=\"qtranxs-available-language-link qtranxs-available-language-link-en\" title=\"English\">English<\/a> verf\u00fcgbar. Der Inhalt wird unten in einer verf\u00fcgbaren Sprache angezeigt. Klicken Sie auf den Link, um die aktuelle Sprache zu \u00e4ndern.<\/p><p><\/p>\n<table>\n<tbody>\n<tr>\n<td><strong>Pizza POS Software<\/strong><\/p>\n<p>Powerful Menu and Table Layout Tool<\/p>\n<p>Delivery Orders and Caller ID Integration<\/p>\n<p>Easy-to-set-up Menu Modifiers<\/p>\n<p>Customizable Quick Serve Mode<\/p>\n<p>Catering Options<\/p>\n<p>On-Hold Orders<\/p>\n<p>Discounts and Specials Easily Added<\/p>\n<p>Multiple Stations<\/p>\n<p>Multi-Store\/Multi-Location BackOffice Expansion<\/p>\n<p>Payment Processing Integration<\/p>\n<p>Auto\/Manual Database Backup<\/p>\n<p>Restore Function<\/p>\n<p>&nbsp;<\/p>\n<p><strong>Customer Tracking<\/strong><\/p>\n<p>Customer Loyalty and Point Program<\/p>\n<p>Gift Cards<\/p>\n<p>Customer Information<\/p>\n<p>Transaction History<\/p>\n<p>Real Time Customer Management<\/p>\n<p>&nbsp;<\/p>\n<p><strong>Inventory<\/strong><\/p>\n<p>Real-time Inventory Tracking<\/p>\n<p>&nbsp;<\/p>\n<p><strong>Employees\/Security<\/strong><\/p>\n<p>Password Protection<\/p>\n<p>Multiple Security Levels<\/p>\n<p>Clock In\/Clock Out<\/p>\n<p>Back Office Software<\/p>\n<p>&nbsp;<\/p>\n<p><strong>Reporting<\/strong><\/p>\n<p>Daily Sales Report<\/p>\n<p>Physical Inventory<\/p>\n<p>Reprint Receipts<\/p>\n<p>&nbsp;<\/p>\n<p><strong>Report Customization<\/strong><\/p>\n<p>By Range of Dates<\/p>\n<p>Export to File (Excel)<\/p>\n<p>Output to Printer, File, Screen<\/p>\n<p>&nbsp;<\/p>\n<p><strong>Labels<\/strong><\/p>\n<p>Label for Delivery Orders<\/td>\n<td><img fetchpriority=\"high\" decoding=\"async\" class=\"alignnone size-large wp-image-837\" src=\"https:\/\/sintelsystemspos.com\/wp-content\/uploads\/2015\/05\/pizza-923x1024.jpg\" alt=\"Pizza-POS-Point-of-Sale-Sintel-Systems-855-POS-SALE-www.SintelSystemsPOS.com\" width=\"600\" height=\"666\" srcset=\"https:\/\/sintelsystemspos.com\/wp-content\/uploads\/2015\/05\/pizza-923x1024.jpg 923w, https:\/\/sintelsystemspos.com\/wp-content\/uploads\/2015\/05\/pizza-600x665.jpg 600w, https:\/\/sintelsystemspos.com\/wp-content\/uploads\/2015\/05\/pizza-271x300.jpg 271w\" sizes=\"(max-width: 600px) 100vw, 600px\" \/><\/td>\n<\/tr>\n<\/tbody>\n<\/table>\n<p>&nbsp;<\/p>","protected":false},"excerpt":{"rendered":"<p>Leider ist der Eintrag nur auf English verf\u00fcgbar. Der Inhalt wird unten in einer verf\u00fcgbaren Sprache angezeigt. Klicken Sie auf den Link, um die aktuelle Sprache zu \u00e4ndern. Pizza POS Software Powerful Menu and Table Layout Tool Delivery Orders and Caller ID Integration Easy-to-set-up Menu Modifiers Customizable Quick Serve Mode Catering Options On-Hold Orders Discounts [&hellip;]<\/p>\n","protected":false},"author":1,"featured_media":0,"parent":0,"menu_order":0,"comment_status":"closed","ping_status":"closed","template":"","meta":{"footnotes":""},"class_list":["post-2558","page","type-page","status-publish","czr-hentry"],"_links":{"self":[{"href":"https:\/\/sintelsystemspos.com\/de\/wp-json\/wp\/v2\/pages\/2558","targetHints":{"allow":["GET"]}}],"collection":[{"href":"https:\/\/sintelsystemspos.com\/de\/wp-json\/wp\/v2\/pages"}],"about":[{"href":"https:\/\/sintelsystemspos.com\/de\/wp-json\/wp\/v2\/types\/page"}],"author":[{"embeddable":true,"href":"https:\/\/sintelsystemspos.com\/de\/wp-json\/wp\/v2\/users\/1"}],"replies":[{"embeddable":true,"href":"https:\/\/sintelsystemspos.com\/de\/wp-json\/wp\/v2\/comments?post=2558"}],"version-history":[{"count":1,"href":"https:\/\/sintelsystemspos.com\/de\/wp-json\/wp\/v2\/pages\/2558\/revisions"}],"predecessor-version":[{"id":2559,"href":"https:\/\/sintelsystemspos.com\/de\/wp-json\/wp\/v2\/pages\/2558\/revisions\/2559"}],"wp:attachment":[{"href":"https:\/\/sintelsystemspos.com\/de\/wp-json\/wp\/v2\/media?parent=2558"}],"curies":[{"name":"wp","href":"https:\/\/api.w.org\/{rel}","templated":true}]}}