{"id":2566,"date":"2015-12-03T14:06:56","date_gmt":"2015-12-03T22:06:56","guid":{"rendered":"http:\/\/sintelsystemspos.com\/?page_id=2566"},"modified":"2015-12-03T14:06:56","modified_gmt":"2015-12-03T22:06:56","slug":"salon-software-features","status":"publish","type":"page","link":"https:\/\/sintelsystemspos.com\/de\/salon-software-features\/","title":{"rendered":"Salon Software Features"},"content":{"rendered":"<p class=\"qtranxs-available-languages-message qtranxs-available-languages-message-de\">Leider ist der Eintrag nur auf <a href=\"https:\/\/sintelsystemspos.com\/en\/wp-json\/wp\/v2\/pages\/2566\" class=\"qtranxs-available-language-link qtranxs-available-language-link-en\" title=\"English\">English<\/a> verf\u00fcgbar. Der Inhalt wird unten in einer verf\u00fcgbaren Sprache angezeigt. Klicken Sie auf den Link, um die aktuelle Sprache zu \u00e4ndern.<\/p><p><\/p>\n<table>\n<tbody>\n<tr>\n<td><strong>Restaurant POS Software<\/strong><\/p>\n<p>Powerful Menu Options<\/p>\n<p>Easy-to-use Appointment Book<\/p>\n<p>Easy-to-set-up Menu Modifiers<\/p>\n<p>Multiple Stations<\/p>\n<p>Multi-Store\/Multi-Location BackOffice Expansion<\/p>\n<p>Payment Processing Integration<\/p>\n<p>Auto\/Manual Database Backup<\/p>\n<p>Restore Function<\/p>\n<p>&nbsp;<\/p>\n<p><strong>Customer Tracking<\/strong><\/p>\n<p>Customer Loyalty Programs<\/p>\n<p>Flexible Customer Data Warehousing<\/p>\n<p>Gift Cards<\/p>\n<p>Transaction History<\/p>\n<p>Real Time Customer Management<\/p>\n<p>&nbsp;<\/p>\n<p><strong>Inventory<\/strong><\/p>\n<p>Real-time Inventory Tracking<\/p>\n<p>&nbsp;<\/p>\n<p><strong>Employees\/Security<\/strong><\/p>\n<p>Password Protection<\/p>\n<p>Multiple Security Levels<\/p>\n<p>Clock In\/Clock Out<\/p>\n<p>Back Office Software<\/p>\n<p>Training Mode\/Help Desk<\/p>\n<p>&nbsp;<\/p>\n<p><strong>Reporting<\/strong><\/p>\n<p>Product Sales<\/p>\n<p>Physical Inventory<\/p>\n<p>Reprint Receipts<\/p>\n<p>&nbsp;<\/p>\n<p><strong>Report Customization<\/strong><\/p>\n<p>By Range of Dates<\/p>\n<p>Export to File (Excel)<\/p>\n<p>Output to Printer, File, Screen<\/td>\n<td><img fetchpriority=\"high\" decoding=\"async\" class=\"alignnone size-full wp-image-842\" src=\"https:\/\/sintelsystemspos.com\/wp-content\/uploads\/2015\/05\/salon.png\" alt=\"Salon-POS-Point-of-Sale-Sintel-Systems-855-POS-SALE-www.SintelSystemsPOS.com\" width=\"600\" height=\"666\" srcset=\"https:\/\/sintelsystemspos.com\/wp-content\/uploads\/2015\/05\/salon.png 768w, https:\/\/sintelsystemspos.com\/wp-content\/uploads\/2015\/05\/salon-600x666.png 600w, https:\/\/sintelsystemspos.com\/wp-content\/uploads\/2015\/05\/salon-270x300.png 270w\" sizes=\"(max-width: 600px) 100vw, 600px\" \/><\/td>\n<\/tr>\n<\/tbody>\n<\/table>\n<p>&nbsp;<\/p>","protected":false},"excerpt":{"rendered":"<p>Leider ist der Eintrag nur auf English verf\u00fcgbar. Der Inhalt wird unten in einer verf\u00fcgbaren Sprache angezeigt. Klicken Sie auf den Link, um die aktuelle Sprache zu \u00e4ndern. Restaurant POS Software Powerful Menu Options Easy-to-use Appointment Book Easy-to-set-up Menu Modifiers Multiple Stations Multi-Store\/Multi-Location BackOffice Expansion Payment Processing Integration Auto\/Manual Database Backup Restore Function &nbsp; Customer [&hellip;]<\/p>\n","protected":false},"author":1,"featured_media":0,"parent":0,"menu_order":0,"comment_status":"closed","ping_status":"closed","template":"","meta":{"footnotes":""},"class_list":["post-2566","page","type-page","status-publish","czr-hentry"],"_links":{"self":[{"href":"https:\/\/sintelsystemspos.com\/de\/wp-json\/wp\/v2\/pages\/2566","targetHints":{"allow":["GET"]}}],"collection":[{"href":"https:\/\/sintelsystemspos.com\/de\/wp-json\/wp\/v2\/pages"}],"about":[{"href":"https:\/\/sintelsystemspos.com\/de\/wp-json\/wp\/v2\/types\/page"}],"author":[{"embeddable":true,"href":"https:\/\/sintelsystemspos.com\/de\/wp-json\/wp\/v2\/users\/1"}],"replies":[{"embeddable":true,"href":"https:\/\/sintelsystemspos.com\/de\/wp-json\/wp\/v2\/comments?post=2566"}],"version-history":[{"count":1,"href":"https:\/\/sintelsystemspos.com\/de\/wp-json\/wp\/v2\/pages\/2566\/revisions"}],"predecessor-version":[{"id":2567,"href":"https:\/\/sintelsystemspos.com\/de\/wp-json\/wp\/v2\/pages\/2566\/revisions\/2567"}],"wp:attachment":[{"href":"https:\/\/sintelsystemspos.com\/de\/wp-json\/wp\/v2\/media?parent=2566"}],"curies":[{"name":"wp","href":"https:\/\/api.w.org\/{rel}","templated":true}]}}