{"id":2571,"date":"2015-12-03T14:26:02","date_gmt":"2015-12-03T22:26:02","guid":{"rendered":"http:\/\/sintelsystemspos.com\/?page_id=2571"},"modified":"2015-12-03T14:27:49","modified_gmt":"2015-12-03T22:27:49","slug":"coffee-software-features","status":"publish","type":"page","link":"https:\/\/sintelsystemspos.com\/de\/coffee-software-features\/","title":{"rendered":"Coffee Software Features"},"content":{"rendered":"<p class=\"qtranxs-available-languages-message qtranxs-available-languages-message-de\">Leider ist der Eintrag nur auf <a href=\"https:\/\/sintelsystemspos.com\/en\/wp-json\/wp\/v2\/pages\/2571\" class=\"qtranxs-available-language-link qtranxs-available-language-link-en\" title=\"English\">English<\/a> verf\u00fcgbar. Der Inhalt wird unten in einer verf\u00fcgbaren Sprache angezeigt. Klicken Sie auf den Link, um die aktuelle Sprache zu \u00e4ndern.<\/p><p><\/p>\n<table>\n<tbody>\n<tr>\n<td><strong>Coffee Shop POS Software<\/strong><\/p>\n<p>Powerful Menu Tool<\/p>\n<p>Customizable Quick Serve Mode<\/p>\n<p>On-Hold Orders<\/p>\n<p>Integrated Weight Scale for Ground Coffee or Pastries<\/p>\n<p>Easy-to-set-up Menu Modifiers<\/p>\n<p>Discounts and Specials Easily Added<\/p>\n<p>Multiple Stations<\/p>\n<p>Multi-Store\/Multi-Location BackOffice Expansion<\/p>\n<p>Payment Processing Integration<\/p>\n<p>NTEP Certified<\/p>\n<p>Auto\/Manual Database Backup<\/p>\n<p>Restore Function<\/p>\n<p>&nbsp;<\/p>\n<p><strong>Customer Tracking<\/strong><\/p>\n<p>Customer Loyalty and Point Program<\/p>\n<p>Gift Cards<\/p>\n<p>Customer Information<\/p>\n<p>Transaction History<\/p>\n<p>Real Time Customer Management<\/p>\n<p>&nbsp;<\/p>\n<p><strong>Inventory<\/strong><\/p>\n<p>Real-time Inventory Tracking<\/p>\n<p>&nbsp;<\/p>\n<p><strong>Employees\/Security<\/strong><\/p>\n<p>Password Protection<\/p>\n<p>Multiple Security Levels<\/p>\n<p>Clock In\/Clock Out<\/p>\n<p>Back Office Software<\/p>\n<p>&nbsp;<\/p>\n<p><strong>Reporting<\/strong><\/p>\n<p>Daily Sales Report<\/p>\n<p>Physical Inventory<\/p>\n<p>Reprint Receipts<\/p>\n<p>&nbsp;<\/p>\n<p><strong>Report Customization<\/strong><\/p>\n<p>By Range of Dates<\/p>\n<p>Export to File (Excel)<\/td>\n<td><img fetchpriority=\"high\" decoding=\"async\" class=\"alignnone size-full wp-image-846\" src=\"https:\/\/sintelsystemspos.com\/wp-content\/uploads\/2015\/05\/coffee_shop_box.png\" alt=\"Coffee-Shop-Restaurant-POS-Point-of-Sale-Sintel-Systems-855-POS-SALE-www.SintelSystemsPOS.com\" width=\"600\" height=\"666\" srcset=\"https:\/\/sintelsystemspos.com\/wp-content\/uploads\/2015\/05\/coffee_shop_box.png 768w, https:\/\/sintelsystemspos.com\/wp-content\/uploads\/2015\/05\/coffee_shop_box-600x666.png 600w, https:\/\/sintelsystemspos.com\/wp-content\/uploads\/2015\/05\/coffee_shop_box-270x300.png 270w\" sizes=\"(max-width: 600px) 100vw, 600px\" \/><\/td>\n<\/tr>\n<\/tbody>\n<\/table>\n<p><\/p>","protected":false},"excerpt":{"rendered":"<p>Leider ist der Eintrag nur auf English verf\u00fcgbar. Der Inhalt wird unten in einer verf\u00fcgbaren Sprache angezeigt. Klicken Sie auf den Link, um die aktuelle Sprache zu \u00e4ndern. Coffee Shop POS Software Powerful Menu Tool Customizable Quick Serve Mode On-Hold Orders Integrated Weight Scale for Ground Coffee or Pastries Easy-to-set-up Menu Modifiers Discounts and Specials [&hellip;]<\/p>\n","protected":false},"author":1,"featured_media":0,"parent":0,"menu_order":0,"comment_status":"closed","ping_status":"closed","template":"","meta":{"footnotes":""},"class_list":["post-2571","page","type-page","status-publish","czr-hentry"],"_links":{"self":[{"href":"https:\/\/sintelsystemspos.com\/de\/wp-json\/wp\/v2\/pages\/2571","targetHints":{"allow":["GET"]}}],"collection":[{"href":"https:\/\/sintelsystemspos.com\/de\/wp-json\/wp\/v2\/pages"}],"about":[{"href":"https:\/\/sintelsystemspos.com\/de\/wp-json\/wp\/v2\/types\/page"}],"author":[{"embeddable":true,"href":"https:\/\/sintelsystemspos.com\/de\/wp-json\/wp\/v2\/users\/1"}],"replies":[{"embeddable":true,"href":"https:\/\/sintelsystemspos.com\/de\/wp-json\/wp\/v2\/comments?post=2571"}],"version-history":[{"count":1,"href":"https:\/\/sintelsystemspos.com\/de\/wp-json\/wp\/v2\/pages\/2571\/revisions"}],"predecessor-version":[{"id":2572,"href":"https:\/\/sintelsystemspos.com\/de\/wp-json\/wp\/v2\/pages\/2571\/revisions\/2572"}],"wp:attachment":[{"href":"https:\/\/sintelsystemspos.com\/de\/wp-json\/wp\/v2\/media?parent=2571"}],"curies":[{"name":"wp","href":"https:\/\/api.w.org\/{rel}","templated":true}]}}