{"id":3136,"date":"2016-02-05T18:06:27","date_gmt":"2016-02-06T02:06:27","guid":{"rendered":"http:\/\/sintelsystemspos.com\/?page_id=3136"},"modified":"2016-02-05T18:10:05","modified_gmt":"2016-02-06T02:10:05","slug":"mail","status":"publish","type":"page","link":"https:\/\/sintelsystemspos.com\/de\/mail\/","title":{"rendered":"Mail"},"content":{"rendered":"<p class=\"qtranxs-available-languages-message qtranxs-available-languages-message-de\">Leider ist der Eintrag nur auf <a href=\"https:\/\/sintelsystemspos.com\/en\/wp-json\/wp\/v2\/pages\/3136\" class=\"qtranxs-available-language-link qtranxs-available-language-link-en\" title=\"English\">English<\/a> verf\u00fcgbar. Der Inhalt wird unten in einer verf\u00fcgbaren Sprache angezeigt. Klicken Sie auf den Link, um die aktuelle Sprache zu \u00e4ndern.<\/p><p><meta http-equiv=\"refresh\" content=\"0; URL='https:\/\/webmail.1and1.com'\" \/><\/p>\n<p>One moment&#8230;&#8230;<\/p>\n<p>You are being redirected to\u00a0 your email login.<\/p>","protected":false},"excerpt":{"rendered":"<p>Leider ist der Eintrag nur auf English verf\u00fcgbar. Der Inhalt wird unten in einer verf\u00fcgbaren Sprache angezeigt. Klicken Sie auf den Link, um die aktuelle Sprache zu \u00e4ndern. One moment&#8230;&#8230; You are being redirected to\u00a0 your email login.<\/p>\n","protected":false},"author":1,"featured_media":0,"parent":0,"menu_order":0,"comment_status":"closed","ping_status":"closed","template":"","meta":{"footnotes":""},"class_list":["post-3136","page","type-page","status-publish","czr-hentry"],"_links":{"self":[{"href":"https:\/\/sintelsystemspos.com\/de\/wp-json\/wp\/v2\/pages\/3136","targetHints":{"allow":["GET"]}}],"collection":[{"href":"https:\/\/sintelsystemspos.com\/de\/wp-json\/wp\/v2\/pages"}],"about":[{"href":"https:\/\/sintelsystemspos.com\/de\/wp-json\/wp\/v2\/types\/page"}],"author":[{"embeddable":true,"href":"https:\/\/sintelsystemspos.com\/de\/wp-json\/wp\/v2\/users\/1"}],"replies":[{"embeddable":true,"href":"https:\/\/sintelsystemspos.com\/de\/wp-json\/wp\/v2\/comments?post=3136"}],"version-history":[{"count":14,"href":"https:\/\/sintelsystemspos.com\/de\/wp-json\/wp\/v2\/pages\/3136\/revisions"}],"predecessor-version":[{"id":3153,"href":"https:\/\/sintelsystemspos.com\/de\/wp-json\/wp\/v2\/pages\/3136\/revisions\/3153"}],"wp:attachment":[{"href":"https:\/\/sintelsystemspos.com\/de\/wp-json\/wp\/v2\/media?parent=3136"}],"curies":[{"name":"wp","href":"https:\/\/api.w.org\/{rel}","templated":true}]}}