{"id":1681,"date":"2015-10-27T13:38:23","date_gmt":"2015-10-27T20:38:23","guid":{"rendered":"http:\/\/sintelsystemspos.com\/?page_id=1681"},"modified":"2016-03-26T15:02:47","modified_gmt":"2016-03-26T22:02:47","slug":"general-software-demo","status":"publish","type":"page","link":"https:\/\/sintelsystemspos.com\/es\/general-software-demo\/","title":{"rendered":"Demo TPV de Restaurante Sintel Systems"},"content":{"rendered":"<p><a href=\"https:\/\/sintelsystemspos.com\/es\/pos-buyers-guide\/\" target=\"_blank\"><img decoding=\"async\" class=\"alignright wp-image-2114\" title=\"La-Guia-del-Compradpor-TPV-punto-de-venta\" src=\"https:\/\/sintelsystemspos.com\/wp-content\/uploads\/2015\/12\/Guia-del-Comprador-Punto-de-Venta-Sintel-Systems-855-POS-SALE-www.SintelSystemsPOS.com_.png\" alt=\"La-Guia-del-Compradpor-TPV-punto-de-venta\" width=\"134\" height=\"134\" \/><\/a>La siguiente es una demostraci\u00f3n de software punto de venta (TPV) para restaurantes y otros establecimientos de comida ofrecidos por Sintel Systems. \u00bfQuiere ver una demostraci\u00f3n en vivo con uno de nuestros especialistas? <a href=\"https:\/\/sintelsystemspos.com\/es\/contact-us\/\" target=\"_blank\">ll\u00e1menos hoy<\/a> o env\u00edenos un correo electr\u00f3nico a <a href=\"mailto:Support@SintelSystem.com\">Support@SintelSystem.com<\/a> para hacer una cita.<\/p>\n<p>Para obtener una lista del software TPV m\u00e1s reciente haga <a title=\"Software POS\" href=\"https:\/\/www.sintelsystems.com\/our-software\" target=\"_blank\">Click Aqui <\/a><\/p>\n<p>P\u00f3ngase en contacto con nosotros para obtener asistencia en sistemas existentes o una <a title=\"POS System Live Demo\" href=\"https:\/\/www.sintelsystems.com\/requestlivedemo\" target=\"_blank\">Demostracion en Vivo<\/a> para clientes nuevos.<br \/>\n<iframe src=\"https:\/\/www.youtube.com\/embed\/sL_bB7RfVsk?autoplay=1&amp;cc_load_policy=1\" width=\"560\" height=\"315\" frameborder=\"0\" allowfullscreen=\"allowfullscreen\"><\/iframe><\/p>","protected":false},"excerpt":{"rendered":"<p>La siguiente es una demostraci\u00f3n de software punto de venta (TPV) para restaurantes y otros establecimientos de comida ofrecidos por Sintel Systems. \u00bfQuiere ver una demostraci\u00f3n en vivo con uno de nuestros especialistas? ll\u00e1menos hoy o env\u00edenos un correo electr\u00f3nico a Support@SintelSystem.com para hacer una cita. Para obtener una lista del software TPV m\u00e1s reciente [&hellip;]<\/p>\n","protected":false},"author":1,"featured_media":0,"parent":0,"menu_order":0,"comment_status":"closed","ping_status":"closed","template":"","meta":{"footnotes":""},"class_list":["post-1681","page","type-page","status-publish","czr-hentry"],"_links":{"self":[{"href":"https:\/\/sintelsystemspos.com\/es\/wp-json\/wp\/v2\/pages\/1681","targetHints":{"allow":["GET"]}}],"collection":[{"href":"https:\/\/sintelsystemspos.com\/es\/wp-json\/wp\/v2\/pages"}],"about":[{"href":"https:\/\/sintelsystemspos.com\/es\/wp-json\/wp\/v2\/types\/page"}],"author":[{"embeddable":true,"href":"https:\/\/sintelsystemspos.com\/es\/wp-json\/wp\/v2\/users\/1"}],"replies":[{"embeddable":true,"href":"https:\/\/sintelsystemspos.com\/es\/wp-json\/wp\/v2\/comments?post=1681"}],"version-history":[{"count":10,"href":"https:\/\/sintelsystemspos.com\/es\/wp-json\/wp\/v2\/pages\/1681\/revisions"}],"predecessor-version":[{"id":3160,"href":"https:\/\/sintelsystemspos.com\/es\/wp-json\/wp\/v2\/pages\/1681\/revisions\/3160"}],"wp:attachment":[{"href":"https:\/\/sintelsystemspos.com\/es\/wp-json\/wp\/v2\/media?parent=1681"}],"curies":[{"name":"wp","href":"https:\/\/api.w.org\/{rel}","templated":true}]}}