{"id":1810,"date":"2015-11-03T11:26:31","date_gmt":"2015-11-03T19:26:31","guid":{"rendered":"http:\/\/sintelsystemspos.com\/?page_id=1810"},"modified":"2015-11-24T17:35:53","modified_gmt":"2015-11-25T01:35:53","slug":"request-live-demo","status":"publish","type":"page","link":"https:\/\/sintelsystemspos.com\/es\/request-live-demo\/","title":{"rendered":"Cita para Demostracion en Vivo"},"content":{"rendered":"<p><img decoding=\"async\" class=\"alignleft size-full wp-image-1988\" src=\"https:\/\/sintelsystemspos.com\/wp-content\/uploads\/2015\/11\/SpanishDemoImage.jpg\" alt=\"AtYourServiceLiveDemo\" width=\"187\" height=\"299\" \/><\/p>\n<p>&nbsp;<\/p>\n<p>&nbsp;<\/p>\n<h2 style=\"text-align: center;\">\u00bfCansado de vendedores agresivos? Disfrute de una demostraci\u00f3n en l\u00ednea en vivo con uno de nuestros t\u00e9cnicos en su idioma. Sin obligaciones. Sin Presiones.<\/h2>\n<h2 style=\"text-align: center;\"><\/h2>\n<h2 style=\"text-align: center;\">\u00bfLe urge? Llamenos Ahorita<\/h2>\n<p>&nbsp;<\/p>\n<p>&nbsp;<\/p>\n<p>&nbsp;<\/p>\n<table>\n<tbody>\n<tr>\n<td style=\"text-align: center;\"><span style=\"font-size: 10pt;\">Argentina: 54-11-5235-4939 (Buenos Aires)<\/span><br \/>\n<span style=\"font-size: 10pt;\">Brazil: 55-61-3181-0454 (Brasilia)<\/span><br \/>\n<span style=\"font-size: 10pt;\">Mexico: 52-55-8526-4292 (Mexico DF)<\/span><br \/>\n<span style=\"font-size: 10pt;\">Chile: 56-41-256-0493 (Concepcion)<\/span><br \/>\n<span style=\"font-size: 10pt;\">Colombia: 57-1-344 1347 (Bogota)<\/span><br \/>\n<span style=\"font-size: 10pt;\">Peru: 51-1-641-9167 (Lima)<\/span><br \/>\n<span style=\"font-size: 10pt;\">El Salvador: 503-2113-0290 (San Salvador)<\/span><br \/>\n<span style=\"font-size: 10pt;\">Panama: 507-833-8340<\/span><br \/>\n<span style=\"font-size: 10pt;\">Guatemala: 502-2376-7526<\/span><br \/>\n<span style=\"font-size: 10pt;\">Venezuela: 58-212-771-0756 (Caracas)<\/span><\/td>\n<\/tr>\n<\/tbody>\n<\/table>\n<p style=\"text-align: center;\"><script src=\"https:\/\/www.emailmeform.com\/builder\/forms\/jsform\/PYDeL05dCMV8g5JyI\" type=\"text\/javascript\"><\/script><\/p>\n<p><\/p>","protected":false},"excerpt":{"rendered":"<p>&nbsp; &nbsp; \u00bfCansado de vendedores agresivos? Disfrute de una demostraci\u00f3n en l\u00ednea en vivo con uno de nuestros t\u00e9cnicos en su idioma. Sin obligaciones. Sin Presiones. \u00bfLe urge? Llamenos Ahorita &nbsp; &nbsp; &nbsp; Argentina: 54-11-5235-4939 (Buenos Aires) Brazil: 55-61-3181-0454 (Brasilia) Mexico: 52-55-8526-4292 (Mexico DF) Chile: 56-41-256-0493 (Concepcion) Colombia: 57-1-344 1347 (Bogota) Peru: 51-1-641-9167 (Lima) El [&hellip;]<\/p>\n","protected":false},"author":1,"featured_media":0,"parent":0,"menu_order":0,"comment_status":"closed","ping_status":"closed","template":"","meta":{"footnotes":""},"class_list":["post-1810","page","type-page","status-publish","czr-hentry"],"_links":{"self":[{"href":"https:\/\/sintelsystemspos.com\/es\/wp-json\/wp\/v2\/pages\/1810","targetHints":{"allow":["GET"]}}],"collection":[{"href":"https:\/\/sintelsystemspos.com\/es\/wp-json\/wp\/v2\/pages"}],"about":[{"href":"https:\/\/sintelsystemspos.com\/es\/wp-json\/wp\/v2\/types\/page"}],"author":[{"embeddable":true,"href":"https:\/\/sintelsystemspos.com\/es\/wp-json\/wp\/v2\/users\/1"}],"replies":[{"embeddable":true,"href":"https:\/\/sintelsystemspos.com\/es\/wp-json\/wp\/v2\/comments?post=1810"}],"version-history":[{"count":6,"href":"https:\/\/sintelsystemspos.com\/es\/wp-json\/wp\/v2\/pages\/1810\/revisions"}],"predecessor-version":[{"id":1989,"href":"https:\/\/sintelsystemspos.com\/es\/wp-json\/wp\/v2\/pages\/1810\/revisions\/1989"}],"wp:attachment":[{"href":"https:\/\/sintelsystemspos.com\/es\/wp-json\/wp\/v2\/media?parent=1810"}],"curies":[{"name":"wp","href":"https:\/\/api.w.org\/{rel}","templated":true}]}}