{"id":1962,"date":"2015-11-12T17:45:41","date_gmt":"2015-11-13T01:45:41","guid":{"rendered":"http:\/\/sintelsystemspos.com\/?page_id=1962"},"modified":"2016-01-13T17:25:26","modified_gmt":"2016-01-14T01:25:26","slug":"pos-buyers-guide","status":"publish","type":"page","link":"https:\/\/sintelsystemspos.com\/es\/pos-buyers-guide\/","title":{"rendered":"Gu\u00eda del  Comprador TPV"},"content":{"rendered":"<p><\/p>\n<h1 style=\"text-align: center;\">13 Preguntas Que Debe Hacer Al Elegir El Sistema TPV Correcto<\/h1>\n<p>&nbsp;<\/p>\n<table class=\" alignright\" style=\"width: 200px;\">\n<tbody>\n<tr>\n<td>\n<p><div id=\"attachment_2060\" style=\"width: 160px\" class=\"wp-caption aligncenter\"><a href=\"https:\/\/www.sintelsystemspos.com\/5i\" target=\"_blank\"><img decoding=\"async\" aria-describedby=\"caption-attachment-2060\" class=\"wp-image-2060 size-medium\" title=\"5i POS System\" src=\"https:\/\/sintelsystemspos.com\/wp-content\/uploads\/2015\/11\/SintelSystems1-212x300.png\" alt=\"5i POS System\" width=\"150\" height=\"150\" srcset=\"https:\/\/sintelsystemspos.com\/wp-content\/uploads\/2015\/11\/SintelSystems1-300x300.png 300w, https:\/\/sintelsystemspos.com\/wp-content\/uploads\/2015\/11\/SintelSystems1-100x100.png 100w, https:\/\/sintelsystemspos.com\/wp-content\/uploads\/2015\/11\/SintelSystems1-150x150.png 150w\" sizes=\"(max-width: 150px) 100vw, 150px\" \/><\/a><p id=\"caption-attachment-2060\" class=\"wp-caption-text\">5i Sistema TPV<\/p><\/div><\/td>\n<td>\n<p><div id=\"attachment_1945\" style=\"width: 160px\" class=\"wp-caption aligncenter\"><a href=\"https:\/\/sintelsystemspos.com\/tablet-solutions\/\" target=\"_blank\"><img decoding=\"async\" aria-describedby=\"caption-attachment-1945\" class=\"wp-image-1945 size-medium\" title=\"iPad\/Tablet Solution\" src=\"https:\/\/sintelsystemspos.com\/wp-content\/uploads\/2015\/11\/Retail-MainScreen-Tablet-300x300.png\" alt=\"iPad\/Tablet Solution\" width=\"150\" height=\"150\" srcset=\"https:\/\/sintelsystemspos.com\/wp-content\/uploads\/2015\/11\/Retail-MainScreen-Tablet-300x300.png 300w, https:\/\/sintelsystemspos.com\/wp-content\/uploads\/2015\/11\/Retail-MainScreen-Tablet-100x100.png 100w, https:\/\/sintelsystemspos.com\/wp-content\/uploads\/2015\/11\/Retail-MainScreen-Tablet-600x600.png 600w, https:\/\/sintelsystemspos.com\/wp-content\/uploads\/2015\/11\/Retail-MainScreen-Tablet-150x150.png 150w, https:\/\/sintelsystemspos.com\/wp-content\/uploads\/2015\/11\/Retail-MainScreen-Tablet-1024x1024.png 1024w, https:\/\/sintelsystemspos.com\/wp-content\/uploads\/2015\/11\/Retail-MainScreen-Tablet.png 1200w\" sizes=\"(max-width: 150px) 100vw, 150px\" \/><\/a><p id=\"caption-attachment-1945\" class=\"wp-caption-text\">Solucion iPad\/Tablet<\/p><\/div><\/td>\n<\/tr>\n<\/tbody>\n<\/table>\n<h1 style=\"text-align: center;\"><a href=\"http:\/\/https:\/\/sintelsystemspos.com\/pos-buyers-guide\/\"><img loading=\"lazy\" decoding=\"async\" class=\" wp-image-2110 alignleft\" src=\"https:\/\/sintelsystemspos.com\/wp-content\/uploads\/2015\/11\/Spanish-POS-Buyers-Guide-Banner-.png\" alt=\"POS-Point-of-Sale-Buyers-Guide\" width=\"189\" height=\"95\" \/><\/a><\/h1>\n<p>Las decisiones de hoy impulsan los resultados de ma\u00f1ana. Su sistema TPV ser\u00e1 la puerta de entrada de sus ingresos y su socio TPV ser\u00e1 su guardi\u00e1n. Por lo tanto, su decisi\u00f3n es muy sensible. Es crucial como la ubicaci\u00f3n que seleccione y las personas que contrata. Cambiar el sistema TPV, si usted toma la decisi\u00f3n equivocada es un esfuerzo muy costoso. Si usted nunca ha comprado un sistema TPV, puede ser dif\u00edcil para empezar a entender lo que debe buscar. Imag\u00ednese que nunca ha comprado o conducido un autom\u00f3vil antes, \u00bfC\u00f3mo saber lo que debe buscar? \u00bfTiene que comprar las llantas por separado o vienen con el autom\u00f3vil? \u00bfQui\u00e9n cubre la garant\u00eda? \u00bfCu\u00e1nto cuesta el mantenimiento?<\/p>\n<p>Hemos creado la siguiente gu\u00eda sencilla para ayudarle a tomar la decisi\u00f3n correcta de forma independiente. Incluye preguntas que usted debe preguntar a la hora de considerar un sistema TPV. Hemos incluido nuestras respuestas tambi\u00e9n, pero <a href=\"https:\/\/sintelsystemspos.com\/wp-content\/uploads\/2015\/11\/Gu\u00eda-del-Comprador-TPV-Punta-De-Venta.pdf\" target=\"_blank\"><strong>haga clic aqu\u00ed<\/strong><\/a> para obtener una versi\u00f3n PDF imprimible que puede utilizar durante su investigaci\u00f3n. A continuaci\u00f3n, encontrar\u00e1 tambi\u00e9n, \u00ab\u00bfcu\u00e1nto debe costar un sistema TPV?\u00bb y una lista de importantes art\u00edculos de investigaci\u00f3n.<\/p>\n<p>&nbsp;<\/p>\n<p>&nbsp;<\/p>\n<h2>Vamos a empezar con las preguntas:<\/h2>\n<p>&nbsp;<\/p>\n<table>\n<tbody>\n<tr>\n<td><img loading=\"lazy\" decoding=\"async\" src=\"https:\/\/sintelsystemspos.com\/wp-content\/uploads\/2015\/11\/DIRECTO.png\" alt=\"\" width=\"30\" height=\"110\" \/><\/td>\n<td>\n<ol>\n<li><strong>\u00bfEs usted un proveedor de TPV directo sin intermediarios, agentes o revendedores?<\/strong><\/li>\n<\/ol>\n<p><em>Sintel Systems es un proveedor directo y sin agentes terceros o distribuidores involucrados. Normalmente hay dos tipos de empresas que no son directas. Las primeras son las grandes empresas que dependen de los distribuidores independientes y la segunda son las operaciones de un solo hombre que arma los sistemas a trav\u00e9s del \u201coutsourcing\u201d o externalizaci\u00f3n de los componentes. Sintel Systems es un proveedor global directo ofreciendo mayores servicios a precios m\u00e1s bajos.<\/em><\/td>\n<\/tr>\n<\/tbody>\n<\/table>\n<table>\n<tbody>\n<tr>\n<td><img loading=\"lazy\" decoding=\"async\" src=\"https:\/\/sintelsystemspos.com\/wp-content\/uploads\/2015\/11\/NINGUN-TERCERO.png\" alt=\"\" width=\"30\" height=\"260\" \/><\/td>\n<td>\n<ol start=\"2\">\n<li><strong>\u00bfCu\u00e1ndo llama a la compa\u00f1\u00eda TPV, est\u00e1 llamando a un revendedor\/agente o hablando directamente a la empresa?<\/strong><\/li>\n<\/ol>\n<p>Cuando llama a Sintel Systems, usted se conecta directamente a Sintel Systems. No terceros involucrados.<\/p>\n<ol start=\"3\">\n<li><strong>\u00bfQui\u00e9n proporcionar\u00e1 la ayuda? Usted o la compa\u00f1\u00eda tercera?<\/strong><\/li>\n<\/ol>\n<p><em>Sintel Systems provee todos los servicios relacionados con la ayuda de ning\u00fan tercero.<\/em><\/p>\n<ol start=\"4\">\n<li><strong>\u00bfQui\u00e9n proporciona el software TPV? \u00bfEst\u00e1 directamente conectado con el desarrollador de software?<\/strong><\/li>\n<\/ol>\n<p><em>Si, Sintel Systems \u2013 Por favor vea aqu\u00ed: <a href=\"http:\/\/sintelsoftware.com\/es\/solutions\" target=\"_blank\">www.SintelSoftware.com<\/a><\/em><\/td>\n<\/tr>\n<\/tbody>\n<\/table>\n<table>\n<tbody>\n<tr>\n<td><img loading=\"lazy\" decoding=\"async\" src=\"https:\/\/sintelsystemspos.com\/wp-content\/uploads\/2015\/11\/UNA-PARADA.png\" alt=\"\" width=\"30\" height=\"100\" \/><\/td>\n<td>\n<ol start=\"5\">\n<li><strong>\u00bfEs usted un VERDADERO proveedor \u00daNICO de TPV? \u00bfOfrece hardware, software, soporte t\u00e9cnico, garant\u00eda, programa de tarjetas de regalo \/ cliente frecuente directamente?<\/strong><\/li>\n<\/ol>\n<p><em>Sintel Systems es un proveedor TPV \u00daNICO con 1. Hardware de calidad, 2. Software profesional, 3. Apoyo t\u00e9cnico con todo incluido 4. Capacitaci\u00f3n inicial y continua y 5. Red amigable para m\u00f3viles de tarjetas de regalo \/ cliente frecuente desde un solo punto.<\/em><\/td>\n<\/tr>\n<\/tbody>\n<\/table>\n<table>\n<tbody>\n<tr>\n<td><img loading=\"lazy\" decoding=\"async\" src=\"https:\/\/sintelsystemspos.com\/wp-content\/uploads\/2015\/11\/SIN-CARGOS.png\" alt=\"\" width=\"30\" height=\"247\" \/><\/td>\n<td>\n<ol start=\"6\">\n<li><strong>\u00bfCobra cuotas incidentales o por llamadas?<\/strong><\/li>\n<\/ol>\n<p><em>Sintel Systems ofrece todos sus servicios a trav\u00e9s de nuestro soporte t\u00e9cnico todo incluido. Sintel Systems no cobra cuotas incidentales.<\/em><\/p>\n<ol start=\"7\">\n<li><strong>\u00bfCobra por actualizaciones y nuevas versiones del software?<\/strong><\/li>\n<\/ol>\n<p><em>Sintel Systems ofrece actualizaciones y versiones gratuitas a trav\u00e9s de su plan de soporte t\u00e9cnico todo incluido. Nosotros no cobramos por las actualizaciones y versiones.<\/em><\/p>\n<ol start=\"8\">\n<li><strong>\u00bfLa compa\u00f1ia repara o reemplaza el hardware si es necesario?<\/strong><\/li>\n<\/ol>\n<p><em>Sintel Systems sobre su garant\u00eda y programa de soporte t\u00e9cnico reemplaza el hardware inmediatamente.<\/em><\/td>\n<\/tr>\n<\/tbody>\n<\/table>\n<table>\n<tbody>\n<tr>\n<td><img loading=\"lazy\" decoding=\"async\" src=\"https:\/\/sintelsystemspos.com\/wp-content\/uploads\/2015\/11\/SERVICIO-GLOBAL.png\" alt=\"\" width=\"30\" height=\"310\" \/><\/td>\n<td>\n<ol start=\"9\">\n<li><strong>\u00bfPuede adaptarse con la apertura de ubicaciones adicionales en otras ciudades, provincias y pa\u00edses?<\/strong><\/li>\n<\/ol>\n<p><em>Sintel Systems est\u00e1 en todos los 50 estados de los Estados Unidos y 5 continentes globalmente.<\/em><\/p>\n<ol start=\"10\">\n<li><strong>\u00bfOfrece ayuda en otros idiomas?<\/strong><\/li>\n<\/ol>\n<p><em>Sintel Systems ofrece sistemas TPV en 11 diferentes idiomas.<\/em><\/p>\n<ol start=\"11\">\n<li><strong>\u00bfOfrece servicios de instalaci\u00f3n local?<\/strong><\/li>\n<\/ol>\n<p><em>Los sistemas TPV de Sintel Systems son muy f\u00e1ciles de instalar; sin embargo, la instalaci\u00f3n local est\u00e1 disponible.<\/em><\/p>\n<ol start=\"12\">\n<li><strong>\u00bfOfrece un 100% de satisfacci\u00f3n garantizada en el TPV y el soporte t\u00e9cnico?<\/strong><\/li>\n<\/ol>\n<p><em>Usted puede devolver el sistema TPV para un reembolso si usted no est\u00e1 completamente satisfecho. Tambi\u00e9n puede cancelar el servicio t\u00e9cnico despu\u00e9s que configuremos \/ instalemos su sistema TPV, y a\u00fan le ofrecemos capacitaci\u00f3n para que sepa utilizar el sistema.<\/em><\/td>\n<\/tr>\n<\/tbody>\n<\/table>\n<table>\n<tbody>\n<tr>\n<td><img loading=\"lazy\" decoding=\"async\" src=\"https:\/\/sintelsystemspos.com\/wp-content\/uploads\/2015\/11\/GARANTIA.png\" alt=\"\" width=\"30\" height=\"237\" \/><\/td>\n<td>\n<ol start=\"13\">\n<li><strong>\u00bfEs usted solo una compa\u00f1ia TPV local o tiene presencia global?<\/strong><\/li>\n<\/ol>\n<p><em>Sintel Systems es su compa\u00f1\u00eda global local. Ofrecemos servicios m\u00e1s r\u00e1pido que cualquier otra compa\u00f1\u00eda local porque traemos el poder de una compa\u00f1\u00eda global a los mercados locales.<\/em><\/td>\n<\/tr>\n<\/tbody>\n<\/table>\n<p>&nbsp;<\/p>\n<p>&nbsp;<\/p>\n<p><a href=\"https:\/\/sintelsystemspos.com\/es\/general-software-demo\/\" target=\"_blank\"><img loading=\"lazy\" decoding=\"async\" class=\"alignright wp-image-2065 size-thumbnail\" title=\"Restaurante-Punto-de-Venta-Video-de-Demostracion-Sintel-Systems\" src=\"https:\/\/sintelsystemspos.com\/wp-content\/uploads\/2015\/12\/Restaurante-Punto-de-Venta-Video-de-Demostracion-Sintel-Systems.png\" alt=\"Restaurante-Punto-de-Venta-Video-de-Demostracion-Sintel-Systems\" width=\"150\" height=\"150\" \/><\/a><\/p>","protected":false},"excerpt":{"rendered":"<p>13 Preguntas Que Debe Hacer Al Elegir El Sistema TPV Correcto &nbsp; Las decisiones de hoy impulsan los resultados de ma\u00f1ana. Su sistema TPV ser\u00e1 la puerta de entrada de sus ingresos y su socio TPV ser\u00e1 su guardi\u00e1n. Por lo tanto, su decisi\u00f3n es muy sensible. Es crucial como la ubicaci\u00f3n que seleccione y [&hellip;]<\/p>\n","protected":false},"author":1,"featured_media":0,"parent":0,"menu_order":0,"comment_status":"closed","ping_status":"closed","template":"","meta":{"footnotes":""},"class_list":["post-1962","page","type-page","status-publish","czr-hentry"],"_links":{"self":[{"href":"https:\/\/sintelsystemspos.com\/es\/wp-json\/wp\/v2\/pages\/1962","targetHints":{"allow":["GET"]}}],"collection":[{"href":"https:\/\/sintelsystemspos.com\/es\/wp-json\/wp\/v2\/pages"}],"about":[{"href":"https:\/\/sintelsystemspos.com\/es\/wp-json\/wp\/v2\/types\/page"}],"author":[{"embeddable":true,"href":"https:\/\/sintelsystemspos.com\/es\/wp-json\/wp\/v2\/users\/1"}],"replies":[{"embeddable":true,"href":"https:\/\/sintelsystemspos.com\/es\/wp-json\/wp\/v2\/comments?post=1962"}],"version-history":[{"count":42,"href":"https:\/\/sintelsystemspos.com\/es\/wp-json\/wp\/v2\/pages\/1962\/revisions"}],"predecessor-version":[{"id":3043,"href":"https:\/\/sintelsystemspos.com\/es\/wp-json\/wp\/v2\/pages\/1962\/revisions\/3043"}],"wp:attachment":[{"href":"https:\/\/sintelsystemspos.com\/es\/wp-json\/wp\/v2\/media?parent=1962"}],"curies":[{"name":"wp","href":"https:\/\/api.w.org\/{rel}","templated":true}]}}