{"id":2006,"date":"2015-11-17T15:11:04","date_gmt":"2015-11-17T23:11:04","guid":{"rendered":"http:\/\/sintelsystemspos.com\/?page_id=2006"},"modified":"2021-02-02T22:46:08","modified_gmt":"2021-02-03T03:46:08","slug":"lease-financing-application","status":"publish","type":"page","link":"https:\/\/sintelsystemspos.com\/es\/lease-financing-application\/","title":{"rendered":"Solicitar Financiamiento"},"content":{"rendered":"<p><\/p>\n<p style=\"text-align: left;\"><span style=\"font-family: trebuchet ms,geneva,sans-serif; font-size: 14pt; color: #000080;\"><img decoding=\"async\" class=\"alignleft wp-image-2062 \" src=\"https:\/\/sintelsystemspos.com\/wp-content\/uploads\/2015\/11\/POS-Technical-Support-Sintel-Systems-243x300.jpg\" alt=\"POS-Technical-Support-Sintel-Systems\" width=\"124\" height=\"153\" srcset=\"https:\/\/sintelsystemspos.com\/wp-content\/uploads\/2015\/11\/POS-Technical-Support-Sintel-Systems-243x300.jpg 243w, https:\/\/sintelsystemspos.com\/wp-content\/uploads\/2015\/11\/POS-Technical-Support-Sintel-Systems-600x740.jpg 600w, https:\/\/sintelsystemspos.com\/wp-content\/uploads\/2015\/11\/POS-Technical-Support-Sintel-Systems.jpg 768w\" sizes=\"(max-width: 124px) 100vw, 124px\" \/><\/span><\/p>\n<p style=\"text-align: left;\"><span style=\"font-family: trebuchet ms,geneva,sans-serif; font-size: 14pt; color: #000080;\">Sintel Systems hace la financiaci\u00f3n de su sistema TPV f\u00e1cil. Sintel Systems TPV ofrece una amplia gama de opciones de financiamiento dependiendo en las necesidades del cliente. Tenemos opciones a plazo m\u00e1s corto de 0% de financiaci\u00f3n y opciones a largo plazo que le permiten quedarse con el equipo mientras disfruta de los beneficios del financiamiento. Llene el siguiente formulario para aprobaci\u00f3n r\u00e1pida. Tambi\u00e9n puede completar la solicitud en papel y enviarla. \u00bfQuiere saber m\u00e1s sobre las opciones antes de continuar, por favor ll\u00e1menos al 855-POS-SALE. Clientes internacionales vean la informaci\u00f3n de contacto <span style=\"text-decoration: underline;\"><em><a style=\"color: #000080; text-decoration: underline;\" href=\"https:\/\/sintelsystemspos.com\/contact-us\/\" target=\"_blank\" rel=\"noopener\">aqu\u00ed<\/a><\/em><\/span>.<\/span><\/p>\n<h2><\/h2>\n<h2><\/h2>\n<h1 style=\"text-align: center;\"><a href=\"https:\/\/sintelsystemspos.com\/wp-content\/uploads\/2015\/11\/SintelLeaseApp.pdf\" target=\"_blank\" rel=\"noopener\">Version PDF aqu\u00ed<\/a><\/h1>\n<p><script src=\"https:\/\/www.emailmeform.com\/builder\/forms\/jsform\/vaaGt6Kfjw4rYp8ah48n6053\" type=\"text\/javascript\"><\/script><\/p>\n<p style=\"text-align: center;\"><a href=\"https:\/\/sintelsystemspos.com\/pos-buyers-guide\/\" target=\"_blank\" rel=\"noopener\"><img loading=\"lazy\" decoding=\"async\" class=\"alignright wp-image-1991 size-thumbnail\" title=\"Guia-del-Comprador-Punto-de-Venta-Sintel-Systems-855-POS-SALE-www.SintelSystemsPOS.com\" src=\"https:\/\/sintelsystemspos.com\/wp-content\/uploads\/2015\/12\/Guia-del-Comprador-Punto-de-Venta-Sintel-Systems-855-POS-SALE-www.SintelSystemsPOS.com_.png\" alt=\"Guia-del-Comprador-Punto-de-Venta-Sintel-Systems-855-POS-SALE-www.SintelSystemsPOS.com\" width=\"150\" height=\"150\" \/><\/a><a href=\"https:\/\/sintelsystemspos.com\/general-software-demo\/\" target=\"_blank\" rel=\"noopener\"><img loading=\"lazy\" decoding=\"async\" class=\"alignleft wp-image-1992 size-thumbnail\" title=\"Restaurante-Punto-de-Venta-Video-de-Demostracion-Sintel-Systems\" src=\"https:\/\/sintelsystemspos.com\/wp-content\/uploads\/2015\/12\/Restaurante-Punto-de-Venta-Video-de-Demostracion-Sintel-Systems.png\" alt=\"Restaurante-Punto-de-Venta-Video-de-Demostracion-Sintel-Systems\" width=\"150\" height=\"150\" \/><\/a><\/p>\n<p><\/p>","protected":false},"excerpt":{"rendered":"<p>Sintel Systems hace la financiaci\u00f3n de su sistema TPV f\u00e1cil. Sintel Systems TPV ofrece una amplia gama de opciones de financiamiento dependiendo en las necesidades del cliente. Tenemos opciones a plazo m\u00e1s corto de 0% de financiaci\u00f3n y opciones a largo plazo que le permiten quedarse con el equipo mientras disfruta de los beneficios del [&hellip;]<\/p>\n","protected":false},"author":1,"featured_media":0,"parent":0,"menu_order":0,"comment_status":"closed","ping_status":"closed","template":"","meta":{"footnotes":""},"class_list":["post-2006","page","type-page","status-publish","czr-hentry"],"_links":{"self":[{"href":"https:\/\/sintelsystemspos.com\/es\/wp-json\/wp\/v2\/pages\/2006","targetHints":{"allow":["GET"]}}],"collection":[{"href":"https:\/\/sintelsystemspos.com\/es\/wp-json\/wp\/v2\/pages"}],"about":[{"href":"https:\/\/sintelsystemspos.com\/es\/wp-json\/wp\/v2\/types\/page"}],"author":[{"embeddable":true,"href":"https:\/\/sintelsystemspos.com\/es\/wp-json\/wp\/v2\/users\/1"}],"replies":[{"embeddable":true,"href":"https:\/\/sintelsystemspos.com\/es\/wp-json\/wp\/v2\/comments?post=2006"}],"version-history":[{"count":16,"href":"https:\/\/sintelsystemspos.com\/es\/wp-json\/wp\/v2\/pages\/2006\/revisions"}],"predecessor-version":[{"id":3882,"href":"https:\/\/sintelsystemspos.com\/es\/wp-json\/wp\/v2\/pages\/2006\/revisions\/3882"}],"wp:attachment":[{"href":"https:\/\/sintelsystemspos.com\/es\/wp-json\/wp\/v2\/media?parent=2006"}],"curies":[{"name":"wp","href":"https:\/\/api.w.org\/{rel}","templated":true}]}}