{"id":2577,"date":"2015-12-03T17:15:31","date_gmt":"2015-12-04T01:15:31","guid":{"rendered":"http:\/\/sintelsystemspos.com\/?page_id=2577"},"modified":"2016-01-22T17:53:33","modified_gmt":"2016-01-23T01:53:33","slug":"channel-partner-program","status":"publish","type":"page","link":"https:\/\/sintelsystemspos.com\/es\/channel-partner-program\/","title":{"rendered":""},"content":{"rendered":"<p><\/p>\n<h1><span style=\"color: #000080;\">Sintel Systems Programa de Asociados (Sintel Systems Channel Partner Program)- [S<sup>2<\/sup>CP<sup>2<\/sup>]<\/span><\/h1>\n<h1 style=\"text-align: center;\"><\/h1>\n<p><a href=\"https:\/\/sintelsystemspos.com\/es\/channel-partner-program\/\" target=\"_blank\"><img fetchpriority=\"high\" decoding=\"async\" class=\"alignleft\" title=\"POS-Point-of-Sale-Channel-Partner-Program-www.SintelSystemspos.com\" src=\"https:\/\/sintelsystemspos.com\/wp-content\/uploads\/2015\/12\/POS-Point-of-Sale-Channel-Partner.png\" alt=\"POS-Point-of-Sale-Channel-Partner-Program-www.SintelSystemspos.com\" width=\"250\" height=\"250\" \/><\/a><br \/>\nSintel Systems TPV tiene socios fuertes en cada etapa de nuestro trabajo. Nuestra filosof\u00eda alinea los objetivos de todos los involucrados, incluyendo a nuestras instalaciones de fabricaci\u00f3n de hardware, nuestro desarrollo de software, nuestro excelente equipo de soporte t\u00e9cnico, nuestros socios globales, nuestros clientes internacionales, y sus clientes. Sabemos que todos los involucrados de esta cadena deben beneficiarse sin comprometer el inter\u00e9s de cualquier otro involucrado. El Programa de Asociados de Sintel Systems (S2CP2) permite a nuestros socios alrededor del mundo trabajar con Sintel Systems para ofrecer un servicio TPV sin igual para sus clientes. El programa S2CP2 asegura desde el principio que nuestros socios no estar\u00e1n sobrecargados y sus clientes recibir\u00e1n un servicio excepcional sin importar las habilidades iniciales, conocimientos, o la experiencia de nuestro socio. El objetivo de S2CP2 es que los socios reciban beneficios inmediatos sin invertir mucho tiempo o financieramente. Esta es la raz\u00f3n por la que S2CP2 no es el distribuidor, agente o un t\u00edpico revendedor. Aqu\u00ed est\u00e1n las etapas t\u00edpicas del S2CP2: S<sup>2<\/sup>CP<sup>2<\/sup>:<\/p>\n<ul>\n<li>Las primeras transacciones son esencialmente referencias y una experiencia de aprendizaje para el Programa de Asociados. El asociado trabajar\u00e1 de cerca con un miembro del personal de Sintel Systems y referir\u00e1 a un cliente potencial para el servicio TPV. Despu\u00e9s de la referencia inicial, el asociado puede elegir su nivel de participaci\u00f3n desde la simple referencia de un cliente hasta la instalaci\u00f3n del sistema. S\u00ed, nuestro asociado estar\u00e1 listo para instalar su primera recomendaci\u00f3n. Una vez que el primer sistema es enviado e instalado, se proporciona una generosa comisi\u00f3n por la referencia al asociado directamente de Sintel Systems. No hay necesidad de que el asociado agregue un cargo adicional aparte del precio que Sintel Systems cobra para servicios TPV.<\/li>\n<\/ul>\n<ul>\n<li>Una vez que el asociado ha agregado diez clientes a su cuenta califica para convertirse en una conexi\u00f3n de Sintel Systems. Sin embargo, el asociado puede continuar como una fuente de referencia y no asumir responsabilidades adicionales. Como una conexi\u00f3n de Sintel Systems, la venta del sistema, la colecci\u00f3n de los fondos, y la instalaci\u00f3n se convierte en la responsabilidad del asociado. Naturalmente, las comisiones establecidas por Sintel Systems aumentaran. En esta etapa, el asociado no ser\u00e1 responsable de la capacitaci\u00f3n, asistencia t\u00e9cnica, o cualquier otra necesidad.<\/li>\n<\/ul>\n<ul>\n<li>El Centro Certificado de Sintel Systems es la siguiente etapa y los asociados son elegibles despu\u00e9s de 20 cuentas totales que se hayan acumulado. En esta etapa, el asociado puede ofrecer directamente el sistema punto de venta y servicios al cliente. El asociado recibir\u00e1 el sistema TPV de Sintel Systems y directamente lo puede ofrecer al cliente. El Centro Certificado de Sintel Systems son responsables de todas las necesidades y obtener las recompensas con mayores responsabilidades.<\/li>\n<\/ul>\n<ul>\n<li>El proceso anterior tiene por objeto garantizar que todos los involucrados est\u00e9n protegidos incluyendo el cliente. Con el fin de garantizar que el usuario final siempre este protegido, Sintel Systems siempre estar\u00e1 disponible sin importar el estado del asociado. Tener un socio fuerte global de TPV ofrecer\u00e1 la confianza a las necesidades de los clientes potenciales del asociado.<\/li>\n<\/ul>\n<p>Si usted est\u00e1 interesado en formar parte del equipo global de Sintel Systems y unirse a S2CP2, por favor p\u00f3ngase en contacto con nosotros:<\/p>\n<p><a href=\"https:\/\/sintelsystemspos.com\/es\/support\/\" target=\"_blank\"><img loading=\"lazy\" decoding=\"async\" class=\"alignleft wp-image-2595 size-medium\" src=\"https:\/\/sintelsystemspos.com\/wp-content\/uploads\/2015\/12\/Best-POS-Point-of-Sale-Technical-Support-www.SintelSystemsPOS.com-855-POS-SALE-300x127.png\" alt=\"Best-POS-Point-of-Sale-Technical-Support-www.SintelSystemsPOS.com-855-POS-SALE\" width=\"300\" height=\"127\" srcset=\"https:\/\/sintelsystemspos.com\/wp-content\/uploads\/2015\/12\/Best-POS-Point-of-Sale-Technical-Support-www.SintelSystemsPOS.com-855-POS-SALE-300x127.png 300w, https:\/\/sintelsystemspos.com\/wp-content\/uploads\/2015\/12\/Best-POS-Point-of-Sale-Technical-Support-www.SintelSystemsPOS.com-855-POS-SALE-600x253.png 600w, https:\/\/sintelsystemspos.com\/wp-content\/uploads\/2015\/12\/Best-POS-Point-of-Sale-Technical-Support-www.SintelSystemsPOS.com-855-POS-SALE.png 1000w\" sizes=\"(max-width: 300px) 100vw, 300px\" \/><\/a><a href=\"https:\/\/sintelsystemspos.com\/es\/general-software-demo\/\" target=\"_blank\"><img loading=\"lazy\" decoding=\"async\" class=\"alignleft wp-image-2656\" src=\"https:\/\/sintelsystemspos.com\/wp-content\/uploads\/2015\/12\/Punot-De-Venta-PTV-Restaurante-Ver-Video-de-Demostracion-www.SintelSystemsPOS.com_.png\" alt=\"Punot-De-Venta-PTV-Restaurante-Ver-Video-de-Demostracion-www.SintelSystemsPOS.com\" width=\"120\" height=\"120\" srcset=\"https:\/\/sintelsystemspos.com\/wp-content\/uploads\/2015\/12\/Punot-De-Venta-PTV-Restaurante-Ver-Video-de-Demostracion-www.SintelSystemsPOS.com_.png 150w, https:\/\/sintelsystemspos.com\/wp-content\/uploads\/2015\/12\/Punot-De-Venta-PTV-Restaurante-Ver-Video-de-Demostracion-www.SintelSystemsPOS.com_-100x100.png 100w\" sizes=\"(max-width: 120px) 100vw, 120px\" \/><\/a><script src=\"https:\/\/www.emailmeform.com\/builder\/forms\/jsform\/f1RK6MP1Bf8H4V0n\" type=\"text\/javascript\"><\/script><\/p>","protected":false},"excerpt":{"rendered":"<p>Sintel Systems Programa de Asociados (Sintel Systems Channel Partner Program)- [S2CP2] Sintel Systems TPV tiene socios fuertes en cada etapa de nuestro trabajo. Nuestra filosof\u00eda alinea los objetivos de todos los involucrados, incluyendo a nuestras instalaciones de fabricaci\u00f3n de hardware, nuestro desarrollo de software, nuestro excelente equipo de soporte t\u00e9cnico, nuestros socios globales, nuestros clientes [&hellip;]<\/p>\n","protected":false},"author":1,"featured_media":0,"parent":0,"menu_order":0,"comment_status":"closed","ping_status":"closed","template":"","meta":{"footnotes":""},"class_list":["post-2577","page","type-page","status-publish","czr-hentry"],"_links":{"self":[{"href":"https:\/\/sintelsystemspos.com\/es\/wp-json\/wp\/v2\/pages\/2577","targetHints":{"allow":["GET"]}}],"collection":[{"href":"https:\/\/sintelsystemspos.com\/es\/wp-json\/wp\/v2\/pages"}],"about":[{"href":"https:\/\/sintelsystemspos.com\/es\/wp-json\/wp\/v2\/types\/page"}],"author":[{"embeddable":true,"href":"https:\/\/sintelsystemspos.com\/es\/wp-json\/wp\/v2\/users\/1"}],"replies":[{"embeddable":true,"href":"https:\/\/sintelsystemspos.com\/es\/wp-json\/wp\/v2\/comments?post=2577"}],"version-history":[{"count":19,"href":"https:\/\/sintelsystemspos.com\/es\/wp-json\/wp\/v2\/pages\/2577\/revisions"}],"predecessor-version":[{"id":3055,"href":"https:\/\/sintelsystemspos.com\/es\/wp-json\/wp\/v2\/pages\/2577\/revisions\/3055"}],"wp:attachment":[{"href":"https:\/\/sintelsystemspos.com\/es\/wp-json\/wp\/v2\/media?parent=2577"}],"curies":[{"name":"wp","href":"https:\/\/api.w.org\/{rel}","templated":true}]}}