{"id":1290,"date":"2015-10-09T10:56:23","date_gmt":"2015-10-09T17:56:23","guid":{"rendered":"http:\/\/sintelsystemspos.com\/?page_id=1290"},"modified":"2015-12-16T17:26:52","modified_gmt":"2015-12-17T01:26:52","slug":"chinese-food-pos-asian-cuisine-pos","status":"publish","type":"page","link":"https:\/\/sintelsystemspos.com\/fr\/point-of-sale\/food-service-pos\/chinese-food-pos-asian-cuisine-pos\/","title":{"rendered":"Chinese Food POS &#8211; Asian Cuisine POS"},"content":{"rendered":"<p class=\"qtranxs-available-languages-message qtranxs-available-languages-message-fr\">D\u00e9sol\u00e9, cet article est seulement disponible en <a href=\"https:\/\/sintelsystemspos.com\/en\/wp-json\/wp\/v2\/pages\/1290\" class=\"qtranxs-available-language-link qtranxs-available-language-link-en\" title=\"English\">English<\/a> et <a href=\"https:\/\/sintelsystemspos.com\/es\/wp-json\/wp\/v2\/pages\/1290\" class=\"qtranxs-available-language-link qtranxs-available-language-link-es\" title=\"Espa\u00f1ol\">Espa\u00f1ol<\/a>. Pour le confort de l\u2019utilisateur, le contenu est affich\u00e9 ci-dessous dans la langue par d\u00e9faut du site. Vous pouvez cliquer l\u2019un des liens pour changer la langue du site en une autre langue disponible.<\/p><p>&nbsp;<\/p>\n<p style=\"text-align: center;\"><a href=\"http:\/\/www.ChineseFoodPOS.com\" target=\"_blank\"><img decoding=\"async\" class=\"wp-image-2758 aligncenter\" src=\"https:\/\/sintelsystemspos.com\/wp-content\/uploads\/2015\/10\/Chines-Restaurant-POS-Point-of-Sale-Special-www.SintelSystemsPOS.com-855-POS-SALE-300x300.png\" alt=\"Chines-Restaurant-POS-Point-of-Sale-Special-www.SintelSystemsPOS.com-855-POS-SALE\" width=\"189\" height=\"189\" srcset=\"https:\/\/sintelsystemspos.com\/wp-content\/uploads\/2015\/10\/Chines-Restaurant-POS-Point-of-Sale-Special-www.SintelSystemsPOS.com-855-POS-SALE-300x300.png 300w, https:\/\/sintelsystemspos.com\/wp-content\/uploads\/2015\/10\/Chines-Restaurant-POS-Point-of-Sale-Special-www.SintelSystemsPOS.com-855-POS-SALE-100x100.png 100w, https:\/\/sintelsystemspos.com\/wp-content\/uploads\/2015\/10\/Chines-Restaurant-POS-Point-of-Sale-Special-www.SintelSystemsPOS.com-855-POS-SALE-600x600.png 600w, https:\/\/sintelsystemspos.com\/wp-content\/uploads\/2015\/10\/Chines-Restaurant-POS-Point-of-Sale-Special-www.SintelSystemsPOS.com-855-POS-SALE-150x150.png 150w, https:\/\/sintelsystemspos.com\/wp-content\/uploads\/2015\/10\/Chines-Restaurant-POS-Point-of-Sale-Special-www.SintelSystemsPOS.com-855-POS-SALE.png 766w\" sizes=\"(max-width: 189px) 100vw, 189px\" \/><\/a><strong><a href=\"https:\/\/sintelsystemspos.com\/product\/chinese-food-software-pos\/\" target=\"_blank\"><img fetchpriority=\"high\" decoding=\"async\" class=\"size-medium wp-image-835 alignright\" src=\"https:\/\/sintelsystemspos.com\/wp-content\/uploads\/2015\/05\/chinese_food-270x300.png\" alt=\"Chinese-Food-POS-Point-of-Sale-Sintel-Systems-855-POS-SALE-www.SintelSystemsPOS.com\" width=\"270\" height=\"300\" srcset=\"https:\/\/sintelsystemspos.com\/wp-content\/uploads\/2015\/05\/chinese_food-270x300.png 270w, https:\/\/sintelsystemspos.com\/wp-content\/uploads\/2015\/05\/chinese_food-600x666.png 600w, https:\/\/sintelsystemspos.com\/wp-content\/uploads\/2015\/05\/chinese_food.png 768w\" sizes=\"(max-width: 270px) 100vw, 270px\" \/><\/a><\/strong><\/p>\n<p><span style=\"font-size: 14pt; color: #0000ff;\"><span style=\"color: #000000;\">POS systems specifically designed for Chinese Restaurants<\/span><\/span><a href=\"https:\/\/sintelsystemspos.com\/es\/product\/chinese-food-software-pos\/\" target=\"_blank\"><strong><img decoding=\"async\" class=\"alignright wp-image-2239 \" src=\"https:\/\/sintelsystemspos.com\/wp-content\/uploads\/2015\/10\/Chinese-POS-Kitchen-Diplay-System-KDS-Sintel-Systems-855-POS-SALE.jpg\" alt=\"Chinese-POS-Kitchen-Diplay-System-KDS-Sintel-Systems-855-POS-SALE\" width=\"306\" height=\"179\" srcset=\"https:\/\/sintelsystemspos.com\/wp-content\/uploads\/2015\/10\/Chinese-POS-Kitchen-Diplay-System-KDS-Sintel-Systems-855-POS-SALE.jpg 979w, https:\/\/sintelsystemspos.com\/wp-content\/uploads\/2015\/10\/Chinese-POS-Kitchen-Diplay-System-KDS-Sintel-Systems-855-POS-SALE-600x351.jpg 600w, https:\/\/sintelsystemspos.com\/wp-content\/uploads\/2015\/10\/Chinese-POS-Kitchen-Diplay-System-KDS-Sintel-Systems-855-POS-SALE-300x176.jpg 300w\" sizes=\"(max-width: 306px) 100vw, 306px\" \/><\/strong><\/a><span style=\"font-size: 14pt; color: #0000ff;\"><span style=\"color: #000000;\"> with:<\/span> <\/span><\/p>\n<ul>\n<li><span style=\"color: #ff9900;\"><strong><span style=\"font-size: 14pt; font-family: helvetica,arial,sans-serif;\">User Friendly Menu w\/ Pictures &amp; Chinese<br \/>\n<\/span><\/strong><\/span><\/li>\n<li><span style=\"color: #ff9900;\"><strong><span style=\"font-size: 14pt; font-family: helvetica,arial,sans-serif;\">KDS &amp; Kitchen Printer in Chinese\/English<\/span><\/strong><\/span><\/li>\n<li><span style=\"color: #ff9900;\"><strong><span style=\"font-size: 14pt; font-family: helvetica,arial,sans-serif;\">Table &amp; Order Assignment<\/span><\/strong><\/span><\/li>\n<li><span style=\"color: #ff9900;\"><strong><span style=\"font-size: 14pt; font-family: helvetica,arial,sans-serif;\">Pickup &amp; Deliver Function<\/span><\/strong><\/span><\/li>\n<li><span style=\"color: #ff9900;\"><strong><span style=\"font-size: 14pt; font-family: helvetica,arial,sans-serif;\">Catering &amp; Order Taking<\/span><\/strong><\/span><\/li>\n<li><span style=\"color: #ff9900;\"><strong><span style=\"font-size: 14pt; font-family: helvetica,arial,sans-serif;\">Easy Employee Training<\/span><\/strong><\/span><\/li>\n<li><span style=\"color: #ff9900;\"><strong><span style=\"font-size: 14pt; font-family: helvetica,arial,sans-serif;\">Extensive Reports<\/span><\/strong><\/span><\/li>\n<li><span style=\"color: #ff9900;\"><strong><span style=\"font-size: 14pt; font-family: helvetica,arial,sans-serif;\">iPad \/ Tablet \/Mobile Order Taking<\/span><\/strong><\/span><\/li>\n<\/ul>\n<p>&nbsp;<\/p>\n<p><a href=\"https:\/\/www.sintelsystems.com\/point-of-sale\/food-service\/chinese-food\" target=\"_blank\"><img loading=\"lazy\" decoding=\"async\" class=\"aligncenter wp-image-2366\" src=\"https:\/\/sintelsystemspos.com\/wp-content\/uploads\/2015\/10\/Build-Your-Sintel-Systems-POS.png\" alt=\"Build-Your-Sintel-Systems-POS\" width=\"236\" height=\"84\" srcset=\"https:\/\/sintelsystemspos.com\/wp-content\/uploads\/2015\/10\/Build-Your-Sintel-Systems-POS.png 736w, https:\/\/sintelsystemspos.com\/wp-content\/uploads\/2015\/10\/Build-Your-Sintel-Systems-POS-600x214.png 600w, https:\/\/sintelsystemspos.com\/wp-content\/uploads\/2015\/10\/Build-Your-Sintel-Systems-POS-300x107.png 300w\" sizes=\"(max-width: 236px) 100vw, 236px\" \/><\/a><\/p>\n<div class=\"questions\">\n<p>Chinese cuisine has become a favorite ethnic food appealing to millions of people across the world. Almost everyone enjoys Chinese food daily. It offers dishes that are known to be some of the tastiest, most affordable and distinctive in the world that brings a unique flavor to the table. From sweet and sour to spicy, from chicken to beef to pork, there is a huge variety of dishes served that please everyone\u2019s taste.<\/p>\n<p>Chinese food has long been available in a form that suits the American taste, as well as in varieties that more closely resemble the various cuisines actually served in China and in Chinese communities around the world. Restaurants in large cities like New York and San Francisco, may serve both American and Chinese food, so people can enjoy the best of both worlds at the same restaurant.<\/p>\n<p>While Chinese Food restaurants rise to meet the demands of their customers, the Point of Sale industry increases development to meet the demands of the restaurants. In a business catering to millions of people, having up-to-date POS technology is vital.<\/p>\n<p><strong>\u00ab\u00a0Managing your Chinese Food Restaurant has never been EASIER\u00a0\u00bb<\/strong><\/p>\n<p>With our POS software, transactions are processed quickly and accurately. This top-of-the-line software combines simple user interfaces with powerful management tools. Featuring a simple, intuitive back office which does not require hours of labor intensive data entry, entering your menu items can be done in minutes. This in turn makes employee training fast and easy.<\/p>\n<p><strong>How to select the BEST Chinese Food POS System?<\/strong><\/p>\n<p>Sintel Systems provides three different complete Chinese Food POS Systems (see below). These systems include everything you need: Pre-configured Hardware, Pre-installed Software, &amp; Customer Service. Packages are designed based on Ease of Use, Efficiency, Long Term Dependability and Appearance.<\/p>\n<\/div>\n<p><\/p>","protected":false},"excerpt":{"rendered":"<p>D\u00e9sol\u00e9, cet article est seulement disponible en English et Espa\u00f1ol. Pour le confort de l\u2019utilisateur, le contenu est affich\u00e9 ci-dessous dans la langue par d\u00e9faut du site. Vous pouvez cliquer l\u2019un des liens pour changer la langue du site en une autre langue disponible.&nbsp; POS systems specifically designed for Chinese Restaurants with: User Friendly Menu [&hellip;]<\/p>\n","protected":false},"author":1,"featured_media":0,"parent":1258,"menu_order":6,"comment_status":"closed","ping_status":"closed","template":"","meta":{"footnotes":""},"class_list":["post-1290","page","type-page","status-publish","czr-hentry"],"_links":{"self":[{"href":"https:\/\/sintelsystemspos.com\/fr\/wp-json\/wp\/v2\/pages\/1290","targetHints":{"allow":["GET"]}}],"collection":[{"href":"https:\/\/sintelsystemspos.com\/fr\/wp-json\/wp\/v2\/pages"}],"about":[{"href":"https:\/\/sintelsystemspos.com\/fr\/wp-json\/wp\/v2\/types\/page"}],"author":[{"embeddable":true,"href":"https:\/\/sintelsystemspos.com\/fr\/wp-json\/wp\/v2\/users\/1"}],"replies":[{"embeddable":true,"href":"https:\/\/sintelsystemspos.com\/fr\/wp-json\/wp\/v2\/comments?post=1290"}],"version-history":[{"count":15,"href":"https:\/\/sintelsystemspos.com\/fr\/wp-json\/wp\/v2\/pages\/1290\/revisions"}],"predecessor-version":[{"id":2949,"href":"https:\/\/sintelsystemspos.com\/fr\/wp-json\/wp\/v2\/pages\/1290\/revisions\/2949"}],"up":[{"embeddable":true,"href":"https:\/\/sintelsystemspos.com\/fr\/wp-json\/wp\/v2\/pages\/1258"}],"wp:attachment":[{"href":"https:\/\/sintelsystemspos.com\/fr\/wp-json\/wp\/v2\/media?parent=1290"}],"curies":[{"name":"wp","href":"https:\/\/api.w.org\/{rel}","templated":true}]}}