{"id":1681,"date":"2015-10-27T13:38:23","date_gmt":"2015-10-27T20:38:23","guid":{"rendered":"http:\/\/sintelsystemspos.com\/?page_id=1681"},"modified":"2016-03-26T15:02:47","modified_gmt":"2016-03-26T22:02:47","slug":"general-software-demo","status":"publish","type":"page","link":"https:\/\/sintelsystemspos.com\/fr\/general-software-demo\/","title":{"rendered":"General Software Demo"},"content":{"rendered":"<p class=\"qtranxs-available-languages-message qtranxs-available-languages-message-fr\">D\u00e9sol\u00e9, cet article est seulement disponible en <a href=\"https:\/\/sintelsystemspos.com\/en\/wp-json\/wp\/v2\/pages\/1681\" class=\"qtranxs-available-language-link qtranxs-available-language-link-en\" title=\"English\">English<\/a>, <a href=\"https:\/\/sintelsystemspos.com\/es\/wp-json\/wp\/v2\/pages\/1681\" class=\"qtranxs-available-language-link qtranxs-available-language-link-es\" title=\"Espa\u00f1ol\">Espa\u00f1ol<\/a> et <a href=\"https:\/\/sintelsystemspos.com\/ar\/wp-json\/wp\/v2\/pages\/1681\" class=\"qtranxs-available-language-link qtranxs-available-language-link-ar\" title=\"\u0627\u0644\u0639\u0631\u0628\u064a\u0629\">\u0627\u0644\u0639\u0631\u0628\u064a\u0629<\/a>. Pour le confort de l\u2019utilisateur, le contenu est affich\u00e9 ci-dessous dans la langue par d\u00e9faut du site. Vous pouvez cliquer l\u2019un des liens pour changer la langue du site en une autre langue disponible.<\/p><p><a href=\"https:\/\/sintelsystemspos.com\/pos-buyers-guide\/\" target=\"_blank\"><img decoding=\"async\" class=\"alignright wp-image-1991\" title=\"POS-Point-of-Sale-Buyers-Guide-Sintel-Systsems-855-POS-SALE-www.SintelSystesmPOS.com\" src=\"https:\/\/sintelsystemspos.com\/wp-content\/uploads\/2015\/12\/POS-Point-of-Sale-Buyers-Guide-Sintel-Systsems-855-POS-SALE-www.SintelSystesmPOS.com_.png\" alt=\"POS-Point-of-Sale-Buyers-Guide-Sintel-Systsems-855-POS-SALE-www.SintelSystesmPOS.com\" width=\"166\" height=\"153\" \/><\/a><\/p>\n<p>The following is a demo of point of sale (POS) software for restaurants and other eating establishments offered bySintel Systems. Our other professional software platforms including our <a href=\"https:\/\/sintelsystemspos.com\/product\/retail-software-pos\/\" target=\"_blank\">Sintel Retail<\/a> and <a href=\"https:\/\/sintelsystemspos.com\/product\/salon-software-pos\/\" target=\"_blank\">Sintel Salon<\/a> are available via free live online demos. Want to experience a free live demo with one our specialists? Click <a href=\"https:\/\/sintelsystemspos.com\/request-live-demo\/\" target=\"_blank\">here<\/a> to schedule or call us today at 855-POS-SALE or email us at Support@SintelSystem.com to schedule a time.<\/p>\n<p>For a list of the newest POS software <a title=\"Software POS\" href=\"https:\/\/www.sintelsystems.com\/our-software\" target=\"_blank\">Click Here <\/a><\/p>\n<p>Please contact us for support on existing systems or <a title=\"POS System Live Demo\" href=\"https:\/\/www.sintelsystems.com\/requestlivedemo\" target=\"_blank\">Live Demo<\/a> for new customers.<br \/>\n<iframe src=\"https:\/\/www.youtube.com\/embed\/ZASqt3JXJdE?autoplay=1&amp;cc_load_policy=1\" width=\"560\" height=\"315\" frameborder=\"0\" allowfullscreen=\"allowfullscreen\"><\/iframe><\/p>","protected":false},"excerpt":{"rendered":"<p>D\u00e9sol\u00e9, cet article est seulement disponible en English, Espa\u00f1ol et \u0627\u0644\u0639\u0631\u0628\u064a\u0629. Pour le confort de l\u2019utilisateur, le contenu est affich\u00e9 ci-dessous dans la langue par d\u00e9faut du site. Vous pouvez cliquer l\u2019un des liens pour changer la langue du site en une autre langue disponible. The following is a demo of point of sale (POS) [&hellip;]<\/p>\n","protected":false},"author":1,"featured_media":0,"parent":0,"menu_order":0,"comment_status":"closed","ping_status":"closed","template":"","meta":{"footnotes":""},"class_list":["post-1681","page","type-page","status-publish","czr-hentry"],"_links":{"self":[{"href":"https:\/\/sintelsystemspos.com\/fr\/wp-json\/wp\/v2\/pages\/1681","targetHints":{"allow":["GET"]}}],"collection":[{"href":"https:\/\/sintelsystemspos.com\/fr\/wp-json\/wp\/v2\/pages"}],"about":[{"href":"https:\/\/sintelsystemspos.com\/fr\/wp-json\/wp\/v2\/types\/page"}],"author":[{"embeddable":true,"href":"https:\/\/sintelsystemspos.com\/fr\/wp-json\/wp\/v2\/users\/1"}],"replies":[{"embeddable":true,"href":"https:\/\/sintelsystemspos.com\/fr\/wp-json\/wp\/v2\/comments?post=1681"}],"version-history":[{"count":10,"href":"https:\/\/sintelsystemspos.com\/fr\/wp-json\/wp\/v2\/pages\/1681\/revisions"}],"predecessor-version":[{"id":3160,"href":"https:\/\/sintelsystemspos.com\/fr\/wp-json\/wp\/v2\/pages\/1681\/revisions\/3160"}],"wp:attachment":[{"href":"https:\/\/sintelsystemspos.com\/fr\/wp-json\/wp\/v2\/media?parent=1681"}],"curies":[{"name":"wp","href":"https:\/\/api.w.org\/{rel}","templated":true}]}}