{"id":1810,"date":"2015-11-03T11:26:31","date_gmt":"2015-11-03T19:26:31","guid":{"rendered":"http:\/\/sintelsystemspos.com\/?page_id=1810"},"modified":"2015-11-24T17:35:53","modified_gmt":"2015-11-25T01:35:53","slug":"request-live-demo","status":"publish","type":"page","link":"https:\/\/sintelsystemspos.com\/fr\/request-live-demo\/","title":{"rendered":"Request Free Live Demo \/ Quote"},"content":{"rendered":"<p class=\"qtranxs-available-languages-message qtranxs-available-languages-message-fr\">D\u00e9sol\u00e9, cet article est seulement disponible en <a href=\"https:\/\/sintelsystemspos.com\/en\/wp-json\/wp\/v2\/pages\/1810\" class=\"qtranxs-available-language-link qtranxs-available-language-link-en\" title=\"English\">English<\/a> et <a href=\"https:\/\/sintelsystemspos.com\/es\/wp-json\/wp\/v2\/pages\/1810\" class=\"qtranxs-available-language-link qtranxs-available-language-link-es\" title=\"Espa\u00f1ol\">Espa\u00f1ol<\/a>. Pour le confort de l\u2019utilisateur, le contenu est affich\u00e9 ci-dessous dans la langue par d\u00e9faut du site. Vous pouvez cliquer l\u2019un des liens pour changer la langue du site en une autre langue disponible.<\/p><p><img fetchpriority=\"high\" decoding=\"async\" class=\"alignleft size-full wp-image-1988\" src=\"https:\/\/sintelsystemspos.com\/wp-content\/uploads\/2015\/11\/AtYourServiceLiveDemo.jpg\" alt=\"AtYourServiceLiveDemo\" width=\"187\" height=\"299\" \/><\/p>\n<p>&nbsp;<\/p>\n<p>&nbsp;<\/p>\n<h2 style=\"text-align: center;\">Tired of pushy salesmen? Experience a free live online demo with one of our friendly technical staff in your language. No obligation. No Push.<\/h2>\n<h2 style=\"text-align: center;\"><\/h2>\n<h2 style=\"text-align: center;\">In a hurry? Call us now @ 855-POS-SALE<\/h2>\n<p><script src=\"https:\/\/www.emailmeform.com\/builder\/forms\/jsform\/brn98xOS38Q9cPgc\" type=\"text\/javascript\"><\/script><\/p>","protected":false},"excerpt":{"rendered":"<p>D\u00e9sol\u00e9, cet article est seulement disponible en English et Espa\u00f1ol. Pour le confort de l\u2019utilisateur, le contenu est affich\u00e9 ci-dessous dans la langue par d\u00e9faut du site. Vous pouvez cliquer l\u2019un des liens pour changer la langue du site en une autre langue disponible. &nbsp; &nbsp; Tired of pushy salesmen? Experience a free live online [&hellip;]<\/p>\n","protected":false},"author":1,"featured_media":0,"parent":0,"menu_order":0,"comment_status":"closed","ping_status":"closed","template":"","meta":{"footnotes":""},"class_list":["post-1810","page","type-page","status-publish","czr-hentry"],"_links":{"self":[{"href":"https:\/\/sintelsystemspos.com\/fr\/wp-json\/wp\/v2\/pages\/1810","targetHints":{"allow":["GET"]}}],"collection":[{"href":"https:\/\/sintelsystemspos.com\/fr\/wp-json\/wp\/v2\/pages"}],"about":[{"href":"https:\/\/sintelsystemspos.com\/fr\/wp-json\/wp\/v2\/types\/page"}],"author":[{"embeddable":true,"href":"https:\/\/sintelsystemspos.com\/fr\/wp-json\/wp\/v2\/users\/1"}],"replies":[{"embeddable":true,"href":"https:\/\/sintelsystemspos.com\/fr\/wp-json\/wp\/v2\/comments?post=1810"}],"version-history":[{"count":6,"href":"https:\/\/sintelsystemspos.com\/fr\/wp-json\/wp\/v2\/pages\/1810\/revisions"}],"predecessor-version":[{"id":1989,"href":"https:\/\/sintelsystemspos.com\/fr\/wp-json\/wp\/v2\/pages\/1810\/revisions\/1989"}],"wp:attachment":[{"href":"https:\/\/sintelsystemspos.com\/fr\/wp-json\/wp\/v2\/media?parent=1810"}],"curies":[{"name":"wp","href":"https:\/\/api.w.org\/{rel}","templated":true}]}}