{"id":1839,"date":"2015-11-04T12:23:59","date_gmt":"2015-11-04T20:23:59","guid":{"rendered":"http:\/\/sintelsystemspos.com\/?page_id=1839"},"modified":"2015-12-01T12:05:04","modified_gmt":"2015-12-01T20:05:04","slug":"tablet-i-pos-solutions-retail","status":"publish","type":"page","link":"https:\/\/sintelsystemspos.com\/fr\/tablet-i-pos-solutions-retail\/","title":{"rendered":"Tablet-i Retail"},"content":{"rendered":"<p class=\"qtranxs-available-languages-message qtranxs-available-languages-message-fr\">D\u00e9sol\u00e9, cet article est seulement disponible en <a href=\"https:\/\/sintelsystemspos.com\/en\/wp-json\/wp\/v2\/pages\/1839\" class=\"qtranxs-available-language-link qtranxs-available-language-link-en\" title=\"English\">English<\/a> et <a href=\"https:\/\/sintelsystemspos.com\/es\/wp-json\/wp\/v2\/pages\/1839\" class=\"qtranxs-available-language-link qtranxs-available-language-link-es\" title=\"Espa\u00f1ol\">Espa\u00f1ol<\/a>. Pour le confort de l\u2019utilisateur, le contenu est affich\u00e9 ci-dessous dans la langue par d\u00e9faut du site. Vous pouvez cliquer l\u2019un des liens pour changer la langue du site en une autre langue disponible.<\/p><p><img fetchpriority=\"high\" decoding=\"async\" class=\"alignleft size-medium wp-image-1844\" src=\"https:\/\/sintelsystemspos.com\/wp-content\/uploads\/2015\/11\/index-2_3-300x288.jpg\" alt=\"\" width=\"300\" height=\"288\" srcset=\"https:\/\/sintelsystemspos.com\/wp-content\/uploads\/2015\/11\/index-2_3-300x288.jpg 300w, https:\/\/sintelsystemspos.com\/wp-content\/uploads\/2015\/11\/index-2_3.jpg 430w\" sizes=\"(max-width: 300px) 100vw, 300px\" \/>Tablet-i Retail is an Android\u2122 based POS solution that is perfectly suited for smaller apparel, convenience, liquor, and<br \/>\nother retail store types. This industry leading, next generation solution, is powerful, reliable, and possesses all of the key<br \/>\nfeatures you need to run your store efficiently.<\/p>\n<p>Tablet-i Retail has a customizable, intuitive user interface that maximizes productivity, while the customer and business<br \/>\nmanagement features help improve customer flow and increase revenue. The Cloud back office provides robust<br \/>\nbusiness analytics to streamline employee, vendor, and inventory management to help maximize profitability and control losses.<\/p>\n<p><span style=\"font-size: 14pt;\">\u2713 Increase revenue \u2713 Maximize staff productivity \u2713 Streamline customer flow \u2713 Enhance customer experience<\/span><\/p>\n<p>&nbsp;<\/p>\n<table>\n<tbody>\n<tr>\n<td>INVENTORY MANAGEMENT<\/p>\n<p>&#8211; Real-time inventory tracking, transfer and reporting<br \/>\n&#8211; Purchase order tracking<br \/>\n&#8211; Control inventory for multiple stores<br \/>\n&#8211; Track item costs and profit margins<br \/>\n&#8211; Maintain and manage a list of vendors, inventory and pricing<\/p>\n<p>&nbsp;<\/p>\n<p>&nbsp;<\/p>\n<p>&nbsp;<\/td>\n<td>BUSINESS MANAGEMENT<\/p>\n<p>&#8211; Cloud-based back office supports tablet and smartphones<br \/>\n&#8211; Customizable reports including sales by designated period,<br \/>\nlocation, employee, or item<br \/>\n&#8211; Data bank to create customer profiles<br \/>\n&#8211; Sales and transaction history<br \/>\n&#8211; Track discounts, coupons, and refund history for one or<br \/>\nmultiple store<br \/>\n&#8211; Item ledger logs (price change, sales data, data change history)<br \/>\n&#8211; Global customer management<\/td>\n<td>OPERATIONS MANAGEMENT<\/p>\n<p>&#8211; Capture signatures and send receipts electronically<br \/>\n&#8211; Supports multiple cashier stations<br \/>\n&#8211; Register\/drawer manager controls cash on floor<br \/>\n&#8211; Print gift receipts<br \/>\n&#8211; Offline POS mode<\/p>\n<p>&nbsp;<\/p>\n<p>&nbsp;<\/p>\n<p>&nbsp;<\/td>\n<\/tr>\n<\/tbody>\n<\/table>\n<h1>Stimulate<img decoding=\"async\" class=\"alignright wp-image-1849 size-full\" src=\"https:\/\/sintelsystemspos.com\/wp-content\/uploads\/2015\/11\/index-3_5.jpg\" alt=\"index-3_5\" width=\"520\" height=\"324\" srcset=\"https:\/\/sintelsystemspos.com\/wp-content\/uploads\/2015\/11\/index-3_5.jpg 520w, https:\/\/sintelsystemspos.com\/wp-content\/uploads\/2015\/11\/index-3_5-300x187.jpg 300w\" sizes=\"(max-width: 520px) 100vw, 520px\" \/><\/h1>\n<h1>Merchant Revenue<\/h1>\n<p>&nbsp;<\/p>\n<h2>Merchants can now quickly and cost effectively<\/h2>\n<h2>create and customize promotions via e-mail to existing<\/h2>\n<h2>and prespective customers.<\/h2>\n<p>&nbsp;<\/p>\n<p>&nbsp;<\/p>\n<p>&nbsp;<\/p>\n<p>&nbsp;<\/p>\n<h1>e-COUPONS<img decoding=\"async\" class=\"alignright wp-image-1845\" src=\"https:\/\/sintelsystemspos.com\/wp-content\/uploads\/2015\/11\/index-3_1-300x166.jpg\" alt=\"index-3_1\" width=\"500\" height=\"277\" srcset=\"https:\/\/sintelsystemspos.com\/wp-content\/uploads\/2015\/11\/index-3_1-300x166.jpg 300w, https:\/\/sintelsystemspos.com\/wp-content\/uploads\/2015\/11\/index-3_1-600x332.jpg 600w, https:\/\/sintelsystemspos.com\/wp-content\/uploads\/2015\/11\/index-3_1.jpg 785w\" sizes=\"(max-width: 500px) 100vw, 500px\" \/><\/h1>\n<p>Discount items or services by dollar amount or percent<\/p>\n<ul>\n<li>Build loyalty<\/li>\n<li>Create cross sell and up sell opportunities<\/li>\n<li>Personalize offers by customer profile<\/li>\n<\/ul>\n<h1><\/h1>\n<h1>e-PROMOTIONS<\/h1>\n<p>Bundle services to create custom packages and offers<\/p>\n<ul>\n<li>Increase exposure<\/li>\n<li>Promote new business<\/li>\n<li>Generate increased business from current customers<\/li>\n<li>Personalize offers by customer profile<\/li>\n<\/ul>\n<p>&nbsp;<\/p>\n<table>\n<tbody>\n<tr>\n<td><img loading=\"lazy\" decoding=\"async\" class=\"alignleft size-full wp-image-1846\" src=\"https:\/\/sintelsystemspos.com\/wp-content\/uploads\/2015\/11\/index-3_2.jpg\" alt=\"index-3_2\" width=\"521\" height=\"325\" srcset=\"https:\/\/sintelsystemspos.com\/wp-content\/uploads\/2015\/11\/index-3_2.jpg 521w, https:\/\/sintelsystemspos.com\/wp-content\/uploads\/2015\/11\/index-3_2-300x187.jpg 300w\" sizes=\"(max-width: 521px) 100vw, 521px\" \/><\/td>\n<td>&nbsp;<\/p>\n<h1>FlexGift<\/h1>\n<p>FlexGiftSM is the ultimate loyalty tool, giving<br \/>\nmerchants the flexibility of offering gift and<br \/>\nloyalty cards program to their customers.<\/p>\n<h1>Key Features<\/h1>\n<p>&#8211; Supports single or multi-locations<br \/>\n&#8211; Real-time online reporting tools<br \/>\n&#8211; Check transaction history &amp; balance<\/p>\n<h1>e-Gift Features<\/h1>\n<p>&#8211; Send e-Gift cards via e-mail<br \/>\n&#8211; QR code, barcode format and card number format<br \/>\navailable<br \/>\n&#8211; Easy to reload cards<\/td>\n<\/tr>\n<\/tbody>\n<\/table>\n<table>\n<tbody>\n<tr>\n<td>\n<h1>HARDWARE Specification<\/h1>\n<table>\n<tbody>\n<tr>\n<td>\n<h2>Display:<\/h2>\n<h2>CPU:<\/h2>\n<h2>Memory:<\/h2>\n<h2>Storage:<\/h2>\n<h2>Operating System:<\/h2>\n<h2>Supported Peripherals:<\/h2>\n<\/td>\n<td>\n<h2><span style=\"font-size: 14pt;\">10.1\u201d IPS touch screen (1280 X 800 resolution)<\/span><\/h2>\n<h2><span style=\"font-size: 14pt;\">1.4GHZ Quad Core Processor<\/span><\/h2>\n<h2><span style=\"font-size: 14pt;\">2GB<\/span><\/h2>\n<h2><span style=\"font-size: 14pt;\">16GB<\/span><\/h2>\n<h2><span style=\"font-size: 14pt;\">Android 4.4.2 KitKat<\/span><\/h2>\n<h2><span style=\"font-size: 14pt;\">Proprietary docking station with built-in printer and MSR<\/span><\/h2>\n<\/td>\n<\/tr>\n<\/tbody>\n<\/table>\n<\/td>\n<td><img loading=\"lazy\" decoding=\"async\" class=\"aligncenter wp-image-1855 size-full\" src=\"https:\/\/sintelsystemspos.com\/wp-content\/uploads\/2015\/11\/index-4_4.jpg\" alt=\"index-4_4\" width=\"467\" height=\"451\" srcset=\"https:\/\/sintelsystemspos.com\/wp-content\/uploads\/2015\/11\/index-4_4.jpg 467w, https:\/\/sintelsystemspos.com\/wp-content\/uploads\/2015\/11\/index-4_4-300x290.jpg 300w\" sizes=\"(max-width: 467px) 100vw, 467px\" \/><\/p>\n<p style=\"text-align: center;\">10.1\u201d tablet<br \/>\nPOS software preinstalled<br \/>\nDocking station<br \/>\n&#8211; Magnetic stripe reader<br \/>\n&#8211; Receipt printer<br \/>\n&#8211; I\/O ports for cash drawers, barcode scanners,<br \/>\nadditional printers, etc<br \/>\n&#8211; WiFi and Bluetooth enabled<br \/>\n&#8211; Tilt feature for customer viewing<\/p>\n<\/td>\n<\/tr>\n<\/tbody>\n<\/table>\n<p><\/p>","protected":false},"excerpt":{"rendered":"<p>D\u00e9sol\u00e9, cet article est seulement disponible en English et Espa\u00f1ol. Pour le confort de l\u2019utilisateur, le contenu est affich\u00e9 ci-dessous dans la langue par d\u00e9faut du site. Vous pouvez cliquer l\u2019un des liens pour changer la langue du site en une autre langue disponible.Tablet-i Retail is an Android\u2122 based POS solution that is perfectly suited [&hellip;]<\/p>\n","protected":false},"author":1,"featured_media":0,"parent":0,"menu_order":0,"comment_status":"closed","ping_status":"closed","template":"","meta":{"footnotes":""},"class_list":["post-1839","page","type-page","status-publish","czr-hentry"],"_links":{"self":[{"href":"https:\/\/sintelsystemspos.com\/fr\/wp-json\/wp\/v2\/pages\/1839","targetHints":{"allow":["GET"]}}],"collection":[{"href":"https:\/\/sintelsystemspos.com\/fr\/wp-json\/wp\/v2\/pages"}],"about":[{"href":"https:\/\/sintelsystemspos.com\/fr\/wp-json\/wp\/v2\/types\/page"}],"author":[{"embeddable":true,"href":"https:\/\/sintelsystemspos.com\/fr\/wp-json\/wp\/v2\/users\/1"}],"replies":[{"embeddable":true,"href":"https:\/\/sintelsystemspos.com\/fr\/wp-json\/wp\/v2\/comments?post=1839"}],"version-history":[{"count":27,"href":"https:\/\/sintelsystemspos.com\/fr\/wp-json\/wp\/v2\/pages\/1839\/revisions"}],"predecessor-version":[{"id":2372,"href":"https:\/\/sintelsystemspos.com\/fr\/wp-json\/wp\/v2\/pages\/1839\/revisions\/2372"}],"wp:attachment":[{"href":"https:\/\/sintelsystemspos.com\/fr\/wp-json\/wp\/v2\/media?parent=1839"}],"curies":[{"name":"wp","href":"https:\/\/api.w.org\/{rel}","templated":true}]}}