{"id":2006,"date":"2015-11-17T15:11:04","date_gmt":"2015-11-17T23:11:04","guid":{"rendered":"http:\/\/sintelsystemspos.com\/?page_id=2006"},"modified":"2021-02-02T22:46:08","modified_gmt":"2021-02-03T03:46:08","slug":"lease-financing-application","status":"publish","type":"page","link":"https:\/\/sintelsystemspos.com\/fr\/lease-financing-application\/","title":{"rendered":"Lease \/ Financing Application"},"content":{"rendered":"<p class=\"qtranxs-available-languages-message qtranxs-available-languages-message-fr\">D\u00e9sol\u00e9, cet article est seulement disponible en <a href=\"https:\/\/sintelsystemspos.com\/en\/wp-json\/wp\/v2\/pages\/2006\" class=\"qtranxs-available-language-link qtranxs-available-language-link-en\" title=\"English\">English<\/a> et <a href=\"https:\/\/sintelsystemspos.com\/es\/wp-json\/wp\/v2\/pages\/2006\" class=\"qtranxs-available-language-link qtranxs-available-language-link-es\" title=\"Espa\u00f1ol\">Espa\u00f1ol<\/a>. Pour le confort de l\u2019utilisateur, le contenu est affich\u00e9 ci-dessous dans la langue par d\u00e9faut du site. Vous pouvez cliquer l\u2019un des liens pour changer la langue du site en une autre langue disponible.<\/p><p><\/p>\n<p style=\"text-align: left;\"><span style=\"font-family: trebuchet ms,geneva,sans-serif; font-size: 14pt; color: #000080;\"><img decoding=\"async\" class=\"alignleft wp-image-2062 \" src=\"https:\/\/sintelsystemspos.com\/wp-content\/uploads\/2015\/11\/POS-Technical-Support-Sintel-Systems-243x300.jpg\" alt=\"POS-Technical-Support-Sintel-Systems\" width=\"124\" height=\"153\" srcset=\"https:\/\/sintelsystemspos.com\/wp-content\/uploads\/2015\/11\/POS-Technical-Support-Sintel-Systems-243x300.jpg 243w, https:\/\/sintelsystemspos.com\/wp-content\/uploads\/2015\/11\/POS-Technical-Support-Sintel-Systems-600x740.jpg 600w, https:\/\/sintelsystemspos.com\/wp-content\/uploads\/2015\/11\/POS-Technical-Support-Sintel-Systems.jpg 768w\" sizes=\"(max-width: 124px) 100vw, 124px\" \/><\/span><\/p>\n<p style=\"text-align: left;\"><span style=\"font-family: trebuchet ms,geneva,sans-serif; font-size: 14pt; color: #000080;\">Sintel Systems makes leasing or financing your POS system easy. Sintel Systems POS offers a wide range of leasing and financing options depending on customer needs. We have shorter term 0% financing options to longer-term lease options that allow you to keep the equipment at the end while enjoying the benefits of leasing. Please fill out the form below for quick approval. You can also complete the paper application and send it to us. Want to know more about the options before proceeding, please call us at 855-POS-SALE. International customers see contact information <span style=\"text-decoration: underline;\"><em><a style=\"color: #000080; text-decoration: underline;\" href=\"https:\/\/sintelsystemspos.com\/contact-us\/\" target=\"_blank\" rel=\"noopener\">here<\/a><\/em><\/span>.<\/span><\/p>\n<h2><\/h2>\n<h2><\/h2>\n<h1 style=\"text-align: center;\">PDF Version Available Upon Request<\/h1>\n<p><script src=\"http:\/\/www.emailmeform.com\/builder\/forms\/jsform\/a0AIpeJ0y3XU\" type=\"text\/javascript\"><\/script><\/p>\n<p style=\"text-align: center;\"><a href=\"https:\/\/sintelsystemspos.com\/pos-buyers-guide\/\" target=\"_blank\" rel=\"noopener\"><img decoding=\"async\" class=\"alignright wp-image-1991 size-thumbnail\" title=\"POS-Point-of-Sale-Buyers-Guide-Sintel-Systsems-855-POS-SALE-www.SintelSystesmPOS.com\" src=\"https:\/\/sintelsystemspos.com\/wp-content\/uploads\/2015\/12\/POS-Point-of-Sale-Buyers-Guide-Sintel-Systsems-855-POS-SALE-www.SintelSystesmPOS.com_.png\" alt=\"POS-Point-of-Sale-Buyers-Guide-Sintel-Systsems-855-POS-SALE-www.SintelSystesmPOS.com\" width=\"150\" height=\"150\" \/><\/a><a href=\"https:\/\/sintelsystemspos.com\/general-software-demo\/\" target=\"_blank\" rel=\"noopener\"><img decoding=\"async\" class=\"alignleft wp-image-1992 size-thumbnail\" title=\"Restaurant-Point-of-Sale-Software-Demo-Video-Sintel-Systems-855-POS-SALE-www.SintelSystemsPOS.com\" src=\"https:\/\/sintelsystemspos.com\/wp-content\/uploads\/2015\/12\/General-Restaurant-Software-Demo-Video-Sintel-Systems-855-POS-SALE-www.SintelSystemsPOS.com_.png\" alt=\"Restaurant-Point-of-Sale-Software-Demo-Video-Sintel-Systems-855-POS-SALE-www.SintelSystemsPOS.com\" width=\"150\" height=\"150\" \/><\/a><\/p>\n<p><\/p>","protected":false},"excerpt":{"rendered":"<p>D\u00e9sol\u00e9, cet article est seulement disponible en English et Espa\u00f1ol. Pour le confort de l\u2019utilisateur, le contenu est affich\u00e9 ci-dessous dans la langue par d\u00e9faut du site. Vous pouvez cliquer l\u2019un des liens pour changer la langue du site en une autre langue disponible. Sintel Systems makes leasing or financing your POS system easy. Sintel [&hellip;]<\/p>\n","protected":false},"author":1,"featured_media":0,"parent":0,"menu_order":0,"comment_status":"closed","ping_status":"closed","template":"","meta":{"footnotes":""},"class_list":["post-2006","page","type-page","status-publish","czr-hentry"],"_links":{"self":[{"href":"https:\/\/sintelsystemspos.com\/fr\/wp-json\/wp\/v2\/pages\/2006","targetHints":{"allow":["GET"]}}],"collection":[{"href":"https:\/\/sintelsystemspos.com\/fr\/wp-json\/wp\/v2\/pages"}],"about":[{"href":"https:\/\/sintelsystemspos.com\/fr\/wp-json\/wp\/v2\/types\/page"}],"author":[{"embeddable":true,"href":"https:\/\/sintelsystemspos.com\/fr\/wp-json\/wp\/v2\/users\/1"}],"replies":[{"embeddable":true,"href":"https:\/\/sintelsystemspos.com\/fr\/wp-json\/wp\/v2\/comments?post=2006"}],"version-history":[{"count":16,"href":"https:\/\/sintelsystemspos.com\/fr\/wp-json\/wp\/v2\/pages\/2006\/revisions"}],"predecessor-version":[{"id":3882,"href":"https:\/\/sintelsystemspos.com\/fr\/wp-json\/wp\/v2\/pages\/2006\/revisions\/3882"}],"wp:attachment":[{"href":"https:\/\/sintelsystemspos.com\/fr\/wp-json\/wp\/v2\/media?parent=2006"}],"curies":[{"name":"wp","href":"https:\/\/api.w.org\/{rel}","templated":true}]}}