{"id":2727,"date":"2015-12-07T10:09:59","date_gmt":"2015-12-07T18:09:59","guid":{"rendered":"http:\/\/sintelsystemspos.com\/?page_id=2727"},"modified":"2015-12-07T22:08:34","modified_gmt":"2015-12-08T06:08:34","slug":"5i","status":"publish","type":"page","link":"https:\/\/sintelsystemspos.com\/fr\/5i\/","title":{"rendered":"Sintel Systems Model 5i POS Terminal"},"content":{"rendered":"<p class=\"qtranxs-available-languages-message qtranxs-available-languages-message-fr\">D\u00e9sol\u00e9, cet article est seulement disponible en <a href=\"https:\/\/sintelsystemspos.com\/en\/wp-json\/wp\/v2\/pages\/2727\" class=\"qtranxs-available-language-link qtranxs-available-language-link-en\" title=\"English\">English<\/a> et <a href=\"https:\/\/sintelsystemspos.com\/es\/wp-json\/wp\/v2\/pages\/2727\" class=\"qtranxs-available-language-link qtranxs-available-language-link-es\" title=\"Espa\u00f1ol\">Espa\u00f1ol<\/a>. Pour le confort de l\u2019utilisateur, le contenu est affich\u00e9 ci-dessous dans la langue par d\u00e9faut du site. Vous pouvez cliquer l\u2019un des liens pour changer la langue du site en une autre langue disponible.<\/p><p><\/p>\n<table>\n<tbody>\n<tr>\n<td><a href=\"https:\/\/sintelsystemspos.com\/5i\" target=\"_blank\"><img fetchpriority=\"high\" decoding=\"async\" class=\"alignleft wp-image-2736 \" src=\"https:\/\/sintelsystemspos.com\/wp-content\/uploads\/2015\/12\/POS-Point-of-Sale-Hardware-Model-5i-Sintel-Systems-855-POS-SALE-www.SintelSystemsPOS.com_-212x300.png\" alt=\"POS-Point-of-Sale-Hardware-Model-5i-Sintel-Systems-855-POS-SALE-www.SintelSystemsPOS.com\" width=\"356\" height=\"504\" srcset=\"https:\/\/sintelsystemspos.com\/wp-content\/uploads\/2015\/12\/POS-Point-of-Sale-Hardware-Model-5i-Sintel-Systems-855-POS-SALE-www.SintelSystemsPOS.com_-212x300.png 212w, https:\/\/sintelsystemspos.com\/wp-content\/uploads\/2015\/12\/POS-Point-of-Sale-Hardware-Model-5i-Sintel-Systems-855-POS-SALE-www.SintelSystemsPOS.com_-600x849.png 600w, https:\/\/sintelsystemspos.com\/wp-content\/uploads\/2015\/12\/POS-Point-of-Sale-Hardware-Model-5i-Sintel-Systems-855-POS-SALE-www.SintelSystemsPOS.com_-724x1024.png 724w, https:\/\/sintelsystemspos.com\/wp-content\/uploads\/2015\/12\/POS-Point-of-Sale-Hardware-Model-5i-Sintel-Systems-855-POS-SALE-www.SintelSystemsPOS.com_.png 858w\" sizes=\"(max-width: 356px) 100vw, 356px\" \/><\/a><a href=\"https:\/\/sintelsystemspos.com\/pos-buyers-guide\/\" target=\"_blank\"><img decoding=\"async\" class=\"alignleft wp-image-2740\" src=\"https:\/\/sintelsystemspos.com\/wp-content\/uploads\/2015\/12\/POS-Point-of-Sale-Buyers-Guide-www.SintelSystemsPOS.com-855-POS-SALE-300x277.png\" alt=\"POS-Point-of-Sale-Buyers-Guide-www.SintelSystemsPOS.com-855-POS-SALE\" width=\"146\" height=\"135\" \/><\/a><a href=\"https:\/\/sintelsystemspos.com\/general-software-demo\/\" target=\"_blank\"><img decoding=\"async\" class=\"alignleft wp-image-2596\" src=\"https:\/\/sintelsystemspos.com\/wp-content\/uploads\/2015\/12\/Point-of-Sale-POS-Restaurant-Demo-Video-www.SintelSystemsPOS.com-855-POS-SALE-300x289.png\" alt=\"Point-of-Sale-POS-Restaurant-Demo-Video-www.SintelSystemsPOS.com-855-POS-SALE\" width=\"132\" height=\"127\" srcset=\"https:\/\/sintelsystemspos.com\/wp-content\/uploads\/2015\/12\/Point-of-Sale-POS-Restaurant-Demo-Video-www.SintelSystemsPOS.com-855-POS-SALE-300x289.png 300w, https:\/\/sintelsystemspos.com\/wp-content\/uploads\/2015\/12\/Point-of-Sale-POS-Restaurant-Demo-Video-www.SintelSystemsPOS.com-855-POS-SALE.png 485w\" sizes=\"(max-width: 132px) 100vw, 132px\" \/><\/a><\/td>\n<td>\n<p style=\"text-align: justify;\">The Model 5i is a High Quality POS Terminal All-In-One TouchPC accompanied by high quality and dependable peripherals suitable for your business. Accompanied with a portfolio of professional <a href=\"https:\/\/sintelsystemspos.com\/product-category\/software\/\" target=\"_blank\">POS software platforms<\/a> and the industry&rsquo;s most extensive <a href=\"https:\/\/sintelsystemspos.com\/support\/\" target=\"_blank\">technical support plan<\/a>, the Model 5i is perfect for any operation.<\/p>\n<p style=\"text-align: justify;\">All In One Touch PC: Boasting an Intel\u00ae Atom D525 1.8Ghz Dual Core Processor (or upgradable Cortex A8) in an IP54 rated fanless design, the Model 5i more than doubles the processing power of the commonly used N270 Atom chipset by adding a second on-die CPU, faster core speed, and utilizing faster DDR3 RAM. Side Integrated Card Reader included.<\/p>\n<p><iframe src=\"https:\/\/www.youtube.com\/embed\/eiRnRCbohcY?rel=0\" width=\"573\" height=\"350\"><\/iframe><\/td>\n<\/tr>\n<\/tbody>\n<\/table>\n<table class=\"shop_attributes\">\n<tbody>\n<tr class=\"\">\n<th>POS Series<\/th>\n<td>5 Series<\/td>\n<\/tr>\n<tr class=\"alt\">\n<th>POS System Color<\/th>\n<td>White with Black Accents<\/td>\n<\/tr>\n<tr class=\"\">\n<th>Max Stations<\/th>\n<td>3 Terminals (No Server Required)<\/td>\n<\/tr>\n<tr class=\"alt\">\n<th>POS Processor<\/th>\n<td>Intel\u00ae Atom D525 1.8Ghz Dual Core Procesor or Cortex A8<\/td>\n<\/tr>\n<tr class=\"\">\n<th>RAM Memory<\/th>\n<td>2GB DDR3<\/td>\n<\/tr>\n<tr class=\"alt\">\n<th>POS Housing<\/th>\n<td>ABS Outershell with Aluminum Frame<\/td>\n<\/tr>\n<tr class=\"\">\n<th>POS Chipset<\/th>\n<td>CPU with Graphic built-in + ICH 8M<\/td>\n<\/tr>\n<tr class=\"alt\">\n<th>POS Video Card<\/th>\n<td>Integrated Intel\u00ae GMA\u00ae 3650 Graphics Engine GFX frequency up to 640 Mhz<\/td>\n<\/tr>\n<\/tbody>\n<\/table>\n<p>&nbsp;<\/p>\n<p>\n\t\t<style type=\"text\/css\">\n\t\t\t#gallery-1 {\n\t\t\t\tmargin: auto;\n\t\t\t}\n\t\t\t#gallery-1 .gallery-item {\n\t\t\t\tfloat: left;\n\t\t\t\tmargin-top: 10px;\n\t\t\t\ttext-align: center;\n\t\t\t\twidth: 25%;\n\t\t\t}\n\t\t\t#gallery-1 img {\n\t\t\t\tborder: 2px solid #cfcfcf;\n\t\t\t}\n\t\t\t#gallery-1 .gallery-caption {\n\t\t\t\tmargin-left: 0;\n\t\t\t}\n\t\t\t\/* see gallery_shortcode() in wp-includes\/media.php *\/\n\t\t<\/style>\n\t\t<div id='gallery-1' class='gallery galleryid-2727 gallery-columns-4 gallery-size-thumbnail'><dl class='gallery-item'>\n\t\t\t<dt class='gallery-icon landscape'>\n\t\t\t\t<a class=\"grouped_elements\" rel=\"tc-fancybox-group\" href=\"https:\/\/sintelsystemspos.com\/wp-content\/uploads\/2015\/05\/Model-5i-Front-Main-Display.jpg\" title=\"Model 5i Front Main Display\"><img loading=\"lazy\" decoding=\"async\" width=\"150\" height=\"150\" src=\"https:\/\/sintelsystemspos.com\/wp-content\/uploads\/2015\/05\/Model-5i-Front-Main-Display-150x150.jpg\" class=\"attachment-thumbnail size-thumbnail\" alt=\"\" srcset=\"https:\/\/sintelsystemspos.com\/wp-content\/uploads\/2015\/05\/Model-5i-Front-Main-Display-150x150.jpg 150w, https:\/\/sintelsystemspos.com\/wp-content\/uploads\/2015\/05\/Model-5i-Front-Main-Display-300x300.jpg 300w, https:\/\/sintelsystemspos.com\/wp-content\/uploads\/2015\/05\/Model-5i-Front-Main-Display-100x100.jpg 100w, https:\/\/sintelsystemspos.com\/wp-content\/uploads\/2015\/05\/Model-5i-Front-Main-Display.jpg 525w\" sizes=\"(max-width: 150px) 100vw, 150px\" \/><\/a>\n\t\t\t<\/dt><\/dl><dl class='gallery-item'>\n\t\t\t<dt class='gallery-icon landscape'>\n\t\t\t\t<a class=\"grouped_elements\" rel=\"tc-fancybox-group\" href=\"https:\/\/sintelsystemspos.com\/wp-content\/uploads\/2015\/05\/Model-5i10-inchLCD-Display.jpg\" title=\"Model-5i-Best-POS-Point-of-Sale-Sintel-Systems-855-POS-SALE-www.SintelSystemsPOS.com\"><img loading=\"lazy\" decoding=\"async\" width=\"150\" height=\"150\" src=\"https:\/\/sintelsystemspos.com\/wp-content\/uploads\/2015\/05\/Model-5i10-inchLCD-Display-150x150.jpg\" class=\"attachment-thumbnail size-thumbnail\" alt=\"Model-5i-Best-POS-Point-of-Sale-Sintel-Systems-855-POS-SALE-www.SintelSystemsPOS.com\" srcset=\"https:\/\/sintelsystemspos.com\/wp-content\/uploads\/2015\/05\/Model-5i10-inchLCD-Display-150x150.jpg 150w, https:\/\/sintelsystemspos.com\/wp-content\/uploads\/2015\/05\/Model-5i10-inchLCD-Display-300x300.jpg 300w, https:\/\/sintelsystemspos.com\/wp-content\/uploads\/2015\/05\/Model-5i10-inchLCD-Display-100x100.jpg 100w, https:\/\/sintelsystemspos.com\/wp-content\/uploads\/2015\/05\/Model-5i10-inchLCD-Display-600x600.jpg 600w, https:\/\/sintelsystemspos.com\/wp-content\/uploads\/2015\/05\/Model-5i10-inchLCD-Display-1024x1024.jpg 1024w\" sizes=\"(max-width: 150px) 100vw, 150px\" \/><\/a>\n\t\t\t<\/dt><\/dl><dl class='gallery-item'>\n\t\t\t<dt class='gallery-icon landscape'>\n\t\t\t\t<a class=\"grouped_elements\" rel=\"tc-fancybox-group\" href=\"https:\/\/sintelsystemspos.com\/wp-content\/uploads\/2015\/05\/Model-5i-LCD.jpg\" title=\"Model-5i-Best-POS-Point-of-Sale-Sintel-Systems-855-POS-SALE-www.SintelSystemsPOS.com\"><img loading=\"lazy\" decoding=\"async\" width=\"150\" height=\"150\" src=\"https:\/\/sintelsystemspos.com\/wp-content\/uploads\/2015\/05\/Model-5i-LCD-150x150.jpg\" class=\"attachment-thumbnail size-thumbnail\" alt=\"Model-5i-Best-POS-Point-of-Sale-Sintel-Systems-855-POS-SALE-www.SintelSystemsPOS.com\" srcset=\"https:\/\/sintelsystemspos.com\/wp-content\/uploads\/2015\/05\/Model-5i-LCD-150x150.jpg 150w, https:\/\/sintelsystemspos.com\/wp-content\/uploads\/2015\/05\/Model-5i-LCD-300x300.jpg 300w, https:\/\/sintelsystemspos.com\/wp-content\/uploads\/2015\/05\/Model-5i-LCD-100x100.jpg 100w, https:\/\/sintelsystemspos.com\/wp-content\/uploads\/2015\/05\/Model-5i-LCD-600x600.jpg 600w, https:\/\/sintelsystemspos.com\/wp-content\/uploads\/2015\/05\/Model-5i-LCD-1024x1024.jpg 1024w\" sizes=\"(max-width: 150px) 100vw, 150px\" \/><\/a>\n\t\t\t<\/dt><\/dl><dl class='gallery-item'>\n\t\t\t<dt class='gallery-icon landscape'>\n\t\t\t\t<a class=\"grouped_elements\" rel=\"tc-fancybox-group\" href=\"https:\/\/sintelsystemspos.com\/wp-content\/uploads\/2015\/05\/point-of-sale-5i-sodeview-scaled.jpg\" title=\"Model-5i-Best-POS-Point-of-Sale-Sintel-Systems-855-POS-SALE-www.SintelSystemsPOS.com\"><img loading=\"lazy\" decoding=\"async\" width=\"150\" height=\"150\" src=\"https:\/\/sintelsystemspos.com\/wp-content\/uploads\/2015\/05\/point-of-sale-5i-sodeview-150x150.jpg\" class=\"attachment-thumbnail size-thumbnail\" alt=\"Model-5i-Best-POS-Point-of-Sale-Sintel-Systems-855-POS-SALE-www.SintelSystemsPOS.com\" srcset=\"https:\/\/sintelsystemspos.com\/wp-content\/uploads\/2015\/05\/point-of-sale-5i-sodeview-150x150.jpg 150w, https:\/\/sintelsystemspos.com\/wp-content\/uploads\/2015\/05\/point-of-sale-5i-sodeview-300x300.jpg 300w, https:\/\/sintelsystemspos.com\/wp-content\/uploads\/2015\/05\/point-of-sale-5i-sodeview-100x100.jpg 100w, https:\/\/sintelsystemspos.com\/wp-content\/uploads\/2015\/05\/point-of-sale-5i-sodeview-600x600.jpg 600w, https:\/\/sintelsystemspos.com\/wp-content\/uploads\/2015\/05\/point-of-sale-5i-sodeview-1024x1024.jpg 1024w\" sizes=\"(max-width: 150px) 100vw, 150px\" \/><\/a>\n\t\t\t<\/dt><\/dl><br style=\"clear: both\" \/><dl class='gallery-item'>\n\t\t\t<dt class='gallery-icon landscape'>\n\t\t\t\t<a class=\"grouped_elements\" rel=\"tc-fancybox-group\" href=\"https:\/\/sintelsystemspos.com\/wp-content\/uploads\/2015\/05\/IMG_4973.jpg\" title=\"Model-5i-Cool-POS-Point-of-Sale-Sintel-Systems-855-POS-SALE-www.SintelSystemsPOS.com\"><img loading=\"lazy\" decoding=\"async\" width=\"150\" height=\"150\" src=\"https:\/\/sintelsystemspos.com\/wp-content\/uploads\/2015\/05\/IMG_4973-150x150.jpg\" class=\"attachment-thumbnail size-thumbnail\" alt=\"Model-5i-Cool-POS-Point-of-Sale-Sintel-Systems-855-POS-SALE-www.SintelSystemsPOS.com\" srcset=\"https:\/\/sintelsystemspos.com\/wp-content\/uploads\/2015\/05\/IMG_4973-150x150.jpg 150w, https:\/\/sintelsystemspos.com\/wp-content\/uploads\/2015\/05\/IMG_4973-300x300.jpg 300w, https:\/\/sintelsystemspos.com\/wp-content\/uploads\/2015\/05\/IMG_4973-100x100.jpg 100w\" sizes=\"(max-width: 150px) 100vw, 150px\" \/><\/a>\n\t\t\t<\/dt><\/dl><dl class='gallery-item'>\n\t\t\t<dt class='gallery-icon landscape'>\n\t\t\t\t<a class=\"grouped_elements\" rel=\"tc-fancybox-group\" href=\"https:\/\/sintelsystemspos.com\/wp-content\/uploads\/2015\/05\/IMG_4976.jpg\" title=\"IMG_4976\"><img loading=\"lazy\" decoding=\"async\" width=\"150\" height=\"150\" src=\"https:\/\/sintelsystemspos.com\/wp-content\/uploads\/2015\/05\/IMG_4976-150x150.jpg\" class=\"attachment-thumbnail size-thumbnail\" alt=\"\" srcset=\"https:\/\/sintelsystemspos.com\/wp-content\/uploads\/2015\/05\/IMG_4976-150x150.jpg 150w, https:\/\/sintelsystemspos.com\/wp-content\/uploads\/2015\/05\/IMG_4976-300x300.jpg 300w, https:\/\/sintelsystemspos.com\/wp-content\/uploads\/2015\/05\/IMG_4976-100x100.jpg 100w\" sizes=\"(max-width: 150px) 100vw, 150px\" \/><\/a>\n\t\t\t<\/dt><\/dl><dl class='gallery-item'>\n\t\t\t<dt class='gallery-icon landscape'>\n\t\t\t\t<a class=\"grouped_elements\" rel=\"tc-fancybox-group\" href=\"https:\/\/sintelsystemspos.com\/wp-content\/uploads\/2015\/05\/IMG_4979.jpg\" title=\"Model-5i-Cool-POS-Point-of-Sale-Sintel-Systems-855-POS-SALE-www.SintelSystemsPOS.com\"><img loading=\"lazy\" decoding=\"async\" width=\"150\" height=\"150\" src=\"https:\/\/sintelsystemspos.com\/wp-content\/uploads\/2015\/05\/IMG_4979-150x150.jpg\" class=\"attachment-thumbnail size-thumbnail\" alt=\"Model-5i-Cool-POS-Point-of-Sale-Sintel-Systems-855-POS-SALE-www.SintelSystemsPOS.com\" srcset=\"https:\/\/sintelsystemspos.com\/wp-content\/uploads\/2015\/05\/IMG_4979-150x150.jpg 150w, https:\/\/sintelsystemspos.com\/wp-content\/uploads\/2015\/05\/IMG_4979-300x300.jpg 300w, https:\/\/sintelsystemspos.com\/wp-content\/uploads\/2015\/05\/IMG_4979-100x100.jpg 100w\" sizes=\"(max-width: 150px) 100vw, 150px\" \/><\/a>\n\t\t\t<\/dt><\/dl><dl class='gallery-item'>\n\t\t\t<dt class='gallery-icon landscape'>\n\t\t\t\t<a class=\"grouped_elements\" rel=\"tc-fancybox-group\" href=\"https:\/\/sintelsystemspos.com\/wp-content\/uploads\/2015\/05\/IMG_4986.jpg\" title=\"IMG_4986\"><img loading=\"lazy\" decoding=\"async\" width=\"150\" height=\"150\" src=\"https:\/\/sintelsystemspos.com\/wp-content\/uploads\/2015\/05\/IMG_4986-150x150.jpg\" class=\"attachment-thumbnail size-thumbnail\" alt=\"\" srcset=\"https:\/\/sintelsystemspos.com\/wp-content\/uploads\/2015\/05\/IMG_4986-150x150.jpg 150w, https:\/\/sintelsystemspos.com\/wp-content\/uploads\/2015\/05\/IMG_4986-300x300.jpg 300w, https:\/\/sintelsystemspos.com\/wp-content\/uploads\/2015\/05\/IMG_4986-100x100.jpg 100w\" sizes=\"(max-width: 150px) 100vw, 150px\" \/><\/a>\n\t\t\t<\/dt><\/dl><br style=\"clear: both\" \/>\n\t\t<\/div>\n<\/p>","protected":false},"excerpt":{"rendered":"<p>D\u00e9sol\u00e9, cet article est seulement disponible en English et Espa\u00f1ol. Pour le confort de l\u2019utilisateur, le contenu est affich\u00e9 ci-dessous dans la langue par d\u00e9faut du site. Vous pouvez cliquer l\u2019un des liens pour changer la langue du site en une autre langue disponible. The Model 5i is a High Quality POS Terminal All-In-One TouchPC [&hellip;]<\/p>\n","protected":false},"author":1,"featured_media":0,"parent":0,"menu_order":0,"comment_status":"closed","ping_status":"closed","template":"","meta":{"footnotes":""},"class_list":["post-2727","page","type-page","status-publish","czr-hentry"],"_links":{"self":[{"href":"https:\/\/sintelsystemspos.com\/fr\/wp-json\/wp\/v2\/pages\/2727","targetHints":{"allow":["GET"]}}],"collection":[{"href":"https:\/\/sintelsystemspos.com\/fr\/wp-json\/wp\/v2\/pages"}],"about":[{"href":"https:\/\/sintelsystemspos.com\/fr\/wp-json\/wp\/v2\/types\/page"}],"author":[{"embeddable":true,"href":"https:\/\/sintelsystemspos.com\/fr\/wp-json\/wp\/v2\/users\/1"}],"replies":[{"embeddable":true,"href":"https:\/\/sintelsystemspos.com\/fr\/wp-json\/wp\/v2\/comments?post=2727"}],"version-history":[{"count":15,"href":"https:\/\/sintelsystemspos.com\/fr\/wp-json\/wp\/v2\/pages\/2727\/revisions"}],"predecessor-version":[{"id":2755,"href":"https:\/\/sintelsystemspos.com\/fr\/wp-json\/wp\/v2\/pages\/2727\/revisions\/2755"}],"wp:attachment":[{"href":"https:\/\/sintelsystemspos.com\/fr\/wp-json\/wp\/v2\/media?parent=2727"}],"curies":[{"name":"wp","href":"https:\/\/api.w.org\/{rel}","templated":true}]}}