{"id":1150,"date":"2015-10-05T09:30:45","date_gmt":"2015-10-05T16:30:45","guid":{"rendered":"http:\/\/sintelsystemspos.com\/?page_id=1150"},"modified":"2015-12-11T16:47:39","modified_gmt":"2015-12-12T00:47:39","slug":"contact-us","status":"publish","type":"page","link":"https:\/\/sintelsystemspos.com\/it\/contact-us\/","title":{"rendered":"Contact Us"},"content":{"rendered":"<p class=\"qtranxs-available-languages-message qtranxs-available-languages-message-it\">Ci spiace, ma questo articolo \u00e8 disponibile soltanto in <a href=\"https:\/\/sintelsystemspos.com\/en\/wp-json\/wp\/v2\/pages\/1150\" class=\"qtranxs-available-language-link qtranxs-available-language-link-en\" title=\"English\">English<\/a> e <a href=\"https:\/\/sintelsystemspos.com\/es\/wp-json\/wp\/v2\/pages\/1150\" class=\"qtranxs-available-language-link qtranxs-available-language-link-es\" title=\"Espa\u00f1ol\">Espa\u00f1ol<\/a>. Per ragioni di convenienza del visitatore, il contenuto \u00e8 mostrato sotto nella lingua principale di questo sito. Puoi cliccare su uno dei links per cambiare la lingua del sito in un'altra lingua disponibile.<\/p><p><script src=\"https:\/\/www.emailmeform.com\/builder\/forms\/jsform\/de34uBe2YaWP19vmnHNaq54\" type=\"text\/javascript\"><\/script><\/p>\n<table style=\"height: 684px;\" width=\"774\">\n<tbody>\n<tr>\n<td><strong>NORTH AMERICA<\/strong><\/td>\n<td><\/td>\n<\/tr>\n<tr>\n<td colspan=\"2\">\n<hr \/>\n<\/td>\n<\/tr>\n<tr>\n<td><strong>United States\u00a0&amp; Canada:<\/strong><\/td>\n<td><strong>Sales:<\/strong> 855-POS-SALE or 855-767-7253<br \/>\n<strong>Tech Support:<\/strong> 972-POS-TECH or 972-767-8324<\/td>\n<\/tr>\n<tr>\n<td colspan=\"2\">\n<hr \/>\n<\/td>\n<\/tr>\n<tr>\n<td><strong>LATIN AMERICA<\/strong><\/td>\n<td><\/td>\n<\/tr>\n<tr>\n<td colspan=\"2\">\n<hr \/>\n<\/td>\n<\/tr>\n<tr>\n<td><strong>Argentina:<\/strong><\/td>\n<td>54-11-5235-4939 (Buenos Aires)<\/td>\n<\/tr>\n<tr>\n<td><strong>Brazil:<\/strong><\/td>\n<td>55-61-3181-0454 (Brasilia)<\/td>\n<\/tr>\n<tr>\n<td><strong>Mexico:<\/strong><\/td>\n<td>52-55-8526-4292 (Mexico DF)<\/td>\n<\/tr>\n<tr>\n<td><strong>Chile:<\/strong><\/td>\n<td>56-41-256-0493 (Concepcion)<\/td>\n<\/tr>\n<tr>\n<td><strong>Colombia:<\/strong><\/td>\n<td>57-1-344 1347 (Bogota)<\/td>\n<\/tr>\n<tr>\n<td><strong>Peru:<\/strong><\/td>\n<td>51-1-641-9167 (Lima)<\/td>\n<\/tr>\n<tr>\n<td><strong>El Salvador:<\/strong><\/td>\n<td>503-2113-0290 (San Salvador)<\/td>\n<\/tr>\n<tr>\n<td><strong>Panama:<\/strong><\/td>\n<td>507-833-8340<\/td>\n<\/tr>\n<tr>\n<td><strong>Guatemala:<\/strong><\/td>\n<td>502-2376-7526<\/td>\n<\/tr>\n<tr>\n<td><strong>Venezuela:<\/strong><\/td>\n<td>58-212-771-0756 (Caracas)<\/td>\n<\/tr>\n<tr>\n<td colspan=\"2\">\n<hr \/>\n<\/td>\n<\/tr>\n<tr>\n<td><strong>INTERNATIONAL<\/strong><\/td>\n<td><\/td>\n<\/tr>\n<tr>\n<td colspan=\"2\">\n<hr \/>\n<\/td>\n<\/tr>\n<tr>\n<td><strong>Australia &amp; Oceania:<\/strong><\/td>\n<td>02-8073-0529 (Sydney)<\/td>\n<\/tr>\n<tr>\n<td><strong>International Callers:<\/strong><\/td>\n<td>00+1+818+583-2345<\/td>\n<\/tr>\n<\/tbody>\n<\/table>\n<p><\/p>","protected":false},"excerpt":{"rendered":"<p>Ci spiace, ma questo articolo \u00e8 disponibile soltanto in English e Espa\u00f1ol. Per ragioni di convenienza del visitatore, il contenuto \u00e8 mostrato sotto nella lingua principale di questo sito. Puoi cliccare su uno dei links per cambiare la lingua del sito in un&#8217;altra lingua disponibile. NORTH AMERICA United States\u00a0&amp; Canada: Sales: 855-POS-SALE or 855-767-7253 Tech [&hellip;]<\/p>\n","protected":false},"author":1,"featured_media":0,"parent":0,"menu_order":0,"comment_status":"closed","ping_status":"closed","template":"","meta":{"footnotes":""},"class_list":["post-1150","page","type-page","status-publish","czr-hentry"],"_links":{"self":[{"href":"https:\/\/sintelsystemspos.com\/it\/wp-json\/wp\/v2\/pages\/1150","targetHints":{"allow":["GET"]}}],"collection":[{"href":"https:\/\/sintelsystemspos.com\/it\/wp-json\/wp\/v2\/pages"}],"about":[{"href":"https:\/\/sintelsystemspos.com\/it\/wp-json\/wp\/v2\/types\/page"}],"author":[{"embeddable":true,"href":"https:\/\/sintelsystemspos.com\/it\/wp-json\/wp\/v2\/users\/1"}],"replies":[{"embeddable":true,"href":"https:\/\/sintelsystemspos.com\/it\/wp-json\/wp\/v2\/comments?post=1150"}],"version-history":[{"count":6,"href":"https:\/\/sintelsystemspos.com\/it\/wp-json\/wp\/v2\/pages\/1150\/revisions"}],"predecessor-version":[{"id":2864,"href":"https:\/\/sintelsystemspos.com\/it\/wp-json\/wp\/v2\/pages\/1150\/revisions\/2864"}],"wp:attachment":[{"href":"https:\/\/sintelsystemspos.com\/it\/wp-json\/wp\/v2\/media?parent=1150"}],"curies":[{"name":"wp","href":"https:\/\/api.w.org\/{rel}","templated":true}]}}