{"id":2310,"date":"2015-11-26T13:15:02","date_gmt":"2015-11-26T21:15:02","guid":{"rendered":"http:\/\/sintelsystemspos.com\/?page_id=2310"},"modified":"2015-11-26T13:16:54","modified_gmt":"2015-11-26T21:16:54","slug":"black-friday-pos-deals","status":"publish","type":"page","link":"https:\/\/sintelsystemspos.com\/it\/black-friday-pos-deals\/","title":{"rendered":"Black Friday Point of Sale Deals"},"content":{"rendered":"<p class=\"qtranxs-available-languages-message qtranxs-available-languages-message-it\">Ci spiace, ma questo articolo \u00e8 disponibile soltanto in <a href=\"https:\/\/sintelsystemspos.com\/en\/wp-json\/wp\/v2\/pages\/2310\" class=\"qtranxs-available-language-link qtranxs-available-language-link-en\" title=\"English\">English<\/a> e <a href=\"https:\/\/sintelsystemspos.com\/es\/wp-json\/wp\/v2\/pages\/2310\" class=\"qtranxs-available-language-link qtranxs-available-language-link-es\" title=\"Espa\u00f1ol\">Espa\u00f1ol<\/a>. Per ragioni di convenienza del visitatore, il contenuto \u00e8 mostrato sotto nella lingua principale di questo sito. Puoi cliccare su uno dei links per cambiare la lingua del sito in un'altra lingua disponibile.<\/p><p><\/p>\n<p style=\"text-align: center;\">\r\n\t<div class=\"imgmap-frontend-image\">\r\n\t<div class=\"imgmap-dialog-wrapper\" id=\"imgmap-dialog-2311-1\"><\/div>\r\n\t<img decoding=\"async\" src=\"https:\/\/sintelsystemspos.com\/wp-content\/uploads\/2015\/11\/BF-DEALS.png\" usemap=\"#imgmap-2311-1\" id=\"imagemap-2311-1\" \/>\r\n\t<map name=\"imgmap-2311-1\"><area data-type=\"link\" data-tooltip=\"\" data-fill-color=\"1ed4db\" data-fill-opacity=\"0.3\" data-stroke-color=\"1ed4db\" data-stroke-opacity=\"0.8\" data-stroke-width=\"2\" data-mapkey=\"area-2314\" shape=\"poly\" coords=\"293,1285,997,1288,998,1466,996,1476,294,1479\" href=\"https:\/\/sintelsystemspos.com\/product\/black-friday-deal-model-5i\/\" title=\"\" \/><area data-type=\"link\" data-tooltip=\"\" data-fill-color=\"d91edb\" data-fill-opacity=\"0.3\" data-stroke-color=\"d91edb\" data-stroke-opacity=\"0.8\" data-stroke-width=\"2\" data-mapkey=\"area-2313\" shape=\"poly\" coords=\"296,1079,1000,1078,999,1270,305,1276,294,1275\" href=\"https:\/\/sintelsystemspos.com\/product\/sintel-model-5i-black-friday-deal\/\" title=\"\" \/><area data-type=\"link\" data-tooltip=\"\" data-fill-color=\"3ddb1e\" data-fill-opacity=\"0.3\" data-stroke-color=\"3ddb1e\" data-stroke-opacity=\"0.8\" data-stroke-width=\"2\" data-mapkey=\"area-2312\" shape=\"poly\" coords=\"294,890,1000,889,1002,1065,296,1072\" href=\"https:\/\/sintelsystemspos.com\/product\/giftloyalty-cards-black-friday-deals\/\" title=\"\" \/><\/map>\r\n\t<\/div><\/p>\n<p><\/p>","protected":false},"excerpt":{"rendered":"<p>Ci spiace, ma questo articolo \u00e8 disponibile soltanto in English e Espa\u00f1ol. Per ragioni di convenienza del visitatore, il contenuto \u00e8 mostrato sotto nella lingua principale di questo sito. Puoi cliccare su uno dei links per cambiare la lingua del sito in un&#8217;altra lingua disponibile.<\/p>\n","protected":false},"author":1,"featured_media":0,"parent":0,"menu_order":0,"comment_status":"closed","ping_status":"closed","template":"","meta":{"footnotes":""},"class_list":["post-2310","page","type-page","status-publish","czr-hentry"],"_links":{"self":[{"href":"https:\/\/sintelsystemspos.com\/it\/wp-json\/wp\/v2\/pages\/2310","targetHints":{"allow":["GET"]}}],"collection":[{"href":"https:\/\/sintelsystemspos.com\/it\/wp-json\/wp\/v2\/pages"}],"about":[{"href":"https:\/\/sintelsystemspos.com\/it\/wp-json\/wp\/v2\/types\/page"}],"author":[{"embeddable":true,"href":"https:\/\/sintelsystemspos.com\/it\/wp-json\/wp\/v2\/users\/1"}],"replies":[{"embeddable":true,"href":"https:\/\/sintelsystemspos.com\/it\/wp-json\/wp\/v2\/comments?post=2310"}],"version-history":[{"count":1,"href":"https:\/\/sintelsystemspos.com\/it\/wp-json\/wp\/v2\/pages\/2310\/revisions"}],"predecessor-version":[{"id":2315,"href":"https:\/\/sintelsystemspos.com\/it\/wp-json\/wp\/v2\/pages\/2310\/revisions\/2315"}],"wp:attachment":[{"href":"https:\/\/sintelsystemspos.com\/it\/wp-json\/wp\/v2\/media?parent=2310"}],"curies":[{"name":"wp","href":"https:\/\/api.w.org\/{rel}","templated":true}]}}