{"id":1172,"date":"2015-10-06T15:47:58","date_gmt":"2015-10-06T22:47:58","guid":{"rendered":"http:\/\/sintelsystemspos.com\/?page_id=1172"},"modified":"2015-12-16T14:50:44","modified_gmt":"2015-12-16T22:50:44","slug":"point-of-sale","status":"publish","type":"page","link":"https:\/\/sintelsystemspos.com\/pt\/point-of-sale\/","title":{"rendered":"Point of Sale"},"content":{"rendered":"<p class=\"qtranxs-available-languages-message qtranxs-available-languages-message-pt\">Desculpe, este conte\u00fado s\u00f3 est\u00e1 dispon\u00edvel em <a href=\"https:\/\/sintelsystemspos.com\/en\/wp-json\/wp\/v2\/pages\/1172\" class=\"qtranxs-available-language-link qtranxs-available-language-link-en\" title=\"English\">English<\/a>. Por uma quest\u00e3o de conveni\u00eancia para o utilizador, o conte\u00fado \u00e9 mostrado abaixo no idioma alternativo. Pode clicar na liga\u00e7\u00e3o para alterar o idioma activo.<\/p><p><img fetchpriority=\"high\" decoding=\"async\" class=\"aligncenter wp-image-1147 size-full\" src=\"https:\/\/sintelsystemspos.com\/wp-content\/uploads\/2015\/10\/POS-5i-7-Ti-Slider.png\" alt=\"POS-5i-7-Ti-Slider\" width=\"1502\" height=\"593\" \/><\/p>\n<table id=\"pos_main_why\">\n<tbody>\n<tr>\n<td>\n<h2 style=\"text-align: center;\">Why we are your partner for long-term growth?<\/h2>\n<\/td>\n<\/tr>\n<tr>\n<td>\n<p style=\"text-align: center;\">Franchising is the goal!\u00a0 You open a business hoping to become successful, expand into multiple locations and become the next Starbucks.\u00a0 We can play an important role in getting you there. In fact we can play multiple roles allowing you to concentrate on more important matters such as making money. Our FRANCHISE GROWTH ORIENTED PRICING allows for more of your money to be spent on growth and less on the headaches and hassles of operations. We are your one stop shop for all your Point of Sale needs. You would have to deal with at least 4 different vendors that provide nothing but the run around.<\/p>\n<\/td>\n<\/tr>\n<tr>\n<td>\n<h2 style=\"text-align: center;\">All POS Solutions<\/h2>\n<\/td>\n<\/tr>\n<tr>\n<td>\n<table>\n<tbody>\n<tr>\n<td><a href=\"https:\/\/sintelsystemspos.com\/point-of-sale\/food-service-pos\/\" target=\"_blank\"><img decoding=\"async\" class=\"aligncenter size-thumbnail\" title=\"Restaurant-Point-of-Sale-Systems-Sintel-Systems-855-POS-SALE-www.SintelSystemsPOS.com\" src=\"https:\/\/sintelsystemspos.com\/wp-content\/uploads\/2015\/12\/Restaurant-Point-of-Sale-Systems-Sintel-Systems-855-POS-SALE-www.SintelSystemsPOS.com_.png\" alt=\"Restaurant-Point-of-Sale-Systems-Sintel-Systems-855-POS-SALE-www.SintelSystemsPOS.com\" width=\"150\" height=\"150\" \/><\/a><\/td>\n<td><a href=\"https:\/\/sintelsystemspos.com\/point-of-sale\/food-truck-pos\/\" target=\"_blank\"><img decoding=\"async\" class=\"aligncenter size-thumbnail\" title=\"Food-Truck-Point-of-Sale-Systems-Sintel-Systems-855-POS-Sale-www.SintelSystemsPOS.com\" src=\"https:\/\/sintelsystemspos.com\/wp-content\/uploads\/2015\/12\/Food-Truck-Point-of-Sale-Systems-Sintel-Systems-855-POS-Sale-www.SintelSystemsPOS.com_.png\" alt=\"Food-Truck-Point-of-Sale-Systems-Sintel-Systems-855-POS-Sale-www.SintelSystemsPOS.com\" width=\"150\" height=\"150\" \/><\/a><\/td>\n<td><a href=\"https:\/\/sintelsystemspos.com\/point-of-sale\/food-service-pos\/bakery-pos-and-cupcake-pos\/\" target=\"_blank\"><img loading=\"lazy\" decoding=\"async\" class=\"aligncenter size-thumbnail\" title=\"Bakery-Point-of-Sale-POS-Systems-Sintel-Systems-855-POS-SALE-www.SintelSystemsPOS.com\" src=\"https:\/\/sintelsystemspos.com\/wp-content\/uploads\/2015\/12\/Bakery-Point-of-Sale-POS-Systems-Sintel-Systems-855-POS-SALE-www.SintelSystemsPOS.com_.png\" alt=\"Bakery-Point-of-Sale-POS-Systems-Sintel-Systems-855-POS-SALE-www.SintelSystemsPOS.com\" width=\"150\" height=\"150\" \/><\/a><\/td>\n<td><a href=\"https:\/\/sintelsystemspos.com\/point-of-sale\/food-service-pos\/frozen-yogurt-pos\/\" target=\"_blank\"><img loading=\"lazy\" decoding=\"async\" class=\"aligncenter size-thumbnail\" title=\"Frozen-Yogurt-Point-of-Sale-POS-Systems-Sintel-Systems-855-POS-SALE-www.SintelSystemsPOS.com\" src=\"https:\/\/sintelsystemspos.com\/wp-content\/uploads\/2015\/12\/Frozen-Yogurt-Point-of-Sale-POS-Systems-Sintel-Systems-855-POS-SALE-www.SintelSystemsPOS.com_.png\" alt=\"Frozen-Yogurt-Point-of-Sale-POS-Systems-Sintel-Systems-855-POS-SALE-www.SintelSystemsPOS.com\" width=\"150\" height=\"150\" \/><\/a><\/td>\n<td><a href=\"https:\/\/sintelsystemspos.com\/point-of-sale\/retail-pos\/candy-pos-chocolate-store-pos\/\" target=\"_blank\"><img loading=\"lazy\" decoding=\"async\" class=\"aligncenter size-thumbnail\" title=\"Candy-Store-Point-of-Sale-POS-Systems-Sintel-Systems-855-POS-SALE-www.SintelSystemsPOS.com\" src=\"https:\/\/sintelsystemspos.com\/wp-content\/uploads\/2015\/12\/Candy-Store-Point-of-Sale-POS-Systems-Sintel-Systems-855-POS-SALE-www.SintelSystemsPOS.com_.png\" alt=\"Candy-Store-Point-of-Sale-POS-Systems-Sintel-Systems-855-POS-SALE-www.SintelSystemsPOS.com\" width=\"150\" height=\"150\" \/><\/a><\/td>\n<\/tr>\n<tr>\n<td><a href=\"https:\/\/sintelsystemspos.com\/point-of-sale\/food-service-pos\/pizzeria-pos\/\" target=\"_blank\"><img loading=\"lazy\" decoding=\"async\" class=\"aligncenter size-thumbnail\" title=\"Pizzeria-Point-of-Sale-POS-Systems-Sintel-Systems-855-POS-SALE-www.SintelSystemsPOS.com\" src=\"https:\/\/sintelsystemspos.com\/wp-content\/uploads\/2015\/12\/Pizzeria-Point-of-Sale-POS-Systems-Sintel-Systems-855-POS-SALE-www.SintelSystemsPOS.com_.png\" alt=\"Pizzeria-Point-of-Sale-POS-Systems-Sintel-Systems-855-POS-SALE-www.SintelSystemsPOS.com\" width=\"150\" height=\"150\" \/><\/a><\/td>\n<td><a href=\"https:\/\/sintelsystemspos.com\/point-of-sale\/food-service-pos\/fast-food-pos-and-quick-serve-pos\/\" target=\"_blank\"><img loading=\"lazy\" decoding=\"async\" class=\"aligncenter size-thumbnail\" title=\"Fast-Food-QSR-Quick-Sevre-Restaurant-Point-of-Sale-POS-Systems-Sintel-Systems-855-POS-SALE-www.SintelSystemsPOS.com\" src=\"https:\/\/sintelsystemspos.com\/wp-content\/uploads\/2015\/12\/Fast-Food-QSR-Quick-Sevre-Restaurant-Point-of-Sale-POS-Systems-Sintel-Systems-855-POS-SALE-www.SintelSystemsPOS.com_.png\" alt=\"Fast-Food-QSR-Quick-Sevre-Restaurant-Point-of-Sale-POS-Systems-Sintel-Systems-855-POS-SALE-www.SintelSystemsPOS.com\" width=\"150\" height=\"150\" \/><\/a><\/td>\n<td><a href=\"https:\/\/sintelsystemspos.com\/point-of-sale\/food-service-pos\/coffee-shop-pos\/\" target=\"_blank\"><img loading=\"lazy\" decoding=\"async\" class=\"aligncenter size-thumbnail\" title=\"Cafe-Coffee-Shop-Point-of-Sale-POS-Systems-Sintel-Systems-855-POS-SALE-www.SintelSystemsPOS.com\" src=\"https:\/\/sintelsystemspos.com\/wp-content\/uploads\/2015\/12\/Cafe-Coffee-Shop-Point-of-Sale-POS-Systems-Sintel-Systems-855-POS-SALE-www.SintelSystemsPOS.com_.png\" alt=\"Cafe-Coffee-Shop-Point-of-Sale-POS-Systems-Sintel-Systems-855-POS-SALE-www.SintelSystemsPOS.com\" width=\"150\" height=\"150\" \/><\/a><\/td>\n<td><a href=\"https:\/\/sintelsystemspos.com\/point-of-sale\/food-service-pos\/sushi-pos-and-japanese-food-pos\/\" target=\"_blank\"><img loading=\"lazy\" decoding=\"async\" class=\"aligncenter size-thumbnail\" title=\"Sushi-and-Japanese-Food-Point-of-Sale-POS-Systems-Sintel-Systems-855-POS-SALE-www.SintelSystemsPOS.com\" src=\"https:\/\/sintelsystemspos.com\/wp-content\/uploads\/2015\/12\/Sushi-and-Japanese-Food-Point-of-Sale-POS-Systems-Sintel-Systems-855-POS-SALE-www.SintelSystemsPOS.com_.png\" alt=\"Sushi-and-Japanese-Food-Point-of-Sale-POS-Systems-Sintel-Systems-855-POS-SALE-www.SintelSystemsPOS.com\" width=\"150\" height=\"150\" \/><\/a><\/td>\n<td><a href=\"https:\/\/sintelsystemspos.com\/point-of-sale\/food-service-pos\/cafeteria-pos\/\"><img loading=\"lazy\" decoding=\"async\" class=\"aligncenter size-thumbnail\" title=\"Cafeteria-Point-of-Sale-POS-Systems-Sintel-Systems-855-POS-SALE-www.SintelSystemsPOS.com\" src=\"https:\/\/sintelsystemspos.com\/wp-content\/uploads\/2015\/12\/Cafeteria-Point-of-Sale-POS-Systems-Sintel-Systems-855-POS-SALE-www.SintelSystemsPOS.com_.png\" alt=\"Cafeteria-Point-of-Sale-POS-Systems-Sintel-Systems-855-POS-SALE-www.SintelSystemsPOS.com\" width=\"150\" height=\"150\" \/><\/a><\/td>\n<\/tr>\n<\/tbody>\n<\/table>\n<h1 style=\"text-align: center;\">ALL OTHER INDUSTRIES<\/h1>\n<table>\n<tbody>\n<tr>\n<td><a href=\"https:\/\/sintelsystemspos.com\/point-of-sale\/salon-spa-pos\/\" target=\"_blank\"><img loading=\"lazy\" decoding=\"async\" class=\"aligncenter size-thumbnail\" title=\"Salon-and-Spa-Point-of-Sale-POS-Systems-Sintel-Systems-855-POS-SALE-www.SintelSystemsPOS.com\" src=\"https:\/\/sintelsystemspos.com\/wp-content\/uploads\/2015\/12\/Salon-and-Spa-Point-of-Sale-POS-Systems-Sintel-Systems-855-POS-SALE-www.SintelSystemsPOS.com_.png\" alt=\"Salon-and-Spa-Point-of-Sale-POS-Systems-Sintel-Systems-855-POS-SALE-www.SintelSystemsPOS.com\" width=\"150\" height=\"150\" \/><\/a><\/td>\n<td><a href=\"https:\/\/sintelsystemspos.com\/point-of-sale\/retail-pos\/\" target=\"_blank\"><img loading=\"lazy\" decoding=\"async\" class=\"aligncenter size-thumbnail\" title=\"Convenience-Store-Point-of-Sale-POS-Systems-Sintel-Systems-855-POS-SALE-www.SintelSystemsPOS.com\" src=\"https:\/\/sintelsystemspos.com\/wp-content\/uploads\/2015\/12\/Convenience-Store-Point-of-Sale-POS-Systems-Sintel-Systems-855-POS-SALE-www.SintelSystemsPOS.com_.png\" alt=\"Convenience-Store-Point-of-Sale-POS-Systems-Sintel-Systems-855-POS-SALE-www.SintelSystemsPOS.com\" width=\"150\" height=\"150\" \/><\/a><\/td>\n<td><a href=\"https:\/\/sintelsystemspos.com\/point-of-sale\/produce-pos\/\" target=\"_blank\"><img loading=\"lazy\" decoding=\"async\" class=\"aligncenter size-thumbnail\" title=\"Grocery-Produce-Store-Point-of-Sale-POS-Systems-Sintel-Systems-855-POS-SALE-www.SintelSystemsPOS.com\" src=\"https:\/\/sintelsystemspos.com\/wp-content\/uploads\/2015\/12\/Grocery-Produce-Store-Point-of-Sale-POS-Systems-Sintel-Systems-855-POS-SALE-www.SintelSystemsPOS.com_.png\" alt=\"Grocery-Produce-Store-Point-of-Sale-POS-Systems-Sintel-Systems-855-POS-SALE-www.SintelSystemsPOS.com\" width=\"150\" height=\"150\" \/><\/a><\/td>\n<td><a href=\"https:\/\/sintelsystemspos.com\/point-of-sale\/retail-pos\/liquor-store-pos\/\" target=\"_blank\"><img loading=\"lazy\" decoding=\"async\" class=\"aligncenter size-thumbnail\" title=\"Bar-Point-of-Sale-POS-Systems-Sintel-Systems-855-POS-SALE-www.SintelSystemsPOS.com\" src=\"https:\/\/sintelsystemspos.com\/wp-content\/uploads\/2015\/12\/Bar-Point-of-Sale-POS-Systems-Sintel-Systems-855-POS-SALE-www.SintelSystemsPOS.com_.png\" alt=\"Bar-Point-of-Sale-POS-Systems-Sintel-Systems-855-POS-SALE-www.SintelSystemsPOS.com\" width=\"150\" height=\"150\" \/><\/a><\/td>\n<td><a href=\"https:\/\/sintelsystemspos.com\/point-of-sale\/retail-pos\/bookstore-pos\/\" target=\"_blank\"><img loading=\"lazy\" decoding=\"async\" class=\"aligncenter size-thumbnail\" title=\"Bookstore-Point-of-Sale-POS-Systems-Sintel-Systems-855-POS-SALE-www.SintelSystemsPOS.com\" src=\"https:\/\/sintelsystemspos.com\/wp-content\/uploads\/2015\/12\/Bookstore-Point-of-Sale-POS-Systems-Sintel-Systems-855-POS-SALE-www.SintelSystemsPOS.com_.png\" alt=\"Bookstore-Point-of-Sale-POS-Systems-Sintel-Systems-855-POS-SALE-www.SintelSystemsPOS.com\" width=\"150\" height=\"150\" \/><\/a><\/td>\n<\/tr>\n<tr>\n<td><a href=\"https:\/\/sintelsystemspos.com\/point-of-sale\/kiosk-pos\/\" target=\"_blank\"><img loading=\"lazy\" decoding=\"async\" class=\"aligncenter size-thumbnail\" title=\"Kiosk-Point-of-Sale-POS-Systems-Sintel-Systems-855-POS-SALE-www.SintelSystemsPOS.com\" src=\"https:\/\/sintelsystemspos.com\/wp-content\/uploads\/2015\/12\/Kiosk-Point-of-Sale-POS-Systems-Sintel-Systems-855-POS-SALE-www.SintelSystemsPOS.com_.png\" alt=\"Kiosk-Point-of-Sale-POS-Systems-Sintel-Systems-855-POS-SALE-www.SintelSystemsPOS.com\" width=\"150\" height=\"150\" \/><\/a><\/td>\n<td><a href=\"https:\/\/sintelsystemspos.com\/point-of-sale\/retail-pos\/gift-shop-pos\/\" target=\"_blank\"><img loading=\"lazy\" decoding=\"async\" class=\"aligncenter size-thumbnail\" title=\"Gift-Shop-Point-of-Sale-POS-Systems-Sintel-Systems-855-POS-SALE-www.SintelSystemsPOS.com\" src=\"https:\/\/sintelsystemspos.com\/wp-content\/uploads\/2015\/12\/Gift-Shop-Point-of-Sale-POS-Systems-Sintel-Systems-855-POS-SALE-www.SintelSystemsPOS.com_.png\" alt=\"Gift-Shop-Point-of-Sale-POS-Systems-Sintel-Systems-855-POS-SALE-www.SintelSystemsPOS.com\" width=\"150\" height=\"150\" \/><\/a><\/td>\n<td><a href=\"https:\/\/sintelsystemspos.com\/point-of-sale\/retail-pos\/bicycle-store-pos\/\" target=\"_blank\"><img loading=\"lazy\" decoding=\"async\" class=\"aligncenter size-thumbnail\" title=\"Bicycle-Store-Point-of-Sale-POS-Systems-Sintel-Systems-855-POS-SALE-www.SintelSystemsPOS.com\" src=\"https:\/\/sintelsystemspos.com\/wp-content\/uploads\/2015\/12\/Bicycle-Store-Point-of-Sale-POS-Systems-Sintel-Systems-855-POS-SALE-www.SintelSystemsPOS.com_.png\" alt=\"Bicycle-Store-Point-of-Sale-POS-Systems-Sintel-Systems-855-POS-SALE-www.SintelSystemsPOS.com\" width=\"150\" height=\"150\" \/><\/a><\/td>\n<td><a href=\"https:\/\/sintelsystemspos.com\/point-of-sale\/retail-pos\/cellular-phone-store-pos\/\" target=\"_blank\"><img loading=\"lazy\" decoding=\"async\" class=\"aligncenter size-thumbnail\" title=\"Cell-Phone-Store-Point-of-Sale-POS-Systems-Sintel-Systems-855-POS-SALE-www.SintelSystemsPOS.com\" src=\"https:\/\/sintelsystemspos.com\/wp-content\/uploads\/2015\/12\/Cell-Phone-Store-Point-of-Sale-POS-Systems-Sintel-Systems-855-POS-SALE-www.SintelSystemsPOS.com_.png\" alt=\"Cell-Phone-Store-Point-of-Sale-POS-Systems-Sintel-Systems-855-POS-SALE-www.SintelSystemsPOS.com\" width=\"150\" height=\"150\" \/><\/a><\/td>\n<td><a href=\"https:\/\/sintelsystemspos.com\/point-of-sale\/retail-pos\/cigar-smoke-shop-pos-cigarette-pos\/\" target=\"_blank\"><img loading=\"lazy\" decoding=\"async\" class=\"aligncenter size-thumbnail\" title=\"Cigar-Shop-Point-of-Sale-POS-Systems-Sintel-Systems-855-POS-SALE-www.SintelSystemsPOS.com\" src=\"https:\/\/sintelsystemspos.com\/wp-content\/uploads\/2015\/12\/Cigar-Shop-Point-of-Sale-POS-Systems-Sintel-Systems-855-POS-SALE-www.SintelSystemsPOS.com_.png\" alt=\"Cigar-Shop-Point-of-Sale-POS-Systems-Sintel-Systems-855-POS-SALE-www.SintelSystemsPOS.com\" width=\"150\" height=\"150\" \/><\/a><\/td>\n<\/tr>\n<\/tbody>\n<\/table>\n<\/td>\n<\/tr>\n<\/tbody>\n<\/table>\n<p><\/p>","protected":false},"excerpt":{"rendered":"<p>Desculpe, este conte\u00fado s\u00f3 est\u00e1 dispon\u00edvel em English. Por uma quest\u00e3o de conveni\u00eancia para o utilizador, o conte\u00fado \u00e9 mostrado abaixo no idioma alternativo. Pode clicar na liga\u00e7\u00e3o para alterar o idioma activo. Why we are your partner for long-term growth? Franchising is the goal!\u00a0 You open a business hoping to become successful, expand into [&hellip;]<\/p>\n","protected":false},"author":1,"featured_media":0,"parent":0,"menu_order":0,"comment_status":"closed","ping_status":"closed","template":"","meta":{"footnotes":""},"class_list":["post-1172","page","type-page","status-publish","czr-hentry"],"_links":{"self":[{"href":"https:\/\/sintelsystemspos.com\/pt\/wp-json\/wp\/v2\/pages\/1172","targetHints":{"allow":["GET"]}}],"collection":[{"href":"https:\/\/sintelsystemspos.com\/pt\/wp-json\/wp\/v2\/pages"}],"about":[{"href":"https:\/\/sintelsystemspos.com\/pt\/wp-json\/wp\/v2\/types\/page"}],"author":[{"embeddable":true,"href":"https:\/\/sintelsystemspos.com\/pt\/wp-json\/wp\/v2\/users\/1"}],"replies":[{"embeddable":true,"href":"https:\/\/sintelsystemspos.com\/pt\/wp-json\/wp\/v2\/comments?post=1172"}],"version-history":[{"count":14,"href":"https:\/\/sintelsystemspos.com\/pt\/wp-json\/wp\/v2\/pages\/1172\/revisions"}],"predecessor-version":[{"id":2934,"href":"https:\/\/sintelsystemspos.com\/pt\/wp-json\/wp\/v2\/pages\/1172\/revisions\/2934"}],"wp:attachment":[{"href":"https:\/\/sintelsystemspos.com\/pt\/wp-json\/wp\/v2\/media?parent=1172"}],"curies":[{"name":"wp","href":"https:\/\/api.w.org\/{rel}","templated":true}]}}