{"id":1269,"date":"2015-10-09T10:29:25","date_gmt":"2015-10-09T17:29:25","guid":{"rendered":"http:\/\/sintelsystemspos.com\/?page_id=1269"},"modified":"2015-10-12T16:23:21","modified_gmt":"2015-10-12T23:23:21","slug":"kiosk-pos","status":"publish","type":"page","link":"https:\/\/sintelsystemspos.com\/pt\/point-of-sale\/kiosk-pos\/","title":{"rendered":"Kiosk POS"},"content":{"rendered":"<p class=\"qtranxs-available-languages-message qtranxs-available-languages-message-pt\">Desculpe, este conte\u00fado s\u00f3 est\u00e1 dispon\u00edvel em <a href=\"https:\/\/sintelsystemspos.com\/en\/wp-json\/wp\/v2\/pages\/1269\" class=\"qtranxs-available-language-link qtranxs-available-language-link-en\" title=\"English\">English<\/a>. Por uma quest\u00e3o de conveni\u00eancia para o utilizador, o conte\u00fado \u00e9 mostrado abaixo no idioma alternativo. Pode clicar na liga\u00e7\u00e3o para alterar o idioma activo.<\/p><p><\/p>\n<p style=\"text-align: center;\"><span style=\"font-size: 18pt; background-color: #33cccc; color: #ffffff;\"><a style=\"background-color: #33cccc; color: #ffffff;\" href=\"https:\/\/www.sintelsystems.com\/point-of-sale\/kiosk-pos-point-of-sale-system-software-support\/shopby\/5_series\" target=\"_blank\">Buy Now!<\/a><\/span><\/p>\n<p>Nothing explains the Kiosk Food business better than fast paced, confined space, and extreme environment. In today&#8217;s completive environment, the right point of sale (POS) system can keep up with the fast pace, fit well within the confined space, and withstand the extreme environment can make the difference between success and not. With Sintel Systems All-in-one Model 3i and 7i POS systems specifically designed for your Kiosk needs in mind, you can now move the lines quicker without worrying about system failure. See the model 3i and 7i here and then contact us to talk to a specialist at 855-POS-SALE<\/p>\n<p>&nbsp;<\/p>\n<p><iframe style=\"display: block; margin-left: auto; margin-right: auto;\" src=\"https:\/\/www.youtube.com\/embed\/bsR7hSB9YkY\" width=\"560\" height=\"315\"><\/iframe><\/p>\n<p>&nbsp;<\/p>\n<p><iframe style=\"display: block; margin-left: auto; margin-right: auto;\" src=\"https:\/\/www.youtube.com\/embed\/f7aci7Mv_q8\" width=\"560\" height=\"315\"><\/iframe><\/p>\n<p>&nbsp;<\/p>\n<p><script src=\"https:\/\/www.emailmeform.com\/builder\/forms\/jsform\/de34uBe2YaWP19vmnHNaq54\" type=\"text\/javascript\"><\/script><\/p>","protected":false},"excerpt":{"rendered":"<p>Desculpe, este conte\u00fado s\u00f3 est\u00e1 dispon\u00edvel em English. Por uma quest\u00e3o de conveni\u00eancia para o utilizador, o conte\u00fado \u00e9 mostrado abaixo no idioma alternativo. Pode clicar na liga\u00e7\u00e3o para alterar o idioma activo. Buy Now! Nothing explains the Kiosk Food business better than fast paced, confined space, and extreme environment. In today&#8217;s completive environment, the [&hellip;]<\/p>\n","protected":false},"author":1,"featured_media":0,"parent":1172,"menu_order":5,"comment_status":"closed","ping_status":"closed","template":"","meta":{"footnotes":""},"class_list":["post-1269","page","type-page","status-publish","czr-hentry"],"_links":{"self":[{"href":"https:\/\/sintelsystemspos.com\/pt\/wp-json\/wp\/v2\/pages\/1269","targetHints":{"allow":["GET"]}}],"collection":[{"href":"https:\/\/sintelsystemspos.com\/pt\/wp-json\/wp\/v2\/pages"}],"about":[{"href":"https:\/\/sintelsystemspos.com\/pt\/wp-json\/wp\/v2\/types\/page"}],"author":[{"embeddable":true,"href":"https:\/\/sintelsystemspos.com\/pt\/wp-json\/wp\/v2\/users\/1"}],"replies":[{"embeddable":true,"href":"https:\/\/sintelsystemspos.com\/pt\/wp-json\/wp\/v2\/comments?post=1269"}],"version-history":[{"count":4,"href":"https:\/\/sintelsystemspos.com\/pt\/wp-json\/wp\/v2\/pages\/1269\/revisions"}],"predecessor-version":[{"id":1558,"href":"https:\/\/sintelsystemspos.com\/pt\/wp-json\/wp\/v2\/pages\/1269\/revisions\/1558"}],"up":[{"embeddable":true,"href":"https:\/\/sintelsystemspos.com\/pt\/wp-json\/wp\/v2\/pages\/1172"}],"wp:attachment":[{"href":"https:\/\/sintelsystemspos.com\/pt\/wp-json\/wp\/v2\/media?parent=1269"}],"curies":[{"name":"wp","href":"https:\/\/api.w.org\/{rel}","templated":true}]}}