{"id":1271,"date":"2015-10-09T10:32:06","date_gmt":"2015-10-09T17:32:06","guid":{"rendered":"http:\/\/sintelsystemspos.com\/?page_id=1271"},"modified":"2015-10-12T16:29:21","modified_gmt":"2015-10-12T23:29:21","slug":"catering-pos","status":"publish","type":"page","link":"https:\/\/sintelsystemspos.com\/pt\/point-of-sale\/catering-pos\/","title":{"rendered":"Catering POS"},"content":{"rendered":"<p class=\"qtranxs-available-languages-message qtranxs-available-languages-message-pt\">Desculpe, este conte\u00fado s\u00f3 est\u00e1 dispon\u00edvel em <a href=\"https:\/\/sintelsystemspos.com\/en\/wp-json\/wp\/v2\/pages\/1271\" class=\"qtranxs-available-language-link qtranxs-available-language-link-en\" title=\"English\">English<\/a>. Por uma quest\u00e3o de conveni\u00eancia para o utilizador, o conte\u00fado \u00e9 mostrado abaixo no idioma alternativo. Pode clicar na liga\u00e7\u00e3o para alterar o idioma activo.<\/p><p><\/p>\n<p style=\"text-align: center;\"><span style=\"font-size: 18pt; background-color: #33cccc; color: #ffffff;\"><a style=\"background-color: #33cccc; color: #ffffff;\" href=\"https:\/\/www.sintelsystems.com\/point-of-sale\/catering-pos\/shopby\/5_series\" target=\"_blank\">Buy Now!<\/a><\/span><\/p>\n<p>Nothing explains the catering business better than fast paced, detail oriented and perfection. In today&#8217;s completive environment, the right point of sale (POS) system can keep up with the fast pace and catering details which can make the difference between success and not. With Sintel Systems All-in-one Model 3i POS systems specifically designed with the food truck needs in mind, you can now move the lines quicker without worrying about system failure. See the food truck model 3i here and then contact us to talk to a specialist at 855-POS-SALE<\/p>\n<p>&nbsp;<\/p>\n<p><iframe style=\"display: block; margin-left: auto; margin-right: auto;\" src=\"https:\/\/www.youtube.com\/embed\/bsR7hSB9YkY\" width=\"560\" height=\"315\"><\/iframe><\/p>\n<p>&nbsp;<\/p>\n<p><script src=\"https:\/\/www.emailmeform.com\/builder\/forms\/jsform\/de34uBe2YaWP19vmnHNaq54\" type=\"text\/javascript\"><\/script><\/p>","protected":false},"excerpt":{"rendered":"<p>Desculpe, este conte\u00fado s\u00f3 est\u00e1 dispon\u00edvel em English. Por uma quest\u00e3o de conveni\u00eancia para o utilizador, o conte\u00fado \u00e9 mostrado abaixo no idioma alternativo. Pode clicar na liga\u00e7\u00e3o para alterar o idioma activo. Buy Now! Nothing explains the catering business better than fast paced, detail oriented and perfection. In today&#8217;s completive environment, the right point [&hellip;]<\/p>\n","protected":false},"author":1,"featured_media":0,"parent":1172,"menu_order":6,"comment_status":"closed","ping_status":"closed","template":"","meta":{"footnotes":""},"class_list":["post-1271","page","type-page","status-publish","czr-hentry"],"_links":{"self":[{"href":"https:\/\/sintelsystemspos.com\/pt\/wp-json\/wp\/v2\/pages\/1271","targetHints":{"allow":["GET"]}}],"collection":[{"href":"https:\/\/sintelsystemspos.com\/pt\/wp-json\/wp\/v2\/pages"}],"about":[{"href":"https:\/\/sintelsystemspos.com\/pt\/wp-json\/wp\/v2\/types\/page"}],"author":[{"embeddable":true,"href":"https:\/\/sintelsystemspos.com\/pt\/wp-json\/wp\/v2\/users\/1"}],"replies":[{"embeddable":true,"href":"https:\/\/sintelsystemspos.com\/pt\/wp-json\/wp\/v2\/comments?post=1271"}],"version-history":[{"count":5,"href":"https:\/\/sintelsystemspos.com\/pt\/wp-json\/wp\/v2\/pages\/1271\/revisions"}],"predecessor-version":[{"id":1560,"href":"https:\/\/sintelsystemspos.com\/pt\/wp-json\/wp\/v2\/pages\/1271\/revisions\/1560"}],"up":[{"embeddable":true,"href":"https:\/\/sintelsystemspos.com\/pt\/wp-json\/wp\/v2\/pages\/1172"}],"wp:attachment":[{"href":"https:\/\/sintelsystemspos.com\/pt\/wp-json\/wp\/v2\/media?parent=1271"}],"curies":[{"name":"wp","href":"https:\/\/api.w.org\/{rel}","templated":true}]}}