{"id":1282,"date":"2015-10-09T10:49:37","date_gmt":"2015-10-09T17:49:37","guid":{"rendered":"http:\/\/sintelsystemspos.com\/?page_id=1282"},"modified":"2015-12-10T12:40:20","modified_gmt":"2015-12-10T20:40:20","slug":"frozen-yogurt-pos-with-gram-scale","status":"publish","type":"page","link":"https:\/\/sintelsystemspos.com\/pt\/point-of-sale\/food-service-pos\/frozen-yogurt-pos-with-gram-scale\/","title":{"rendered":"Frozen Yogurt POS with Gram Scale"},"content":{"rendered":"<p class=\"qtranxs-available-languages-message qtranxs-available-languages-message-pt\">Desculpe, este conte\u00fado s\u00f3 est\u00e1 dispon\u00edvel em <a href=\"https:\/\/sintelsystemspos.com\/en\/wp-json\/wp\/v2\/pages\/1282\" class=\"qtranxs-available-language-link qtranxs-available-language-link-en\" title=\"English\">English<\/a>. Por uma quest\u00e3o de conveni\u00eancia para o utilizador, o conte\u00fado \u00e9 mostrado abaixo no idioma alternativo. Pode clicar na liga\u00e7\u00e3o para alterar o idioma activo.<\/p><p><\/p>\n<p style=\"text-align: center;\"><span style=\"font-size: 18pt; background-color: #33cccc; color: #ffffff;\"><a style=\"background-color: #33cccc; color: #ffffff;\" href=\"https:\/\/www.sintelsystems.com\/point-of-sale\/food-service\/frozen-yogurt-gram-scale\/shopby\/5_series\" target=\"_blank\">Buy Now!<\/a><\/span><\/p>\n<table style=\"width: 97%;\" border=\"0\">\n<tbody>\n<tr>\n<td colspan=\"3\"><img decoding=\"async\" style=\"float: left;\" src=\"https:\/\/www.sintelsystems.com\/images\/pos\/frozenyogurt\/frozen-yogurt-bowl.jpg\" alt=\"Frozen yogurt POS\" width=\"159\" height=\"121\" \/><\/p>\n<p><span style=\"font-size: small;\">The Frozen Yogurt Industry is quickly growing with more demand nationwide than any other time in its history. Customers are looking for variety with flavors one would never believe possible. Frozen Yogurt Shop owners are looking for ways to keep up with the demand &amp; hunger for variety. With some stores accumulating lines as long as the eye can see, order processing becomes more and more important than ever. There is nothing worse then choosing your favorite variety of frozen yogurt and topping just to watch it melt as one stands in line waiting to pay. Frozen Yogurt POS industry has also evolved allowing for cashiers to process customer orders within seconds.<\/span><strong><span style=\"font-size: small;\"><br \/>\n<\/span><\/strong><\/td>\n<td><a title=\"Frozen Yogurt POS Video\" href=\"https:\/\/www.sintelsystems.com\/froyo_main_video\" target=\"_blank\"><object style=\"display: block; margin-left: auto; margin-right: auto;\" data=\"https:\/\/www.youtube.com\/v\/CjeEtRL8zcg\" type=\"application\/x-shockwave-flash\" width=\"226\" height=\"172\"><param name=\"data\" value=\"https:\/\/www.youtube.com\/v\/CjeEtRL8zcg\" \/><param name=\"play\" value=\"false\" \/><param name=\"src\" value=\"https:\/\/www.youtube.com\/v\/CjeEtRL8zcg\" \/><\/object><\/a><\/td>\n<\/tr>\n<tr>\n<td colspan=\"4\">\n<h3><span style=\"font-size: medium;\">&#8220;Managing your Frozen Yogurt Shop has never been EASIER&#8221;<\/span><\/h3>\n<p><span style=\"font-size: small;\">With our POS software, transactions are processed quickly and accurately. This top-of-the-line software combines simple user interface with powerful management tools. Featuring a simple, intuitive back office which does not require hours of labor intensive data entry, entering your menu items can be done in minutes. This in turn makes employee training fast and easy.\u00a0 <\/span><\/p>\n<h3><span style=\"font-size: medium;\">How to select the BEST Yogurt Shop POS System?<\/span><\/h3>\n<p><span style=\"font-size: small;\">Sintel Systems provides three different complete Yogurt Shop POS systems. These systems include everything you need: <span style=\"text-decoration: underline;\">Pre-configured Hardware<\/span>, <span style=\"text-decoration: underline;\">Pre-installed Software<\/span>, &amp; <span style=\"text-decoration: underline;\">Services<\/span>. Packages are designed based on Ease of Use, Efficiency, Long Term Dependability and Appearance.<\/span><\/td>\n<\/tr>\n<\/tbody>\n<\/table>\n<table style=\"width: 97%;\" border=\"0\">\n<tbody>\n<tr>\n<td style=\"height: 15px;\"><\/td>\n<td style=\"height: 15px; text-align: center;\">\u00a0<span style=\"font-size: medium;\"><strong>Have a question? <\/strong><\/span><br \/>\nCheck out these frequently asked questions.<\/td>\n<td style=\"height: 15px;\"><\/td>\n<\/tr>\n<tr>\n<td rowspan=\"6\">\n<h3><span style=\"color: #0000ff;\">Will I be able to use my POS System right after receiving it? <\/span><\/h3>\n<p>Yes, all of our POS Packages are ready to use out of the box.<\/p>\n<h3><span style=\"color: #0000ff;\">Can I use my POS system&#8217;s sales report in Quickbooks?<\/span><\/h3>\n<p>Yes, by exporting your POS data to a MS Excel file, you can use Quickbooks for all your accounting needs.<\/p>\n<h3><span style=\"color: #0000ff;\">Can I use my own credit card processing service company?<\/span><\/h3>\n<p>Of course you can. To use your own Credit Card processing service company you need to purchase a licensed copy of PC-Charge and contact PC-Charge Company to let them know you need assistance setting up PC-Charge with your account using Windows XP Pro (Make sure you have your VAR Sheet with you and are using Terminal 1).<\/p>\n<p>&nbsp;<\/p>\n<p>&nbsp;<\/p>\n<p>&nbsp;<\/p>\n<p>&nbsp;<\/td>\n<td rowspan=\"6\">\n<h3><span style=\"color: #0000ff;\">What&#8217;s included in my POS package?<\/span><\/h3>\n<p>All complete packages include all-in-one touch screen PC with POS Software pre-installed, receipt printer, magnetic card reader, customer display, cash drawer and integrated scale.<\/p>\n<h3><span style=\"color: #0000ff;\">How does the Point Of Sale system support loyalty program?<\/span><\/h3>\n<p>By using our loyalty program you can reward your loyal customers. The internal point system does not require transaction fees and encourages customer to return time and time again. Since loyalty systems require customer information, you can use the contact\u00a0 information to send specials and coupons. Customers can redeem points towards future purchases based on your program details.<\/p>\n<h3><span style=\"color: #0000ff;\">How long does it take to learn working with the pos software?<\/span><\/h3>\n<p>Our POS software is very easy to learn and it takes 10 minutes for a new employee to learn how to ring up a new customer.<\/td>\n<td rowspan=\"6\">\n<h3><span style=\"color: #0000ff;\">What are the hidden fees in buying Frozen Yogurt POS package?<\/span><\/h3>\n<p>There are NO hidden fees after you buy our POS package.<\/p>\n<h3><span style=\"color: #0000ff;\">Can I use Gift Cards on my POS System?<\/span><\/h3>\n<p>The Gift Card system is an internal module in our POS software which allows business owners to sell and control gift cards locally without any transaction fees. All you need are the Gift Cards which may be purchased with your system. We offer full color custom printing on both sides with magnetic coding.<\/p>\n<p>&nbsp;<\/p>\n<p>&nbsp;<\/p>\n<p>&nbsp;<\/p>\n<p>&nbsp;<\/p>\n<p>&nbsp;<\/p>\n<p>&nbsp;<\/p>\n<p>&nbsp;<\/p>\n<p>&nbsp;<\/p>\n<p>&nbsp;<\/td>\n<\/tr>\n<\/tbody>\n<\/table>\n<p>&nbsp;<\/p>\n<p>&nbsp;<\/p>","protected":false},"excerpt":{"rendered":"<p>Desculpe, este conte\u00fado s\u00f3 est\u00e1 dispon\u00edvel em English. Por uma quest\u00e3o de conveni\u00eancia para o utilizador, o conte\u00fado \u00e9 mostrado abaixo no idioma alternativo. Pode clicar na liga\u00e7\u00e3o para alterar o idioma activo. Buy Now! The Frozen Yogurt Industry is quickly growing with more demand nationwide than any other time in its history. Customers are [&hellip;]<\/p>\n","protected":false},"author":1,"featured_media":0,"parent":1258,"menu_order":2,"comment_status":"closed","ping_status":"closed","template":"","meta":{"footnotes":""},"class_list":["post-1282","page","type-page","status-publish","czr-hentry"],"_links":{"self":[{"href":"https:\/\/sintelsystemspos.com\/pt\/wp-json\/wp\/v2\/pages\/1282","targetHints":{"allow":["GET"]}}],"collection":[{"href":"https:\/\/sintelsystemspos.com\/pt\/wp-json\/wp\/v2\/pages"}],"about":[{"href":"https:\/\/sintelsystemspos.com\/pt\/wp-json\/wp\/v2\/types\/page"}],"author":[{"embeddable":true,"href":"https:\/\/sintelsystemspos.com\/pt\/wp-json\/wp\/v2\/users\/1"}],"replies":[{"embeddable":true,"href":"https:\/\/sintelsystemspos.com\/pt\/wp-json\/wp\/v2\/comments?post=1282"}],"version-history":[{"count":7,"href":"https:\/\/sintelsystemspos.com\/pt\/wp-json\/wp\/v2\/pages\/1282\/revisions"}],"predecessor-version":[{"id":2828,"href":"https:\/\/sintelsystemspos.com\/pt\/wp-json\/wp\/v2\/pages\/1282\/revisions\/2828"}],"up":[{"embeddable":true,"href":"https:\/\/sintelsystemspos.com\/pt\/wp-json\/wp\/v2\/pages\/1258"}],"wp:attachment":[{"href":"https:\/\/sintelsystemspos.com\/pt\/wp-json\/wp\/v2\/media?parent=1282"}],"curies":[{"name":"wp","href":"https:\/\/api.w.org\/{rel}","templated":true}]}}