{"id":1300,"date":"2015-10-09T11:04:48","date_gmt":"2015-10-09T18:04:48","guid":{"rendered":"http:\/\/sintelsystemspos.com\/?page_id=1300"},"modified":"2015-12-10T13:04:50","modified_gmt":"2015-12-10T21:04:50","slug":"hot-dog-pos-sausage-pos","status":"publish","type":"page","link":"https:\/\/sintelsystemspos.com\/pt\/point-of-sale\/food-service-pos\/hot-dog-pos-sausage-pos\/","title":{"rendered":"Hot Dog POS &#8211; Sausage POS"},"content":{"rendered":"<p class=\"qtranxs-available-languages-message qtranxs-available-languages-message-pt\">Desculpe, este conte\u00fado s\u00f3 est\u00e1 dispon\u00edvel em <a href=\"https:\/\/sintelsystemspos.com\/en\/wp-json\/wp\/v2\/pages\/1300\" class=\"qtranxs-available-language-link qtranxs-available-language-link-en\" title=\"English\">English<\/a>. Por uma quest\u00e3o de conveni\u00eancia para o utilizador, o conte\u00fado \u00e9 mostrado abaixo no idioma alternativo. Pode clicar na liga\u00e7\u00e3o para alterar o idioma activo.<\/p><p><img fetchpriority=\"high\" decoding=\"async\" class=\"aligncenter size-full wp-image-1462\" src=\"https:\/\/sintelsystemspos.com\/wp-content\/uploads\/2015\/10\/hotdog_pos_Header_image.jpg\" alt=\"hotdog_pos_Header_image\" width=\"760\" height=\"222\" srcset=\"https:\/\/sintelsystemspos.com\/wp-content\/uploads\/2015\/10\/hotdog_pos_Header_image.jpg 760w, https:\/\/sintelsystemspos.com\/wp-content\/uploads\/2015\/10\/hotdog_pos_Header_image-600x175.jpg 600w, https:\/\/sintelsystemspos.com\/wp-content\/uploads\/2015\/10\/hotdog_pos_Header_image-300x88.jpg 300w\" sizes=\"(max-width: 760px) 100vw, 760px\" \/><\/p>\n<p style=\"text-align: center;\"><span style=\"font-size: 18pt; color: #ffffff; background-color: #33cccc;\"><a style=\"color: #ffffff; background-color: #33cccc;\" href=\"https:\/\/www.sintelsystems.com\/point-of-sale\/food-service\/hot-dog-sausage\/shopby\/5_series\">Buy Now!<\/a><\/span><\/p>\n<p><\/p>","protected":false},"excerpt":{"rendered":"<p>Desculpe, este conte\u00fado s\u00f3 est\u00e1 dispon\u00edvel em English. Por uma quest\u00e3o de conveni\u00eancia para o utilizador, o conte\u00fado \u00e9 mostrado abaixo no idioma alternativo. Pode clicar na liga\u00e7\u00e3o para alterar o idioma activo. Buy Now!<\/p>\n","protected":false},"author":1,"featured_media":0,"parent":1258,"menu_order":11,"comment_status":"closed","ping_status":"closed","template":"","meta":{"footnotes":""},"class_list":["post-1300","page","type-page","status-publish","czr-hentry"],"_links":{"self":[{"href":"https:\/\/sintelsystemspos.com\/pt\/wp-json\/wp\/v2\/pages\/1300","targetHints":{"allow":["GET"]}}],"collection":[{"href":"https:\/\/sintelsystemspos.com\/pt\/wp-json\/wp\/v2\/pages"}],"about":[{"href":"https:\/\/sintelsystemspos.com\/pt\/wp-json\/wp\/v2\/types\/page"}],"author":[{"embeddable":true,"href":"https:\/\/sintelsystemspos.com\/pt\/wp-json\/wp\/v2\/users\/1"}],"replies":[{"embeddable":true,"href":"https:\/\/sintelsystemspos.com\/pt\/wp-json\/wp\/v2\/comments?post=1300"}],"version-history":[{"count":5,"href":"https:\/\/sintelsystemspos.com\/pt\/wp-json\/wp\/v2\/pages\/1300\/revisions"}],"predecessor-version":[{"id":2839,"href":"https:\/\/sintelsystemspos.com\/pt\/wp-json\/wp\/v2\/pages\/1300\/revisions\/2839"}],"up":[{"embeddable":true,"href":"https:\/\/sintelsystemspos.com\/pt\/wp-json\/wp\/v2\/pages\/1258"}],"wp:attachment":[{"href":"https:\/\/sintelsystemspos.com\/pt\/wp-json\/wp\/v2\/media?parent=1300"}],"curies":[{"name":"wp","href":"https:\/\/api.w.org\/{rel}","templated":true}]}}