{"id":1302,"date":"2015-10-09T11:07:08","date_gmt":"2015-10-09T18:07:08","guid":{"rendered":"http:\/\/sintelsystemspos.com\/?page_id=1302"},"modified":"2015-12-10T13:06:48","modified_gmt":"2015-12-10T21:06:48","slug":"kabob-restaurant-pos","status":"publish","type":"page","link":"https:\/\/sintelsystemspos.com\/pt\/point-of-sale\/food-service-pos\/kabob-restaurant-pos\/","title":{"rendered":"Kabob Restaurant POS"},"content":{"rendered":"<p class=\"qtranxs-available-languages-message qtranxs-available-languages-message-pt\">Desculpe, este conte\u00fado s\u00f3 est\u00e1 dispon\u00edvel em <a href=\"https:\/\/sintelsystemspos.com\/en\/wp-json\/wp\/v2\/pages\/1302\" class=\"qtranxs-available-language-link qtranxs-available-language-link-en\" title=\"English\">English<\/a>. Por uma quest\u00e3o de conveni\u00eancia para o utilizador, o conte\u00fado \u00e9 mostrado abaixo no idioma alternativo. Pode clicar na liga\u00e7\u00e3o para alterar o idioma activo.<\/p><p><img fetchpriority=\"high\" decoding=\"async\" class=\"aligncenter size-full wp-image-1464\" src=\"https:\/\/sintelsystemspos.com\/wp-content\/uploads\/2015\/10\/kabob_place_header.jpg\" alt=\"kabob_place_header\" width=\"760\" height=\"216\" srcset=\"https:\/\/sintelsystemspos.com\/wp-content\/uploads\/2015\/10\/kabob_place_header.jpg 760w, https:\/\/sintelsystemspos.com\/wp-content\/uploads\/2015\/10\/kabob_place_header-600x171.jpg 600w, https:\/\/sintelsystemspos.com\/wp-content\/uploads\/2015\/10\/kabob_place_header-300x85.jpg 300w\" sizes=\"(max-width: 760px) 100vw, 760px\" \/><\/p>\n<p style=\"text-align: center;\"><span style=\"font-size: 18pt; color: #ffffff; background-color: #33cccc;\"><a style=\"color: #ffffff; background-color: #33cccc;\" href=\"https:\/\/www.sintelsystems.com\/point-of-sale\/food-service\/kabob\/shopby\/5_series\">Buy Now!<\/a><\/span><\/p>\n<p><\/p>","protected":false},"excerpt":{"rendered":"<p>Desculpe, este conte\u00fado s\u00f3 est\u00e1 dispon\u00edvel em English. Por uma quest\u00e3o de conveni\u00eancia para o utilizador, o conte\u00fado \u00e9 mostrado abaixo no idioma alternativo. Pode clicar na liga\u00e7\u00e3o para alterar o idioma activo. Buy Now!<\/p>\n","protected":false},"author":1,"featured_media":0,"parent":1258,"menu_order":12,"comment_status":"closed","ping_status":"closed","template":"","meta":{"footnotes":""},"class_list":["post-1302","page","type-page","status-publish","czr-hentry"],"_links":{"self":[{"href":"https:\/\/sintelsystemspos.com\/pt\/wp-json\/wp\/v2\/pages\/1302","targetHints":{"allow":["GET"]}}],"collection":[{"href":"https:\/\/sintelsystemspos.com\/pt\/wp-json\/wp\/v2\/pages"}],"about":[{"href":"https:\/\/sintelsystemspos.com\/pt\/wp-json\/wp\/v2\/types\/page"}],"author":[{"embeddable":true,"href":"https:\/\/sintelsystemspos.com\/pt\/wp-json\/wp\/v2\/users\/1"}],"replies":[{"embeddable":true,"href":"https:\/\/sintelsystemspos.com\/pt\/wp-json\/wp\/v2\/comments?post=1302"}],"version-history":[{"count":5,"href":"https:\/\/sintelsystemspos.com\/pt\/wp-json\/wp\/v2\/pages\/1302\/revisions"}],"predecessor-version":[{"id":2840,"href":"https:\/\/sintelsystemspos.com\/pt\/wp-json\/wp\/v2\/pages\/1302\/revisions\/2840"}],"up":[{"embeddable":true,"href":"https:\/\/sintelsystemspos.com\/pt\/wp-json\/wp\/v2\/pages\/1258"}],"wp:attachment":[{"href":"https:\/\/sintelsystemspos.com\/pt\/wp-json\/wp\/v2\/media?parent=1302"}],"curies":[{"name":"wp","href":"https:\/\/api.w.org\/{rel}","templated":true}]}}