{"id":1307,"date":"2015-10-09T11:12:35","date_gmt":"2015-10-09T18:12:35","guid":{"rendered":"http:\/\/sintelsystemspos.com\/?page_id=1307"},"modified":"2015-10-15T12:48:09","modified_gmt":"2015-10-15T19:48:09","slug":"restaurant-pos","status":"publish","type":"page","link":"https:\/\/sintelsystemspos.com\/pt\/point-of-sale\/food-service-pos\/restaurant-pos\/","title":{"rendered":"Restaurant POS"},"content":{"rendered":"<p class=\"qtranxs-available-languages-message qtranxs-available-languages-message-pt\">Desculpe, este conte\u00fado s\u00f3 est\u00e1 dispon\u00edvel em <a href=\"https:\/\/sintelsystemspos.com\/en\/wp-json\/wp\/v2\/pages\/1307\" class=\"qtranxs-available-language-link qtranxs-available-language-link-en\" title=\"English\">English<\/a>. Por uma quest\u00e3o de conveni\u00eancia para o utilizador, o conte\u00fado \u00e9 mostrado abaixo no idioma alternativo. Pode clicar na liga\u00e7\u00e3o para alterar o idioma activo.<\/p><p><\/p>\n<p style=\"text-align: center;\"><span style=\"font-size: 18pt; background-color: #33cccc; color: #ffffff;\"><a style=\"background-color: #33cccc; color: #ffffff;\" href=\"https:\/\/www.sintelsystems.com\/point-of-sale\/food-service\/restaurant\/shopby\/5_series\">Buy Now!<\/a><\/span><\/p>\n<table>\n<tbody>\n<tr>\n<td colspan=\"6\"><strong><span style=\"font-size: small;\"><img decoding=\"async\" style=\"float: left; margin-right: 15px; margin-bottom: 10px;\" src=\"https:\/\/sintelsystemspos.com\/wp-content\/uploads\/2015\/10\/restaurant2-2.jpg\" alt=\"Restaurant Point Of Sale Photo\" width=\"200\" height=\"133\" \/>\u00a0<\/span><\/strong><span style=\"font-size: small;\">The Restaurant business is one of the most competitive businesses all over the world and meeting customers demands is vital for success in this business. Cutting costs and service time by enhancing efficiencies and improving customer service is more important than ever. Point of sale systems are among the best tools to increase efficiency and improve customer service. <\/span><\/p>\n<h3>How our POS System can improve your Restaurant business&#8217; efficiency?<\/h3>\n<p><span style=\"font-size: small;\">With our Restaurant POS Software, transactions are processed quickly &amp; accurately. This top-of-the-line Point of Sale software combines simple user interfaces with powerful management tools. UP Restaurant\u2122 features a simple, intuitive menu which does not require hours of training, and will make employee training easier.<\/span><\/td>\n<\/tr>\n<tr>\n<td colspan=\"6\">\n<h3>How to select the best Restaurant POS System?<\/h3>\n<p><span style=\"font-size: small;\">Sintel Systems provides three different complete Restaurant POS systems (see below). These systems include everything you need: <span style=\"text-decoration: underline;\">Pre-configured Hardware<\/span>, <span style=\"text-decoration: underline;\">Pre-installed Software<\/span>, &amp; <span style=\"text-decoration: underline;\">Services<\/span>. Packages are designed based on Ease of use, Efficiency, Long term dependability and Appearance.<\/span><\/td>\n<\/tr>\n<\/tbody>\n<\/table>\n<p><\/p>","protected":false},"excerpt":{"rendered":"<p>Desculpe, este conte\u00fado s\u00f3 est\u00e1 dispon\u00edvel em English. Por uma quest\u00e3o de conveni\u00eancia para o utilizador, o conte\u00fado \u00e9 mostrado abaixo no idioma alternativo. Pode clicar na liga\u00e7\u00e3o para alterar o idioma activo. Buy Now! \u00a0The Restaurant business is one of the most competitive businesses all over the world and meeting customers demands is vital [&hellip;]<\/p>\n","protected":false},"author":1,"featured_media":0,"parent":1258,"menu_order":14,"comment_status":"closed","ping_status":"closed","template":"","meta":{"footnotes":""},"class_list":["post-1307","page","type-page","status-publish","czr-hentry"],"_links":{"self":[{"href":"https:\/\/sintelsystemspos.com\/pt\/wp-json\/wp\/v2\/pages\/1307","targetHints":{"allow":["GET"]}}],"collection":[{"href":"https:\/\/sintelsystemspos.com\/pt\/wp-json\/wp\/v2\/pages"}],"about":[{"href":"https:\/\/sintelsystemspos.com\/pt\/wp-json\/wp\/v2\/types\/page"}],"author":[{"embeddable":true,"href":"https:\/\/sintelsystemspos.com\/pt\/wp-json\/wp\/v2\/users\/1"}],"replies":[{"embeddable":true,"href":"https:\/\/sintelsystemspos.com\/pt\/wp-json\/wp\/v2\/comments?post=1307"}],"version-history":[{"count":5,"href":"https:\/\/sintelsystemspos.com\/pt\/wp-json\/wp\/v2\/pages\/1307\/revisions"}],"predecessor-version":[{"id":1588,"href":"https:\/\/sintelsystemspos.com\/pt\/wp-json\/wp\/v2\/pages\/1307\/revisions\/1588"}],"up":[{"embeddable":true,"href":"https:\/\/sintelsystemspos.com\/pt\/wp-json\/wp\/v2\/pages\/1258"}],"wp:attachment":[{"href":"https:\/\/sintelsystemspos.com\/pt\/wp-json\/wp\/v2\/media?parent=1307"}],"curies":[{"name":"wp","href":"https:\/\/api.w.org\/{rel}","templated":true}]}}