{"id":1317,"date":"2015-10-09T11:21:31","date_gmt":"2015-10-09T18:21:31","guid":{"rendered":"http:\/\/sintelsystemspos.com\/?page_id=1317"},"modified":"2015-12-10T16:28:43","modified_gmt":"2015-12-11T00:28:43","slug":"arts-and-crafts-store-pos","status":"publish","type":"page","link":"https:\/\/sintelsystemspos.com\/pt\/point-of-sale\/retail-pos\/arts-and-crafts-store-pos\/","title":{"rendered":"Arts and Crafts Store POS"},"content":{"rendered":"<p class=\"qtranxs-available-languages-message qtranxs-available-languages-message-pt\">Desculpe, este conte\u00fado s\u00f3 est\u00e1 dispon\u00edvel em <a href=\"https:\/\/sintelsystemspos.com\/en\/wp-json\/wp\/v2\/pages\/1317\" class=\"qtranxs-available-language-link qtranxs-available-language-link-en\" title=\"English\">English<\/a>. Por uma quest\u00e3o de conveni\u00eancia para o utilizador, o conte\u00fado \u00e9 mostrado abaixo no idioma alternativo. Pode clicar na liga\u00e7\u00e3o para alterar o idioma activo.<\/p><p><img fetchpriority=\"high\" decoding=\"async\" class=\"aligncenter size-full wp-image-1483\" src=\"https:\/\/sintelsystemspos.com\/wp-content\/uploads\/2015\/10\/arts_crafts_pos_category_pic_3.jpg\" alt=\"arts_crafts_pos_category_pic_3\" width=\"830\" height=\"240\" srcset=\"https:\/\/sintelsystemspos.com\/wp-content\/uploads\/2015\/10\/arts_crafts_pos_category_pic_3.jpg 830w, https:\/\/sintelsystemspos.com\/wp-content\/uploads\/2015\/10\/arts_crafts_pos_category_pic_3-600x173.jpg 600w, https:\/\/sintelsystemspos.com\/wp-content\/uploads\/2015\/10\/arts_crafts_pos_category_pic_3-300x87.jpg 300w\" sizes=\"(max-width: 830px) 100vw, 830px\" \/><\/p>\n<p style=\"text-align: center;\"><span style=\"font-size: 18pt; background-color: #33cccc; color: #ffffff;\"><a style=\"background-color: #33cccc; color: #ffffff;\" href=\"https:\/\/www.sintelsystems.com\/point-of-sale\/retail\/arts-crafts\/shopby\/5_series\">Buy Now!<\/a><\/span><\/p>\n<p>&nbsp;<\/p>\n<p>The Arts and Crafts hobby is extremely popular amongst people of all ages.\u00a0 To make arts and crafts, the person has to have a combination of skills.\u00a0 Most crafters specialize and perfect the art.\u00a0 Decorative arts can be made on textile, like tapestry, crocheting, or banner making; on paper, like origami, scrapbooks, or card making; on wood, like carpentry or wood burning; on ceramic, like pottery or sculptures; and on metal, like jewelry.<\/p>\n<p>If your store provides customers with the many different types of Arts and Crafts, Sintel Systems has the best business solutions for you.<\/p>\n<p>Point of Sale for Arts and Crafts Retail Store is complete with everything you need to get going. To customize your order, click on the package that best suits your business needs. For a comparison of systems, <a href=\"https:\/\/www.sintelsystems.com\/pos-packages-comparison\" target=\"_blank\">click here<\/a>.<\/p>","protected":false},"excerpt":{"rendered":"<p>Desculpe, este conte\u00fado s\u00f3 est\u00e1 dispon\u00edvel em English. Por uma quest\u00e3o de conveni\u00eancia para o utilizador, o conte\u00fado \u00e9 mostrado abaixo no idioma alternativo. Pode clicar na liga\u00e7\u00e3o para alterar o idioma activo. Buy Now! &nbsp; The Arts and Crafts hobby is extremely popular amongst people of all ages.\u00a0 To make arts and crafts, the [&hellip;]<\/p>\n","protected":false},"author":1,"featured_media":0,"parent":1261,"menu_order":3,"comment_status":"closed","ping_status":"closed","template":"","meta":{"footnotes":""},"class_list":["post-1317","page","type-page","status-publish","czr-hentry"],"_links":{"self":[{"href":"https:\/\/sintelsystemspos.com\/pt\/wp-json\/wp\/v2\/pages\/1317","targetHints":{"allow":["GET"]}}],"collection":[{"href":"https:\/\/sintelsystemspos.com\/pt\/wp-json\/wp\/v2\/pages"}],"about":[{"href":"https:\/\/sintelsystemspos.com\/pt\/wp-json\/wp\/v2\/types\/page"}],"author":[{"embeddable":true,"href":"https:\/\/sintelsystemspos.com\/pt\/wp-json\/wp\/v2\/users\/1"}],"replies":[{"embeddable":true,"href":"https:\/\/sintelsystemspos.com\/pt\/wp-json\/wp\/v2\/comments?post=1317"}],"version-history":[{"count":6,"href":"https:\/\/sintelsystemspos.com\/pt\/wp-json\/wp\/v2\/pages\/1317\/revisions"}],"predecessor-version":[{"id":2850,"href":"https:\/\/sintelsystemspos.com\/pt\/wp-json\/wp\/v2\/pages\/1317\/revisions\/2850"}],"up":[{"embeddable":true,"href":"https:\/\/sintelsystemspos.com\/pt\/wp-json\/wp\/v2\/pages\/1261"}],"wp:attachment":[{"href":"https:\/\/sintelsystemspos.com\/pt\/wp-json\/wp\/v2\/media?parent=1317"}],"curies":[{"name":"wp","href":"https:\/\/api.w.org\/{rel}","templated":true}]}}