{"id":1319,"date":"2015-10-09T11:22:19","date_gmt":"2015-10-09T18:22:19","guid":{"rendered":"http:\/\/sintelsystemspos.com\/?page_id=1319"},"modified":"2015-12-11T12:32:55","modified_gmt":"2015-12-11T20:32:55","slug":"bicycle-store-pos","status":"publish","type":"page","link":"https:\/\/sintelsystemspos.com\/pt\/point-of-sale\/retail-pos\/bicycle-store-pos\/","title":{"rendered":"Bicycle Store POS"},"content":{"rendered":"<p class=\"qtranxs-available-languages-message qtranxs-available-languages-message-pt\">Desculpe, este conte\u00fado s\u00f3 est\u00e1 dispon\u00edvel em <a href=\"https:\/\/sintelsystemspos.com\/en\/wp-json\/wp\/v2\/pages\/1319\" class=\"qtranxs-available-language-link qtranxs-available-language-link-en\" title=\"English\">English<\/a>. Por uma quest\u00e3o de conveni\u00eancia para o utilizador, o conte\u00fado \u00e9 mostrado abaixo no idioma alternativo. Pode clicar na liga\u00e7\u00e3o para alterar o idioma activo.<\/p><p><img fetchpriority=\"high\" decoding=\"async\" class=\"aligncenter size-full wp-image-1486\" src=\"https:\/\/sintelsystemspos.com\/wp-content\/uploads\/2015\/10\/bicycle-store-header-880x270.jpg\" alt=\"bicycle-store-header-880x270\" width=\"760\" height=\"233\" srcset=\"https:\/\/sintelsystemspos.com\/wp-content\/uploads\/2015\/10\/bicycle-store-header-880x270.jpg 760w, https:\/\/sintelsystemspos.com\/wp-content\/uploads\/2015\/10\/bicycle-store-header-880x270-600x184.jpg 600w, https:\/\/sintelsystemspos.com\/wp-content\/uploads\/2015\/10\/bicycle-store-header-880x270-300x92.jpg 300w\" sizes=\"(max-width: 760px) 100vw, 760px\" \/><\/p>\n<p style=\"text-align: center;\"><span style=\"font-size: 18pt; background-color: #33cccc; color: #ffffff;\"><a style=\"background-color: #33cccc; color: #ffffff;\" href=\"https:\/\/www.sintelsystems.com\/point-of-sale\/retail\/bicycle\/shopby\/5_series\">Buy Now!<\/a><\/span><\/p>\n<p>&nbsp;<\/p>\n<p>The bicycle was introduced in the 19<sup>th<\/sup> century.\u00a0 This ingenious invention modernized society and led to the improvement of industrial methods.\u00a0 Across the world, the principal use of the bicycle is transportation.\u00a0 Some use it for work purposes like couriering and general delivery.\u00a0 The use of the bicycle has become more and more popular because it is used for recreation purposes like mountain biking, BMX, physical training, track racing, and time trail.\u00a0 Imagine yourself touring across Europe in the Tour de France, Giro d\u2019Italia, or the Vuelta a Espa\u00f1a in your bicycle.<\/p>\n<p>If your store provides customers with the many different types of bicycles ranging from hybrids, cruisers, mountain, tandems, lowriders, utility, even unicycles and tricycles, Sintel Systems has the best business solutions for you.<\/p>\n<p>Point of Sale for Bicycle Retail Store is complete with everything you need to get going. To customize your order click on the package that best suits your business needs. For a comparison of systems, <a href=\"https:\/\/www.sintelsystems.com\/pos-packages-comparison\" target=\"_blank\">click here<\/a>.<\/p>","protected":false},"excerpt":{"rendered":"<p>Desculpe, este conte\u00fado s\u00f3 est\u00e1 dispon\u00edvel em English. Por uma quest\u00e3o de conveni\u00eancia para o utilizador, o conte\u00fado \u00e9 mostrado abaixo no idioma alternativo. Pode clicar na liga\u00e7\u00e3o para alterar o idioma activo. Buy Now! &nbsp; The bicycle was introduced in the 19th century.\u00a0 This ingenious invention modernized society and led to the improvement of [&hellip;]<\/p>\n","protected":false},"author":1,"featured_media":0,"parent":1261,"menu_order":4,"comment_status":"closed","ping_status":"closed","template":"","meta":{"footnotes":""},"class_list":["post-1319","page","type-page","status-publish","czr-hentry"],"_links":{"self":[{"href":"https:\/\/sintelsystemspos.com\/pt\/wp-json\/wp\/v2\/pages\/1319","targetHints":{"allow":["GET"]}}],"collection":[{"href":"https:\/\/sintelsystemspos.com\/pt\/wp-json\/wp\/v2\/pages"}],"about":[{"href":"https:\/\/sintelsystemspos.com\/pt\/wp-json\/wp\/v2\/types\/page"}],"author":[{"embeddable":true,"href":"https:\/\/sintelsystemspos.com\/pt\/wp-json\/wp\/v2\/users\/1"}],"replies":[{"embeddable":true,"href":"https:\/\/sintelsystemspos.com\/pt\/wp-json\/wp\/v2\/comments?post=1319"}],"version-history":[{"count":5,"href":"https:\/\/sintelsystemspos.com\/pt\/wp-json\/wp\/v2\/pages\/1319\/revisions"}],"predecessor-version":[{"id":2856,"href":"https:\/\/sintelsystemspos.com\/pt\/wp-json\/wp\/v2\/pages\/1319\/revisions\/2856"}],"up":[{"embeddable":true,"href":"https:\/\/sintelsystemspos.com\/pt\/wp-json\/wp\/v2\/pages\/1261"}],"wp:attachment":[{"href":"https:\/\/sintelsystemspos.com\/pt\/wp-json\/wp\/v2\/media?parent=1319"}],"curies":[{"name":"wp","href":"https:\/\/api.w.org\/{rel}","templated":true}]}}