{"id":1330,"date":"2015-10-09T11:34:06","date_gmt":"2015-10-09T18:34:06","guid":{"rendered":"http:\/\/sintelsystemspos.com\/?page_id=1330"},"modified":"2015-12-11T12:44:55","modified_gmt":"2015-12-11T20:44:55","slug":"clothing-store-pos","status":"publish","type":"page","link":"https:\/\/sintelsystemspos.com\/pt\/point-of-sale\/retail-pos\/clothing-store-pos\/","title":{"rendered":"Clothing Store POS"},"content":{"rendered":"<p class=\"qtranxs-available-languages-message qtranxs-available-languages-message-pt\">Desculpe, este conte\u00fado s\u00f3 est\u00e1 dispon\u00edvel em <a href=\"https:\/\/sintelsystemspos.com\/en\/wp-json\/wp\/v2\/pages\/1330\" class=\"qtranxs-available-language-link qtranxs-available-language-link-en\" title=\"English\">English<\/a>. Por uma quest\u00e3o de conveni\u00eancia para o utilizador, o conte\u00fado \u00e9 mostrado abaixo no idioma alternativo. Pode clicar na liga\u00e7\u00e3o para alterar o idioma activo.<\/p><p><img fetchpriority=\"high\" decoding=\"async\" class=\"aligncenter size-full wp-image-1498\" src=\"https:\/\/sintelsystemspos.com\/wp-content\/uploads\/2015\/10\/clothing_store-880x270.jpg\" alt=\"clothing_store-880x270\" width=\"760\" height=\"233\" srcset=\"https:\/\/sintelsystemspos.com\/wp-content\/uploads\/2015\/10\/clothing_store-880x270.jpg 760w, https:\/\/sintelsystemspos.com\/wp-content\/uploads\/2015\/10\/clothing_store-880x270-600x184.jpg 600w, https:\/\/sintelsystemspos.com\/wp-content\/uploads\/2015\/10\/clothing_store-880x270-300x92.jpg 300w\" sizes=\"(max-width: 760px) 100vw, 760px\" \/><\/p>\n<p style=\"text-align: center;\"><span style=\"background-color: #33cccc; color: #ffffff; font-size: 18pt;\"><a style=\"background-color: #33cccc; color: #ffffff;\" href=\"https:\/\/www.sintelsystems.com\/point-of-sale\/retail\/clothing\/shopby\/5_series\">Buy Now!<\/a><\/span><\/p>\n<p>&nbsp;<\/p>\n<p>The Fashion world is ever changing.\u00a0 Influenced by new trends and technological advances it has become a worldwide phenomenon.\u00a0 The clothing is usually designed in Milan, Paris, New York, or London and then manufactured and sold everywhere else. The garments people wear are a reflection of personal style and taste.\u00a0 Some stores focus in selling garments to fit the style of each person; whether it is urban, casual, couture, sports, or business.\u00a0 Others specialize in formal wear or evening wear.\u00a0 Stores can be specific to men, women, or children and often sell other items like accessories and shoes.<\/p>\n<p>If your store provides customers with different types of garments, Sintel Systems has the best business solutions for you.<\/p>\n<p>Point of Sale for Clothing Store is complete with everything you need to get going. To customize your order, click on the package that best suits your business needs. For a comparison of systems, <a href=\"https:\/\/www.sintelsystems.com\/pos-packages-comparison\" target=\"_blank\">click here<\/a>.<\/p>","protected":false},"excerpt":{"rendered":"<p>Desculpe, este conte\u00fado s\u00f3 est\u00e1 dispon\u00edvel em English. Por uma quest\u00e3o de conveni\u00eancia para o utilizador, o conte\u00fado \u00e9 mostrado abaixo no idioma alternativo. Pode clicar na liga\u00e7\u00e3o para alterar o idioma activo. Buy Now! &nbsp; The Fashion world is ever changing.\u00a0 Influenced by new trends and technological advances it has become a worldwide phenomenon.\u00a0 [&hellip;]<\/p>\n","protected":false},"author":1,"featured_media":0,"parent":1261,"menu_order":9,"comment_status":"closed","ping_status":"closed","template":"","meta":{"footnotes":""},"class_list":["post-1330","page","type-page","status-publish","czr-hentry"],"_links":{"self":[{"href":"https:\/\/sintelsystemspos.com\/pt\/wp-json\/wp\/v2\/pages\/1330","targetHints":{"allow":["GET"]}}],"collection":[{"href":"https:\/\/sintelsystemspos.com\/pt\/wp-json\/wp\/v2\/pages"}],"about":[{"href":"https:\/\/sintelsystemspos.com\/pt\/wp-json\/wp\/v2\/types\/page"}],"author":[{"embeddable":true,"href":"https:\/\/sintelsystemspos.com\/pt\/wp-json\/wp\/v2\/users\/1"}],"replies":[{"embeddable":true,"href":"https:\/\/sintelsystemspos.com\/pt\/wp-json\/wp\/v2\/comments?post=1330"}],"version-history":[{"count":5,"href":"https:\/\/sintelsystemspos.com\/pt\/wp-json\/wp\/v2\/pages\/1330\/revisions"}],"predecessor-version":[{"id":2860,"href":"https:\/\/sintelsystemspos.com\/pt\/wp-json\/wp\/v2\/pages\/1330\/revisions\/2860"}],"up":[{"embeddable":true,"href":"https:\/\/sintelsystemspos.com\/pt\/wp-json\/wp\/v2\/pages\/1261"}],"wp:attachment":[{"href":"https:\/\/sintelsystemspos.com\/pt\/wp-json\/wp\/v2\/media?parent=1330"}],"curies":[{"name":"wp","href":"https:\/\/api.w.org\/{rel}","templated":true}]}}