{"id":2568,"date":"2015-12-03T14:19:30","date_gmt":"2015-12-03T22:19:30","guid":{"rendered":"http:\/\/sintelsystemspos.com\/?page_id=2568"},"modified":"2015-12-03T14:19:30","modified_gmt":"2015-12-03T22:19:30","slug":"produce-and-grocery-software-features","status":"publish","type":"page","link":"https:\/\/sintelsystemspos.com\/pt\/produce-and-grocery-software-features\/","title":{"rendered":"Produce and Grocery Software Features"},"content":{"rendered":"<p class=\"qtranxs-available-languages-message qtranxs-available-languages-message-pt\">Desculpe, este conte\u00fado s\u00f3 est\u00e1 dispon\u00edvel em <a href=\"https:\/\/sintelsystemspos.com\/en\/wp-json\/wp\/v2\/pages\/2568\" class=\"qtranxs-available-language-link qtranxs-available-language-link-en\" title=\"English\">English<\/a>. Por uma quest\u00e3o de conveni\u00eancia para o utilizador, o conte\u00fado \u00e9 mostrado abaixo no idioma alternativo. Pode clicar na liga\u00e7\u00e3o para alterar o idioma activo.<\/p><p><\/p>\n<table>\n<tbody>\n<tr>\n<td><strong>Produce and Grocery POS Software<\/strong><\/p>\n<p>Multiple Stations<\/p>\n<p>Integrated Weight Scale<\/p>\n<p>Display Weight on Screen<\/p>\n<p>Item Scan<\/p>\n<p>Price by dollar or weight<\/p>\n<p>Management of Box Items (Separate into smaller units)<\/p>\n<p>Multi-Store\/Multi-Location Expansion<\/p>\n<p>Picture Viewer<\/p>\n<p>Payment Processing Integration<\/p>\n<p>NTEP Certified<\/p>\n<p>Complete HQ Functionality<\/p>\n<p>Auto\/Manual Database Backup and restore<\/p>\n<p>&nbsp;<\/p>\n<p><strong>Customers<\/strong><\/p>\n<p>Customer Information<\/p>\n<p>Gift Certificates<\/p>\n<p>Credit Limit<\/p>\n<p>Transaction History<\/p>\n<p>Real Time Customer Management<\/p>\n<p>Item Refund or Return Option<\/p>\n<p>&nbsp;<\/p>\n<p><strong>PLU Keyboard<\/strong><\/p>\n<p>Programmable PLU keyboard supported<\/p>\n<p>Create Shortcut Buttons on PLU<\/p>\n<p>Save Multi-type PLU Settings<\/p>\n<p>&nbsp;<\/p>\n<p><strong>Inventory<\/strong><\/p>\n<p>Group Items by Set Criteria<\/p>\n<p>Item Sizing<\/p>\n<p>Photo Image Storage<\/p>\n<p>Real-time Inventory Tracking<\/p>\n<p>&nbsp;<\/p>\n<p><strong>Detailed Item Lookup<\/strong><\/p>\n<p>By UPC\/SKU<\/p>\n<p>By Description<\/p>\n<p>By Manufacturer\/Department\/Category<\/p>\n<p>&nbsp;<\/p>\n<p><strong>Employees\/Security<\/strong><\/p>\n<p>Password Protection<\/p>\n<p>Multiple Security Levels<\/p>\n<p>Clock In\/Clock Out<\/p>\n<p>Back Office Software<\/p>\n<p>&nbsp;<\/p>\n<p><strong>Reporting<\/strong><\/p>\n<p>Product Sales<\/p>\n<p>Sales Report by Sales Hour<\/p>\n<p>Physical Inventory<\/p>\n<p>Reprint Receipts<\/p>\n<p>&nbsp;<\/p>\n<p><strong>Report Customization<\/strong><\/p>\n<p>By Range of Dates<\/p>\n<p>Export to File<\/p>\n<p>Output to Printer, File, Screen<\/p>\n<p>&nbsp;<\/p>\n<p><strong>Labels<\/strong><\/p>\n<p>Barcode Label Printing<\/p>\n<p>Price\/Shelf Tags<\/p>\n<p>Label Customization<\/p>\n<p>&nbsp;<\/p>\n<p><strong>Set Pricing<\/strong><br \/>\nFor Entire Inventory<\/p>\n<p>For Selected Group<\/p>\n<p>Set Coupon and Email Promotions<\/p>\n<p>&nbsp;<\/p>\n<p><strong>Update<\/strong><\/p>\n<p>Item Number<\/p>\n<p>Department<\/p>\n<p>Category<\/p>\n<p>Easy Purchase Orders<\/p>\n<p>Set Inventory Items Inactive<\/td>\n<td><img fetchpriority=\"high\" decoding=\"async\" class=\"alignnone size-full wp-image-844\" src=\"https:\/\/sintelsystemspos.com\/wp-content\/uploads\/2015\/05\/produce_and_grocery.png\" alt=\"Produce-Grocery-Supermarket-POS-Point-of-Sale-Sintel-Systems-855-POS-SALE-www.SintelSystemsPOS.com\" width=\"600\" height=\"666\" srcset=\"https:\/\/sintelsystemspos.com\/wp-content\/uploads\/2015\/05\/produce_and_grocery.png 768w, https:\/\/sintelsystemspos.com\/wp-content\/uploads\/2015\/05\/produce_and_grocery-600x666.png 600w, https:\/\/sintelsystemspos.com\/wp-content\/uploads\/2015\/05\/produce_and_grocery-270x300.png 270w\" sizes=\"(max-width: 600px) 100vw, 600px\" \/><\/td>\n<\/tr>\n<\/tbody>\n<\/table>\n<p>&nbsp;<\/p>","protected":false},"excerpt":{"rendered":"<p>Desculpe, este conte\u00fado s\u00f3 est\u00e1 dispon\u00edvel em English. Por uma quest\u00e3o de conveni\u00eancia para o utilizador, o conte\u00fado \u00e9 mostrado abaixo no idioma alternativo. Pode clicar na liga\u00e7\u00e3o para alterar o idioma activo. Produce and Grocery POS Software Multiple Stations Integrated Weight Scale Display Weight on Screen Item Scan Price by dollar or weight Management [&hellip;]<\/p>\n","protected":false},"author":1,"featured_media":0,"parent":0,"menu_order":0,"comment_status":"closed","ping_status":"closed","template":"","meta":{"footnotes":""},"class_list":["post-2568","page","type-page","status-publish","czr-hentry"],"_links":{"self":[{"href":"https:\/\/sintelsystemspos.com\/pt\/wp-json\/wp\/v2\/pages\/2568","targetHints":{"allow":["GET"]}}],"collection":[{"href":"https:\/\/sintelsystemspos.com\/pt\/wp-json\/wp\/v2\/pages"}],"about":[{"href":"https:\/\/sintelsystemspos.com\/pt\/wp-json\/wp\/v2\/types\/page"}],"author":[{"embeddable":true,"href":"https:\/\/sintelsystemspos.com\/pt\/wp-json\/wp\/v2\/users\/1"}],"replies":[{"embeddable":true,"href":"https:\/\/sintelsystemspos.com\/pt\/wp-json\/wp\/v2\/comments?post=2568"}],"version-history":[{"count":1,"href":"https:\/\/sintelsystemspos.com\/pt\/wp-json\/wp\/v2\/pages\/2568\/revisions"}],"predecessor-version":[{"id":2570,"href":"https:\/\/sintelsystemspos.com\/pt\/wp-json\/wp\/v2\/pages\/2568\/revisions\/2570"}],"wp:attachment":[{"href":"https:\/\/sintelsystemspos.com\/pt\/wp-json\/wp\/v2\/media?parent=2568"}],"curies":[{"name":"wp","href":"https:\/\/api.w.org\/{rel}","templated":true}]}}